{"id":14574,"date":"2023-03-29T19:18:53","date_gmt":"2023-03-29T17:18:53","guid":{"rendered":"https:\/\/butikhome.pl\/index.php\/produkt\/podkolanowki-body-care-massage-40\/"},"modified":"2023-05-25T11:19:17","modified_gmt":"2023-05-25T09:19:17","slug":"podkolanowki-body-care-massage-40","status":"publish","type":"product","link":"https:\/\/butikhome.pl\/index.php\/produkt\/podkolanowki-body-care-massage-40\/","title":{"rendered":"Podkolan\u00f3wki Body Care Massage 40"},"content":{"rendered":"<p>Nowo\u015b\u0107! Podkolan\u00f3wki tkane w innowacyjny spos\u00f3b (technologia Silver Fresh), ze zwi\u0119kszon\u0105 ochron\u0105 przed rozwojem bakterii oraz nieprzyjemnych zapach\u00f3w. Wszystko po to, aby\u015b czu\u0142a si\u0119 \u015bwie\u017co przez ca\u0142y d\u0142ugi dzie\u0144. Idealne rozwi\u0105zanie, je\u015bli \u017cyjesz w ci\u0105g\u0142ym ruchu. Tu dodatkowo z efektem masa\u017cu st\u00f3p. \u015aci\u0105gacz bezuciskowy. Warto je mie\u0107. Grubo\u015b\u0107 40DEN. Sk\u0142ad: 80% poliamid, 20% elastan.<\/p>\n<p>&nbsp;<\/p>\n","protected":false},"excerpt":{"rendered":"<p>Nowo\u015b\u0107! Podkolan\u00f3wki tkane w innowacyjny spos\u00f3b (technologia Silver Fresh), ze zwi\u0119kszon\u0105 ochron\u0105 przed rozwojem bakterii oraz nieprzyjemnych zapach\u00f3w. Wszystko po to, aby\u015b czu\u0142a si\u0119 \u015bwie\u017co przez ca\u0142y d\u0142ugi dzie\u0144. Idealne rozwi\u0105zanie, je\u015bli \u017cyjesz w ci\u0105g\u0142ym ruchu. Tu dodatkowo z efektem masa\u017cu st\u00f3p. \u015aci\u0105gacz bezuciskowy. Warto je mie\u0107. Grubo\u015b\u0107 40DEN. Sk\u0142ad: 80% poliamid, 20% elastan. &nbsp;<\/p>\n","protected":false},"featured_media":15283,"comment_status":"open","ping_status":"closed","template":"","meta":[],"product_brand":[],"product_cat":[1259,24,30],"product_tag":[1270,1273,51,1065,694,1272,1034,1269,1271,1067],"class_list":{"0":"post-14574","1":"product","2":"type-product","3":"status-publish","4":"has-post-thumbnail","6":"product_cat-podkolanowki","7":"product_cat-produkty","8":"product_cat-uncategorized","9":"product_tag-black-grafitowy-tan-opalony","10":"product_tag-fiore-podkolanowki-body-care-massage-40-den","11":"product_tag-gladkie","12":"product_tag-grubosc-40den","13":"product_tag-podkolanowki","14":"product_tag-sciagacz-bezuciskowy","15":"product_tag-technologia-silver-fresh","16":"product_tag-z-efektem-masazu","17":"product_tag-z-efektem-masazu-stop","18":"product_tag-ze-zwiekszona-ochrona-przed-rozwojem-bakterii-oraz-nieprzyjemnych-zapachow","20":"first","21":"instock","22":"taxable","23":"shipping-taxable","24":"purchasable","25":"product-type-simple"},"_links":{"self":[{"href":"https:\/\/butikhome.pl\/index.php\/wp-json\/wp\/v2\/product\/14574","targetHints":{"allow":["GET"]}}],"collection":[{"href":"https:\/\/butikhome.pl\/index.php\/wp-json\/wp\/v2\/product"}],"about":[{"href":"https:\/\/butikhome.pl\/index.php\/wp-json\/wp\/v2\/types\/product"}],"replies":[{"embeddable":true,"href":"https:\/\/butikhome.pl\/index.php\/wp-json\/wp\/v2\/comments?post=14574"}],"wp:featuredmedia":[{"embeddable":true,"href":"https:\/\/butikhome.pl\/index.php\/wp-json\/wp\/v2\/media\/15283"}],"wp:attachment":[{"href":"https:\/\/butikhome.pl\/index.php\/wp-json\/wp\/v2\/media?parent=14574"}],"wp:term":[{"taxonomy":"product_brand","embeddable":true,"href":"https:\/\/butikhome.pl\/index.php\/wp-json\/wp\/v2\/product_brand?post=14574"},{"taxonomy":"product_cat","embeddable":true,"href":"https:\/\/butikhome.pl\/index.php\/wp-json\/wp\/v2\/product_cat?post=14574"},{"taxonomy":"product_tag","embeddable":true,"href":"https:\/\/butikhome.pl\/index.php\/wp-json\/wp\/v2\/product_tag?post=14574"}],"curies":[{"name":"wp","href":"https:\/\/api.w.org\/{rel}","templated":true}]}}