{"id":14577,"date":"2023-03-29T19:18:59","date_gmt":"2023-03-29T17:18:59","guid":{"rendered":"https:\/\/butikhome.pl\/index.php\/produkt\/podkolanowki-massage-20\/"},"modified":"2023-05-25T11:17:55","modified_gmt":"2023-05-25T09:17:55","slug":"podkolanowki-massage-20","status":"publish","type":"product","link":"https:\/\/butikhome.pl\/index.php\/produkt\/podkolanowki-massage-20\/","title":{"rendered":"Podkolan\u00f3wki Massage 20"},"content":{"rendered":"<p>Rewelacyjne podkolan\u00f3wki marki Fiore z efektem masa\u017cu. Od spodu &#8211; specjalne strefy. Do tego technologia Silver Fresh (pozwala ograniczy\u0107 rozw\u00f3j nieprzyjemnych zapach\u00f3w, bakterii czy grzyb\u00f3w) i komfortowy, bezuciskowy \u015bci\u0105gacz. Sk\u0142ad: 80% poliamid, 20% elastan. Grubo\u015b\u0107 20 DEN.<\/p>\n<p>&nbsp;<\/p>\n<p>&nbsp;<\/p>\n","protected":false},"excerpt":{"rendered":"<p>Rewelacyjne podkolan\u00f3wki marki Fiore z efektem masa\u017cu. Od spodu &#8211; specjalne strefy. Do tego technologia Silver Fresh (pozwala ograniczy\u0107 rozw\u00f3j nieprzyjemnych zapach\u00f3w, bakterii czy grzyb\u00f3w) i komfortowy, bezuciskowy \u015bci\u0105gacz. Sk\u0142ad: 80% poliamid, 20% elastan. Grubo\u015b\u0107 20 DEN. &nbsp; &nbsp;<\/p>\n","protected":false},"featured_media":15281,"comment_status":"open","ping_status":"closed","template":"","meta":[],"product_brand":[],"product_cat":[1259,24,30],"product_tag":[977,1264,700,402,1265,1268,1267,1266],"class_list":{"0":"post-14577","1":"product","2":"type-product","3":"status-publish","4":"has-post-thumbnail","6":"product_cat-podkolanowki","7":"product_cat-produkty","8":"product_cat-uncategorized","9":"product_tag-bezuciskowy-sciagacz","10":"product_tag-fiore-podkolanowki-massage-20-den","11":"product_tag-grubosc-20-den","12":"product_tag-komfortowe","13":"product_tag-podkolanowki-z-efektem-masazu","14":"product_tag-pozwala-ograniczyc-rozwoj-nieprzyjemnych-zapachow-bakterii-czy-grzybow","15":"product_tag-silver-fresh","16":"product_tag-specjalne-sfery-od-spodu","18":"first","19":"instock","20":"taxable","21":"shipping-taxable","22":"purchasable","23":"product-type-simple"},"_links":{"self":[{"href":"https:\/\/butikhome.pl\/index.php\/wp-json\/wp\/v2\/product\/14577","targetHints":{"allow":["GET"]}}],"collection":[{"href":"https:\/\/butikhome.pl\/index.php\/wp-json\/wp\/v2\/product"}],"about":[{"href":"https:\/\/butikhome.pl\/index.php\/wp-json\/wp\/v2\/types\/product"}],"replies":[{"embeddable":true,"href":"https:\/\/butikhome.pl\/index.php\/wp-json\/wp\/v2\/comments?post=14577"}],"wp:featuredmedia":[{"embeddable":true,"href":"https:\/\/butikhome.pl\/index.php\/wp-json\/wp\/v2\/media\/15281"}],"wp:attachment":[{"href":"https:\/\/butikhome.pl\/index.php\/wp-json\/wp\/v2\/media?parent=14577"}],"wp:term":[{"taxonomy":"product_brand","embeddable":true,"href":"https:\/\/butikhome.pl\/index.php\/wp-json\/wp\/v2\/product_brand?post=14577"},{"taxonomy":"product_cat","embeddable":true,"href":"https:\/\/butikhome.pl\/index.php\/wp-json\/wp\/v2\/product_cat?post=14577"},{"taxonomy":"product_tag","embeddable":true,"href":"https:\/\/butikhome.pl\/index.php\/wp-json\/wp\/v2\/product_tag?post=14577"}],"curies":[{"name":"wp","href":"https:\/\/api.w.org\/{rel}","templated":true}]}}