{"id":14578,"date":"2023-03-29T19:18:59","date_gmt":"2023-03-29T17:18:59","guid":{"rendered":"https:\/\/butikhome.pl\/index.php\/produkt\/podkolanowki-playful-8-den-black\/"},"modified":"2023-05-25T11:18:28","modified_gmt":"2023-05-25T09:18:28","slug":"podkolanowki-playful-8-den-black","status":"publish","type":"product","link":"https:\/\/butikhome.pl\/index.php\/produkt\/podkolanowki-playful-8-den-black\/","title":{"rendered":"Podkolan\u00f3wki Playful 8 DEN Black"},"content":{"rendered":"<p>Pudrowe podkolan\u00f3wki w du\u017ce, s\u0142odkie, czarne grochy. Perfekcyjne w ka\u017cdym zestawieniu. Najnowsza kolekcja marki Fiore. Grubo\u015b\u0107 8 DEN. Sk\u0142ad: 61% poliamid, 35% prolen, 4% elastan.<\/p>\n<p>&nbsp;<\/p>\n","protected":false},"excerpt":{"rendered":"<p>Pudrowe podkolan\u00f3wki w du\u017ce, s\u0142odkie, czarne grochy. Perfekcyjne w ka\u017cdym zestawieniu. Najnowsza kolekcja marki Fiore. Grubo\u015b\u0107 8 DEN. Sk\u0142ad: 61% poliamid, 35% prolen, 4% elastan. &nbsp;<\/p>\n","protected":false},"featured_media":15279,"comment_status":"open","ping_status":"closed","template":"","meta":[],"product_brand":[],"product_cat":[1259,24,30],"product_tag":[52,1261,1260,792,694,1074,970],"class_list":{"0":"post-14578","1":"product","2":"type-product","3":"status-publish","4":"has-post-thumbnail","6":"product_cat-podkolanowki","7":"product_cat-produkty","8":"product_cat-uncategorized","9":"product_tag-czarne","10":"product_tag-fiore-podkolanowki-playful-8-den-black","11":"product_tag-grochy","12":"product_tag-grubosc-8-den","13":"product_tag-podkolanowki","14":"product_tag-transparentne","15":"product_tag-uniwersalne","17":"first","18":"instock","19":"taxable","20":"shipping-taxable","21":"purchasable","22":"product-type-simple"},"_links":{"self":[{"href":"https:\/\/butikhome.pl\/index.php\/wp-json\/wp\/v2\/product\/14578","targetHints":{"allow":["GET"]}}],"collection":[{"href":"https:\/\/butikhome.pl\/index.php\/wp-json\/wp\/v2\/product"}],"about":[{"href":"https:\/\/butikhome.pl\/index.php\/wp-json\/wp\/v2\/types\/product"}],"replies":[{"embeddable":true,"href":"https:\/\/butikhome.pl\/index.php\/wp-json\/wp\/v2\/comments?post=14578"}],"wp:featuredmedia":[{"embeddable":true,"href":"https:\/\/butikhome.pl\/index.php\/wp-json\/wp\/v2\/media\/15279"}],"wp:attachment":[{"href":"https:\/\/butikhome.pl\/index.php\/wp-json\/wp\/v2\/media?parent=14578"}],"wp:term":[{"taxonomy":"product_brand","embeddable":true,"href":"https:\/\/butikhome.pl\/index.php\/wp-json\/wp\/v2\/product_brand?post=14578"},{"taxonomy":"product_cat","embeddable":true,"href":"https:\/\/butikhome.pl\/index.php\/wp-json\/wp\/v2\/product_cat?post=14578"},{"taxonomy":"product_tag","embeddable":true,"href":"https:\/\/butikhome.pl\/index.php\/wp-json\/wp\/v2\/product_tag?post=14578"}],"curies":[{"name":"wp","href":"https:\/\/api.w.org\/{rel}","templated":true}]}}