{"id":14579,"date":"2023-03-29T19:19:00","date_gmt":"2023-03-29T17:19:00","guid":{"rendered":"https:\/\/butikhome.pl\/index.php\/produkt\/podkolanowki-trisha-20-den\/"},"modified":"2023-05-25T11:16:37","modified_gmt":"2023-05-25T09:16:37","slug":"podkolanowki-trisha-20-den","status":"publish","type":"product","link":"https:\/\/butikhome.pl\/index.php\/produkt\/podkolanowki-trisha-20-den\/","title":{"rendered":"Podkolan\u00f3wki Trisha 20 DEN"},"content":{"rendered":"<p>Subtelne podkolan\u00f3wki marki Fiore, tym razem w urocze, male\u0144kie groszki. Najwy\u017csza jako\u015b\u0107. Sk\u0142ad: 88% poliamid, 12% elastan.<\/p>\n","protected":false},"excerpt":{"rendered":"<p>Subtelne podkolan\u00f3wki marki Fiore, tym razem w urocze, male\u0144kie groszki. Najwy\u017csza jako\u015b\u0107. Sk\u0142ad: 88% poliamid, 12% elastan.<\/p>\n","protected":false},"featured_media":15280,"comment_status":"open","ping_status":"closed","template":"","meta":[],"product_brand":[],"product_cat":[1259,24,30],"product_tag":[52,1262,51,700,840,1263,188,1074],"class_list":{"0":"post-14579","1":"product","2":"type-product","3":"status-publish","4":"has-post-thumbnail","6":"product_cat-podkolanowki","7":"product_cat-produkty","8":"product_cat-uncategorized","9":"product_tag-czarne","10":"product_tag-fiore-podkolanowki-irisha-20-den","11":"product_tag-gladkie","12":"product_tag-grubosc-20-den","13":"product_tag-kropeczki","14":"product_tag-podkolanowki-wzorzyste","15":"product_tag-subtelne","16":"product_tag-transparentne","18":"first","19":"instock","20":"taxable","21":"shipping-taxable","22":"purchasable","23":"product-type-simple"},"_links":{"self":[{"href":"https:\/\/butikhome.pl\/index.php\/wp-json\/wp\/v2\/product\/14579","targetHints":{"allow":["GET"]}}],"collection":[{"href":"https:\/\/butikhome.pl\/index.php\/wp-json\/wp\/v2\/product"}],"about":[{"href":"https:\/\/butikhome.pl\/index.php\/wp-json\/wp\/v2\/types\/product"}],"replies":[{"embeddable":true,"href":"https:\/\/butikhome.pl\/index.php\/wp-json\/wp\/v2\/comments?post=14579"}],"wp:featuredmedia":[{"embeddable":true,"href":"https:\/\/butikhome.pl\/index.php\/wp-json\/wp\/v2\/media\/15280"}],"wp:attachment":[{"href":"https:\/\/butikhome.pl\/index.php\/wp-json\/wp\/v2\/media?parent=14579"}],"wp:term":[{"taxonomy":"product_brand","embeddable":true,"href":"https:\/\/butikhome.pl\/index.php\/wp-json\/wp\/v2\/product_brand?post=14579"},{"taxonomy":"product_cat","embeddable":true,"href":"https:\/\/butikhome.pl\/index.php\/wp-json\/wp\/v2\/product_cat?post=14579"},{"taxonomy":"product_tag","embeddable":true,"href":"https:\/\/butikhome.pl\/index.php\/wp-json\/wp\/v2\/product_tag?post=14579"}],"curies":[{"name":"wp","href":"https:\/\/api.w.org\/{rel}","templated":true}]}}