{"id":14580,"date":"2023-03-29T19:19:00","date_gmt":"2023-03-29T17:19:00","guid":{"rendered":"https:\/\/butikhome.pl\/index.php\/produkt\/ponczochy-alice\/"},"modified":"2023-05-25T11:17:13","modified_gmt":"2023-05-25T09:17:13","slug":"ponczochy-alice","status":"publish","type":"product","link":"https:\/\/butikhome.pl\/index.php\/produkt\/ponczochy-alice\/","title":{"rendered":"Po\u0144czochy Alice"},"content":{"rendered":"<p>Czarne, zmys\u0142owe po\u0144czochy do paska zdobione czerwonymi serduszkami. Pi\u0119kna i niezwykle kobieca propozycja z nowej kolekcji Fiore, kt\u00f3ra z pewno\u015bci\u0105 podkr\u0119ci Twoj\u0105 stylizacj\u0119. Grubo\u015b\u0107 20 DEN. Sk\u0142ad: 20 DEN.<\/p>\n","protected":false},"excerpt":{"rendered":"<p>Czarne, zmys\u0142owe po\u0144czochy do paska zdobione czerwonymi serduszkami. Pi\u0119kna i niezwykle kobieca propozycja z nowej kolekcji Fiore, kt\u00f3ra z pewno\u015bci\u0105 podkr\u0119ci Twoj\u0105 stylizacj\u0119. Grubo\u015b\u0107 20 DEN. Sk\u0142ad: 20 DEN.<\/p>\n","protected":false},"featured_media":15277,"comment_status":"open","ping_status":"closed","template":"","meta":[],"product_brand":[],"product_cat":[24,628,41,40,39,42],"product_tag":[708,709,710,736,52,1257,1256,51,700,81,1124,1125,1074],"class_list":{"0":"post-14580","1":"product","2":"type-product","3":"status-publish","4":"has-post-thumbnail","6":"product_cat-produkty","7":"product_cat-rajstopy-podkategoria-do-bielizny","8":"product_cat-l","9":"product_cat-m","10":"product_cat-s","11":"product_cat-xl","12":"product_tag-2-s","13":"product_tag-3-m","14":"product_tag-4-l","15":"product_tag-5-xl","16":"product_tag-czarne","17":"product_tag-czerwone-serduszka","18":"product_tag-fiore-ponczochy-alice-20-den","19":"product_tag-gladkie","20":"product_tag-grubosc-20-den","21":"product_tag-kobiece","22":"product_tag-ponczochy-do-paska","23":"product_tag-ponczochy-wzorzyste","24":"product_tag-transparentne","26":"first","27":"instock","28":"taxable","29":"shipping-taxable","30":"purchasable","31":"product-type-simple"},"_links":{"self":[{"href":"https:\/\/butikhome.pl\/index.php\/wp-json\/wp\/v2\/product\/14580","targetHints":{"allow":["GET"]}}],"collection":[{"href":"https:\/\/butikhome.pl\/index.php\/wp-json\/wp\/v2\/product"}],"about":[{"href":"https:\/\/butikhome.pl\/index.php\/wp-json\/wp\/v2\/types\/product"}],"replies":[{"embeddable":true,"href":"https:\/\/butikhome.pl\/index.php\/wp-json\/wp\/v2\/comments?post=14580"}],"wp:featuredmedia":[{"embeddable":true,"href":"https:\/\/butikhome.pl\/index.php\/wp-json\/wp\/v2\/media\/15277"}],"wp:attachment":[{"href":"https:\/\/butikhome.pl\/index.php\/wp-json\/wp\/v2\/media?parent=14580"}],"wp:term":[{"taxonomy":"product_brand","embeddable":true,"href":"https:\/\/butikhome.pl\/index.php\/wp-json\/wp\/v2\/product_brand?post=14580"},{"taxonomy":"product_cat","embeddable":true,"href":"https:\/\/butikhome.pl\/index.php\/wp-json\/wp\/v2\/product_cat?post=14580"},{"taxonomy":"product_tag","embeddable":true,"href":"https:\/\/butikhome.pl\/index.php\/wp-json\/wp\/v2\/product_tag?post=14580"}],"curies":[{"name":"wp","href":"https:\/\/api.w.org\/{rel}","templated":true}]}}