{"id":14584,"date":"2023-03-29T19:19:13","date_gmt":"2023-03-29T17:19:13","guid":{"rendered":"https:\/\/butikhome.pl\/index.php\/produkt\/ponczochy-allure-20-den\/"},"modified":"2023-05-25T11:15:33","modified_gmt":"2023-05-25T09:15:33","slug":"ponczochy-allure-20-den","status":"publish","type":"product","link":"https:\/\/butikhome.pl\/index.php\/produkt\/ponczochy-allure-20-den\/","title":{"rendered":"Po\u0144czochy Allure 20 den"},"content":{"rendered":"<p>Zjawiskowe po\u0144czochy samono\u015bne z b\u0142yszcz\u0105cym pr\u0105\u017ckiem umieszczonym z ty\u0142u n\u00f3g. Uda wyko\u0144czone siateczk\u0105, mi\u0119kk\u0105, elastyczna prz\u0119dz\u0105. Propozycja dla ka\u017cdej mi\u0142o\u015bniczki wyj\u0105tkowego wygl\u0105du. Sk\u0142ad: 87% poliamid, 12% elastan, 1% prz\u0119dza metalizowana.<\/p>\n","protected":false},"excerpt":{"rendered":"<p>Zjawiskowe po\u0144czochy samono\u015bne z b\u0142yszcz\u0105cym pr\u0105\u017ckiem umieszczonym z ty\u0142u n\u00f3g. Uda wyko\u0144czone siateczk\u0105, mi\u0119kk\u0105, elastyczna prz\u0119dz\u0105. Propozycja dla ka\u017cdej mi\u0142o\u015bniczki wyj\u0105tkowego wygl\u0105du. Sk\u0142ad: 87% poliamid, 12% elastan, 1% prz\u0119dza metalizowana.<\/p>\n","protected":false},"featured_media":15274,"comment_status":"open","ping_status":"closed","template":"","meta":[],"product_brand":[],"product_cat":[24,628,41,40,39],"product_tag":[708,709,710,1253,51,1109,951,1112,1196,1141,1074,1255,1254,1212],"class_list":{"0":"post-14584","1":"product","2":"type-product","3":"status-publish","4":"has-post-thumbnail","6":"product_cat-produkty","7":"product_cat-rajstopy-podkategoria-do-bielizny","8":"product_cat-l","9":"product_cat-m","10":"product_cat-s","11":"product_tag-2-s","12":"product_tag-3-m","13":"product_tag-4-l","14":"product_tag-fiore-ponczochy-allure-20-den","15":"product_tag-gladkie","16":"product_tag-miekka-elastyczna-przedza","17":"product_tag-ponczochy-samonosne","18":"product_tag-przedza-metalizowana","19":"product_tag-sexi","20":"product_tag-styl-retro","21":"product_tag-transparentne","22":"product_tag-uda-wykonczone-siateczka","23":"product_tag-z-blyszczacym-prazkiem-z-tylu-nog","24":"product_tag-zwiekszona-jakosc-i-trwalosc","26":"first","27":"instock","28":"taxable","29":"shipping-taxable","30":"purchasable","31":"product-type-simple"},"_links":{"self":[{"href":"https:\/\/butikhome.pl\/index.php\/wp-json\/wp\/v2\/product\/14584","targetHints":{"allow":["GET"]}}],"collection":[{"href":"https:\/\/butikhome.pl\/index.php\/wp-json\/wp\/v2\/product"}],"about":[{"href":"https:\/\/butikhome.pl\/index.php\/wp-json\/wp\/v2\/types\/product"}],"replies":[{"embeddable":true,"href":"https:\/\/butikhome.pl\/index.php\/wp-json\/wp\/v2\/comments?post=14584"}],"wp:featuredmedia":[{"embeddable":true,"href":"https:\/\/butikhome.pl\/index.php\/wp-json\/wp\/v2\/media\/15274"}],"wp:attachment":[{"href":"https:\/\/butikhome.pl\/index.php\/wp-json\/wp\/v2\/media?parent=14584"}],"wp:term":[{"taxonomy":"product_brand","embeddable":true,"href":"https:\/\/butikhome.pl\/index.php\/wp-json\/wp\/v2\/product_brand?post=14584"},{"taxonomy":"product_cat","embeddable":true,"href":"https:\/\/butikhome.pl\/index.php\/wp-json\/wp\/v2\/product_cat?post=14584"},{"taxonomy":"product_tag","embeddable":true,"href":"https:\/\/butikhome.pl\/index.php\/wp-json\/wp\/v2\/product_tag?post=14584"}],"curies":[{"name":"wp","href":"https:\/\/api.w.org\/{rel}","templated":true}]}}