{"id":14587,"date":"2023-03-29T19:19:20","date_gmt":"2023-03-29T17:19:20","guid":{"rendered":"https:\/\/butikhome.pl\/index.php\/produkt\/ponczochy-antera-20-den\/"},"modified":"2023-05-25T11:14:45","modified_gmt":"2023-05-25T09:14:45","slug":"ponczochy-antera-20-den","status":"publish","type":"product","link":"https:\/\/butikhome.pl\/index.php\/produkt\/ponczochy-antera-20-den\/","title":{"rendered":"Po\u0144czochy Antera 20 Den"},"content":{"rendered":"<p>Matowe po\u0144czochy do paska z charakterystycznym wyko\u0144czeniem wysoko na udzie (wz\u00f3r kocich c\u0119tek). Wzmocniona struktura, marka Fiore. Grubo\u015b\u0107 20 DEN.<\/p>\n","protected":false},"excerpt":{"rendered":"<p>Matowe po\u0144czochy do paska z charakterystycznym wyko\u0144czeniem wysoko na udzie (wz\u00f3r kocich c\u0119tek). Wzmocniona struktura, marka Fiore. Grubo\u015b\u0107 20 DEN.<\/p>\n","protected":false},"featured_media":15272,"comment_status":"open","ping_status":"closed","template":"","meta":[],"product_brand":[],"product_cat":[24,628,40],"product_tag":[709,1247,51,700,1252,1249,1251,1248,1124,1074,1250],"class_list":{"0":"post-14587","1":"product","2":"type-product","3":"status-publish","4":"has-post-thumbnail","6":"product_cat-produkty","7":"product_cat-rajstopy-podkategoria-do-bielizny","8":"product_cat-m","9":"product_tag-3-m","10":"product_tag-fiore-ponczochy-antera-20-den","11":"product_tag-gladkie","12":"product_tag-grubosc-20-den","13":"product_tag-kobieca-charyzma-i-odwaga","14":"product_tag-kocie-cetki","15":"product_tag-kompromis-miedzy-subtelnoscia-i-zmyslowoscia","16":"product_tag-panterka","17":"product_tag-ponczochy-do-paska","18":"product_tag-transparentne","19":"product_tag-wzmocniona-struktura","21":"first","22":"instock","23":"taxable","24":"shipping-taxable","25":"purchasable","26":"product-type-simple"},"_links":{"self":[{"href":"https:\/\/butikhome.pl\/index.php\/wp-json\/wp\/v2\/product\/14587","targetHints":{"allow":["GET"]}}],"collection":[{"href":"https:\/\/butikhome.pl\/index.php\/wp-json\/wp\/v2\/product"}],"about":[{"href":"https:\/\/butikhome.pl\/index.php\/wp-json\/wp\/v2\/types\/product"}],"replies":[{"embeddable":true,"href":"https:\/\/butikhome.pl\/index.php\/wp-json\/wp\/v2\/comments?post=14587"}],"wp:featuredmedia":[{"embeddable":true,"href":"https:\/\/butikhome.pl\/index.php\/wp-json\/wp\/v2\/media\/15272"}],"wp:attachment":[{"href":"https:\/\/butikhome.pl\/index.php\/wp-json\/wp\/v2\/media?parent=14587"}],"wp:term":[{"taxonomy":"product_brand","embeddable":true,"href":"https:\/\/butikhome.pl\/index.php\/wp-json\/wp\/v2\/product_brand?post=14587"},{"taxonomy":"product_cat","embeddable":true,"href":"https:\/\/butikhome.pl\/index.php\/wp-json\/wp\/v2\/product_cat?post=14587"},{"taxonomy":"product_tag","embeddable":true,"href":"https:\/\/butikhome.pl\/index.php\/wp-json\/wp\/v2\/product_tag?post=14587"}],"curies":[{"name":"wp","href":"https:\/\/api.w.org\/{rel}","templated":true}]}}