{"id":14590,"date":"2023-03-29T19:19:28","date_gmt":"2023-03-29T17:19:28","guid":{"rendered":"https:\/\/butikhome.pl\/index.php\/produkt\/ponczochy-burlesque\/"},"modified":"2023-05-25T11:14:16","modified_gmt":"2023-05-25T09:14:16","slug":"ponczochy-burlesque","status":"publish","type":"product","link":"https:\/\/butikhome.pl\/index.php\/produkt\/ponczochy-burlesque\/","title":{"rendered":"Po\u0144czochy Burlesque"},"content":{"rendered":"<p>Po\u0144czochy do paska w wersji kusz\u0105cej kabaretki o \u015brednich oczkach. Kolor czarny. G\u00f3ra z delikatnym, g\u0142adkim wyko\u0144czeniem. Sk\u0142ad: 86% \u00a0poliamid, 14% elastan.<\/p>\n","protected":false},"excerpt":{"rendered":"<p>Po\u0144czochy do paska w wersji kusz\u0105cej kabaretki o \u015brednich oczkach. Kolor czarny. G\u00f3ra z delikatnym, g\u0142adkim wyko\u0144czeniem. Sk\u0142ad: 86% \u00a0poliamid, 14% elastan.<\/p>\n","protected":false},"featured_media":15271,"comment_status":"open","ping_status":"closed","template":"","meta":[],"product_brand":[],"product_cat":[24,628,40],"product_tag":[709,1245,52,1242,1244,966,569,1243,1124,1125,1246],"class_list":{"0":"post-14590","1":"product","2":"type-product","3":"status-publish","4":"has-post-thumbnail","6":"product_cat-produkty","7":"product_cat-rajstopy-podkategoria-do-bielizny","8":"product_cat-m","9":"product_tag-3-m","10":"product_tag-bardzo-seksowne","11":"product_tag-czarne","12":"product_tag-fiore-ponczochy-burlesque","13":"product_tag-gora-z-delikatnym-i-gladkim-wykonczeniem","14":"product_tag-kabaretki","15":"product_tag-kuszace","16":"product_tag-oczka-srednie","17":"product_tag-ponczochy-do-paska","18":"product_tag-ponczochy-wzorzyste","19":"product_tag-zaznaczona-gladka-czesc-palcowa","21":"first","22":"instock","23":"taxable","24":"shipping-taxable","25":"purchasable","26":"product-type-simple"},"_links":{"self":[{"href":"https:\/\/butikhome.pl\/index.php\/wp-json\/wp\/v2\/product\/14590","targetHints":{"allow":["GET"]}}],"collection":[{"href":"https:\/\/butikhome.pl\/index.php\/wp-json\/wp\/v2\/product"}],"about":[{"href":"https:\/\/butikhome.pl\/index.php\/wp-json\/wp\/v2\/types\/product"}],"replies":[{"embeddable":true,"href":"https:\/\/butikhome.pl\/index.php\/wp-json\/wp\/v2\/comments?post=14590"}],"wp:featuredmedia":[{"embeddable":true,"href":"https:\/\/butikhome.pl\/index.php\/wp-json\/wp\/v2\/media\/15271"}],"wp:attachment":[{"href":"https:\/\/butikhome.pl\/index.php\/wp-json\/wp\/v2\/media?parent=14590"}],"wp:term":[{"taxonomy":"product_brand","embeddable":true,"href":"https:\/\/butikhome.pl\/index.php\/wp-json\/wp\/v2\/product_brand?post=14590"},{"taxonomy":"product_cat","embeddable":true,"href":"https:\/\/butikhome.pl\/index.php\/wp-json\/wp\/v2\/product_cat?post=14590"},{"taxonomy":"product_tag","embeddable":true,"href":"https:\/\/butikhome.pl\/index.php\/wp-json\/wp\/v2\/product_tag?post=14590"}],"curies":[{"name":"wp","href":"https:\/\/api.w.org\/{rel}","templated":true}]}}