{"id":14592,"date":"2023-03-29T19:19:32","date_gmt":"2023-03-29T17:19:32","guid":{"rendered":"https:\/\/butikhome.pl\/index.php\/produkt\/ponczochy-catherine\/"},"modified":"2023-05-25T11:13:42","modified_gmt":"2023-05-25T09:13:42","slug":"ponczochy-catherine","status":"publish","type":"product","link":"https:\/\/butikhome.pl\/index.php\/produkt\/ponczochy-catherine\/","title":{"rendered":"Po\u0144czochy Catherine"},"content":{"rendered":"<p>Wysokiej jako\u015bci, niesamowicie zmys\u0142owe po\u0144czochy samono\u015bne, z nowej kolekcji Sensual, od Fiore. Propozycja w delikatne kropeczki, kt\u00f3re zdobi\u0105 nogi, z udem mu\u015bni\u0119tym wi\u015bniowym, kwiecistym wzorem. Idealna propozycja na szczeg\u00f3lne okazje. Grubo\u015b\u0107 20 DEN. Sk\u0142ad: 90% poliamid, 10% elastan.<\/p>\n","protected":false},"excerpt":{"rendered":"<p>Wysokiej jako\u015bci, niesamowicie zmys\u0142owe po\u0144czochy samono\u015bne, z nowej kolekcji Sensual, od Fiore. Propozycja w delikatne kropeczki, kt\u00f3re zdobi\u0105 nogi, z udem mu\u015bni\u0119tym wi\u015bniowym, kwiecistym wzorem. Idealna propozycja na szczeg\u00f3lne okazje. Grubo\u015b\u0107 20 DEN. Sk\u0142ad: 90% poliamid, 10% elastan.<\/p>\n","protected":false},"featured_media":15269,"comment_status":"open","ping_status":"closed","template":"","meta":[],"product_brand":[],"product_cat":[24,628,41,40,39],"product_tag":[708,709,710,729,1235,1236,1115,1234,1240,1237,1241,1238,951,1125,1074,1239],"class_list":{"0":"post-14592","1":"product","2":"type-product","3":"status-publish","4":"has-post-thumbnail","6":"product_cat-produkty","7":"product_cat-rajstopy-podkategoria-do-bielizny","8":"product_cat-l","9":"product_cat-m","10":"product_cat-s","11":"product_tag-2-s","12":"product_tag-3-m","13":"product_tag-4-l","14":"product_tag-bez-zaznaczonej-czesci-palcowej","15":"product_tag-czerwono-czarne","16":"product_tag-delikatne-kropeczki","17":"product_tag-efekt-silky-touch","18":"product_tag-fiore-ponczochy-catherine-20-den","19":"product_tag-komfort-dla-skory","20":"product_tag-kwiecisty-wzor","21":"product_tag-maksymalne-przyleganie-do-nogi","22":"product_tag-na-szczegolne-okazje","23":"product_tag-ponczochy-samonosne","24":"product_tag-ponczochy-wzorzyste","25":"product_tag-transparentne","26":"product_tag-zwiekszenie-trwalosci-i-sprezystosci","28":"first","29":"instock","30":"taxable","31":"shipping-taxable","32":"purchasable","33":"product-type-simple"},"_links":{"self":[{"href":"https:\/\/butikhome.pl\/index.php\/wp-json\/wp\/v2\/product\/14592","targetHints":{"allow":["GET"]}}],"collection":[{"href":"https:\/\/butikhome.pl\/index.php\/wp-json\/wp\/v2\/product"}],"about":[{"href":"https:\/\/butikhome.pl\/index.php\/wp-json\/wp\/v2\/types\/product"}],"replies":[{"embeddable":true,"href":"https:\/\/butikhome.pl\/index.php\/wp-json\/wp\/v2\/comments?post=14592"}],"wp:featuredmedia":[{"embeddable":true,"href":"https:\/\/butikhome.pl\/index.php\/wp-json\/wp\/v2\/media\/15269"}],"wp:attachment":[{"href":"https:\/\/butikhome.pl\/index.php\/wp-json\/wp\/v2\/media?parent=14592"}],"wp:term":[{"taxonomy":"product_brand","embeddable":true,"href":"https:\/\/butikhome.pl\/index.php\/wp-json\/wp\/v2\/product_brand?post=14592"},{"taxonomy":"product_cat","embeddable":true,"href":"https:\/\/butikhome.pl\/index.php\/wp-json\/wp\/v2\/product_cat?post=14592"},{"taxonomy":"product_tag","embeddable":true,"href":"https:\/\/butikhome.pl\/index.php\/wp-json\/wp\/v2\/product_tag?post=14592"}],"curies":[{"name":"wp","href":"https:\/\/api.w.org\/{rel}","templated":true}]}}