{"id":14595,"date":"2023-03-29T19:19:34","date_gmt":"2023-03-29T17:19:34","guid":{"rendered":"https:\/\/butikhome.pl\/index.php\/produkt\/ponczochy-do-paska-mirage-black\/"},"modified":"2023-05-25T10:30:18","modified_gmt":"2023-05-25T08:30:18","slug":"ponczochy-do-paska-mirage-black","status":"publish","type":"product","link":"https:\/\/butikhome.pl\/index.php\/produkt\/ponczochy-do-paska-mirage-black\/","title":{"rendered":"Po\u0144czochy do paska Mirage Black"},"content":{"rendered":"<p>G\u0142adkie po\u0144czochy przeznaczone do paska z delikatnym, zmys\u0142owym zdobieniem na udzie. Matowe, z niewidoczn\u0105 struktur\u0105 wzmocnienia cz\u0119\u015bci palcowej. Propozycja, kt\u00f3ra z pewno\u015bci\u0105 zmys\u0142owo uzupe\u0142ni Twoj\u0105 stylizacj\u0119. Grubo\u015b\u0107 20 DEN. Sk\u0142ad: 86% poliamid, 14% elastan.<\/p>\n<p>&nbsp;<\/p>\n","protected":false},"excerpt":{"rendered":"<p>G\u0142adkie po\u0144czochy przeznaczone do paska z delikatnym, zmys\u0142owym zdobieniem na udzie. Matowe, z niewidoczn\u0105 struktur\u0105 wzmocnienia cz\u0119\u015bci palcowej. Propozycja, kt\u00f3ra z pewno\u015bci\u0105 zmys\u0142owo uzupe\u0142ni Twoj\u0105 stylizacj\u0119. Grubo\u015b\u0107 20 DEN. Sk\u0142ad: 86% poliamid, 14% elastan. &nbsp;<\/p>\n","protected":false},"featured_media":15267,"comment_status":"open","ping_status":"closed","template":"","meta":[],"product_brand":[],"product_cat":[24,628,41,40],"product_tag":[709,710,1231,51,700,81,725,1233,1124,1074,1232],"class_list":{"0":"post-14595","1":"product","2":"type-product","3":"status-publish","4":"has-post-thumbnail","6":"product_cat-produkty","7":"product_cat-rajstopy-podkategoria-do-bielizny","8":"product_cat-l","9":"product_cat-m","10":"product_tag-3-m","11":"product_tag-4-l","12":"product_tag-fiore-ponczochy-mirage-black-20-den","13":"product_tag-gladkie","14":"product_tag-grubosc-20-den","15":"product_tag-kobiece","16":"product_tag-matowe","17":"product_tag-niewidoczne-wzmocnienia-czesci-palcowej","18":"product_tag-ponczochy-do-paska","19":"product_tag-transparentne","20":"product_tag-zmyslowe-i-delikatne-zdobienia-na-udzie","22":"first","23":"instock","24":"taxable","25":"shipping-taxable","26":"purchasable","27":"product-type-simple"},"_links":{"self":[{"href":"https:\/\/butikhome.pl\/index.php\/wp-json\/wp\/v2\/product\/14595","targetHints":{"allow":["GET"]}}],"collection":[{"href":"https:\/\/butikhome.pl\/index.php\/wp-json\/wp\/v2\/product"}],"about":[{"href":"https:\/\/butikhome.pl\/index.php\/wp-json\/wp\/v2\/types\/product"}],"replies":[{"embeddable":true,"href":"https:\/\/butikhome.pl\/index.php\/wp-json\/wp\/v2\/comments?post=14595"}],"wp:featuredmedia":[{"embeddable":true,"href":"https:\/\/butikhome.pl\/index.php\/wp-json\/wp\/v2\/media\/15267"}],"wp:attachment":[{"href":"https:\/\/butikhome.pl\/index.php\/wp-json\/wp\/v2\/media?parent=14595"}],"wp:term":[{"taxonomy":"product_brand","embeddable":true,"href":"https:\/\/butikhome.pl\/index.php\/wp-json\/wp\/v2\/product_brand?post=14595"},{"taxonomy":"product_cat","embeddable":true,"href":"https:\/\/butikhome.pl\/index.php\/wp-json\/wp\/v2\/product_cat?post=14595"},{"taxonomy":"product_tag","embeddable":true,"href":"https:\/\/butikhome.pl\/index.php\/wp-json\/wp\/v2\/product_tag?post=14595"}],"curies":[{"name":"wp","href":"https:\/\/api.w.org\/{rel}","templated":true}]}}