{"id":14610,"date":"2023-03-29T19:20:14","date_gmt":"2023-03-29T17:20:14","guid":{"rendered":"https:\/\/butikhome.pl\/index.php\/produkt\/ponczochy-eternal-20-den\/"},"modified":"2023-05-25T10:28:13","modified_gmt":"2023-05-25T08:28:13","slug":"ponczochy-eternal-20-den","status":"publish","type":"product","link":"https:\/\/butikhome.pl\/index.php\/produkt\/ponczochy-eternal-20-den\/","title":{"rendered":"Po\u0144czochy Eternal 20 Den"},"content":{"rendered":"<p>Ekskluzywne, a zarazem fantazyjne po\u0144czochy do paska z figlarnymi czerwonymi serduszkami na wzmocnieniu g\u00f3rnej cz\u0119\u015bci. Pi\u0119kny, delikatny wz\u00f3r, kt\u00f3ry kusi i czaruje. Niewidoczna cz\u0119\u015b\u0107 palcowa. Dzi\u0119ki zastosowaniu techniki oplotu zwi\u0119kszona trwa\u0142o\u015b\u0107 i jako\u015b\u0107 wyrobu.<\/p>\n<p>Sk\u0142ad: 82% poliamid, 14% elastan, 4% polipropylen<\/p>\n","protected":false},"excerpt":{"rendered":"<p>Ekskluzywne, a zarazem fantazyjne po\u0144czochy do paska z figlarnymi czerwonymi serduszkami na wzmocnieniu g\u00f3rnej cz\u0119\u015bci. Pi\u0119kny, delikatny wz\u00f3r, kt\u00f3ry kusi i czaruje. Niewidoczna cz\u0119\u015b\u0107 palcowa. Dzi\u0119ki zastosowaniu techniki oplotu zwi\u0119kszona trwa\u0142o\u015b\u0107 i jako\u015b\u0107 wyrobu. Sk\u0142ad: 82% poliamid, 14% elastan, 4% polipropylen<\/p>\n","protected":false},"featured_media":15263,"comment_status":"open","ping_status":"closed","template":"","meta":[],"product_brand":[],"product_cat":[24,628,41,40,39],"product_tag":[708,709,710,52,1097,1202,1223,1062,725,1225,1224,1204,1124,1212],"class_list":{"0":"post-14610","1":"product","2":"type-product","3":"status-publish","4":"has-post-thumbnail","6":"product_cat-produkty","7":"product_cat-rajstopy-podkategoria-do-bielizny","8":"product_cat-l","9":"product_cat-m","10":"product_cat-s","11":"product_tag-2-s","12":"product_tag-3-m","13":"product_tag-4-l","14":"product_tag-czarne","15":"product_tag-ekskluzywne","16":"product_tag-fantazyjne-ponczochy","17":"product_tag-fiore-ponczochy-eternal-20-den","18":"product_tag-grubosc-20den","19":"product_tag-matowe","20":"product_tag-niewidoczna-czesc-palcowa","21":"product_tag-ozdobione-czerwonymi-serduszkami","22":"product_tag-piekny-i-delikatny-wzor","23":"product_tag-ponczochy-do-paska","24":"product_tag-zwiekszona-jakosc-i-trwalosc","26":"first","27":"instock","28":"taxable","29":"shipping-taxable","30":"purchasable","31":"product-type-simple"},"_links":{"self":[{"href":"https:\/\/butikhome.pl\/index.php\/wp-json\/wp\/v2\/product\/14610","targetHints":{"allow":["GET"]}}],"collection":[{"href":"https:\/\/butikhome.pl\/index.php\/wp-json\/wp\/v2\/product"}],"about":[{"href":"https:\/\/butikhome.pl\/index.php\/wp-json\/wp\/v2\/types\/product"}],"replies":[{"embeddable":true,"href":"https:\/\/butikhome.pl\/index.php\/wp-json\/wp\/v2\/comments?post=14610"}],"wp:featuredmedia":[{"embeddable":true,"href":"https:\/\/butikhome.pl\/index.php\/wp-json\/wp\/v2\/media\/15263"}],"wp:attachment":[{"href":"https:\/\/butikhome.pl\/index.php\/wp-json\/wp\/v2\/media?parent=14610"}],"wp:term":[{"taxonomy":"product_brand","embeddable":true,"href":"https:\/\/butikhome.pl\/index.php\/wp-json\/wp\/v2\/product_brand?post=14610"},{"taxonomy":"product_cat","embeddable":true,"href":"https:\/\/butikhome.pl\/index.php\/wp-json\/wp\/v2\/product_cat?post=14610"},{"taxonomy":"product_tag","embeddable":true,"href":"https:\/\/butikhome.pl\/index.php\/wp-json\/wp\/v2\/product_tag?post=14610"}],"curies":[{"name":"wp","href":"https:\/\/api.w.org\/{rel}","templated":true}]}}