{"id":14615,"date":"2023-03-29T19:20:24","date_gmt":"2023-03-29T17:20:24","guid":{"rendered":"https:\/\/butikhome.pl\/index.php\/produkt\/ponczochy-fragile-15-den\/"},"modified":"2023-05-25T10:27:18","modified_gmt":"2023-05-25T08:27:18","slug":"ponczochy-fragile-15-den","status":"publish","type":"product","link":"https:\/\/butikhome.pl\/index.php\/produkt\/ponczochy-fragile-15-den\/","title":{"rendered":"Po\u0144czochy Fragile 15 Den"},"content":{"rendered":"<ul>\n<li>Kobieca stylistyka<\/li>\n<li>Nie odznacza si\u0119 pod ubraniem<\/li>\n<li>Pakowany w pude\u0142ko<\/li>\n<li>Produkt polski<\/li>\n<li>Wysoka jako\u015b\u0107<\/li>\n<li>Zdobienia w g\u00f3rnej cz\u0119\u015bci po\u0144czoch<\/li>\n<li>Elastan: 8%<\/li>\n<li>Poliamid: 92%<\/li>\n<\/ul>\n","protected":false},"excerpt":{"rendered":"<p>Kobieca stylistyka Nie odznacza si\u0119 pod ubraniem Pakowany w pude\u0142ko Produkt polski Wysoka jako\u015b\u0107 Zdobienia w g\u00f3rnej cz\u0119\u015bci po\u0144czoch Elastan: 8% Poliamid: 92%<\/p>\n","protected":false},"featured_media":15259,"comment_status":"open","ping_status":"closed","template":"","meta":[],"product_brand":[],"product_cat":[24,628,39],"product_tag":[708,52,1090,1215,735,1216,966,946,222,951,1125,388,272,1217,301],"class_list":{"0":"post-14615","1":"product","2":"type-product","3":"status-publish","4":"has-post-thumbnail","6":"product_cat-produkty","7":"product_cat-rajstopy-podkategoria-do-bielizny","8":"product_cat-s","9":"product_tag-2-s","10":"product_tag-czarne","11":"product_tag-delikatne-zdobienia-na-udach","12":"product_tag-fiore-ponczochy-fragile-15-den","13":"product_tag-grubosc-15-den","14":"product_tag-idealnie-przylegaja-do-nog","15":"product_tag-kabaretki","16":"product_tag-koronkowe-wykonczenie-na-udach","17":"product_tag-nie-odznaczaja-sie-pod-ubraniem","18":"product_tag-ponczochy-samonosne","19":"product_tag-ponczochy-wzorzyste","20":"product_tag-produkt-polski","21":"product_tag-seksowne","22":"product_tag-silikonowe-paski-zapobiegajace-zsuwaniu-sie","23":"product_tag-wysoka-jakosc","25":"first","26":"instock","27":"taxable","28":"shipping-taxable","29":"purchasable","30":"product-type-simple"},"_links":{"self":[{"href":"https:\/\/butikhome.pl\/index.php\/wp-json\/wp\/v2\/product\/14615","targetHints":{"allow":["GET"]}}],"collection":[{"href":"https:\/\/butikhome.pl\/index.php\/wp-json\/wp\/v2\/product"}],"about":[{"href":"https:\/\/butikhome.pl\/index.php\/wp-json\/wp\/v2\/types\/product"}],"replies":[{"embeddable":true,"href":"https:\/\/butikhome.pl\/index.php\/wp-json\/wp\/v2\/comments?post=14615"}],"wp:featuredmedia":[{"embeddable":true,"href":"https:\/\/butikhome.pl\/index.php\/wp-json\/wp\/v2\/media\/15259"}],"wp:attachment":[{"href":"https:\/\/butikhome.pl\/index.php\/wp-json\/wp\/v2\/media?parent=14615"}],"wp:term":[{"taxonomy":"product_brand","embeddable":true,"href":"https:\/\/butikhome.pl\/index.php\/wp-json\/wp\/v2\/product_brand?post=14615"},{"taxonomy":"product_cat","embeddable":true,"href":"https:\/\/butikhome.pl\/index.php\/wp-json\/wp\/v2\/product_cat?post=14615"},{"taxonomy":"product_tag","embeddable":true,"href":"https:\/\/butikhome.pl\/index.php\/wp-json\/wp\/v2\/product_tag?post=14615"}],"curies":[{"name":"wp","href":"https:\/\/api.w.org\/{rel}","templated":true}]}}