{"id":14620,"date":"2023-03-29T19:20:39","date_gmt":"2023-03-29T17:20:39","guid":{"rendered":"https:\/\/butikhome.pl\/index.php\/produkt\/ponczochy-francine-30-den\/"},"modified":"2023-05-25T10:25:54","modified_gmt":"2023-05-25T08:25:54","slug":"ponczochy-francine-30-den","status":"publish","type":"product","link":"https:\/\/butikhome.pl\/index.php\/produkt\/ponczochy-francine-30-den\/","title":{"rendered":"Po\u0144czochy Francine 30 Den"},"content":{"rendered":"<p>Ekskluzywne, samono\u015bne po\u0144czochy zdobione stylowym ornamentem. Uda wyko\u0144czone finezyjn\u0105 koronk\u0105 wysokiej jako\u015bci. Je\u015bli my\u015blisz o wykwintnym dodatku do swojej stylizacji &#8211; oto co\u015b dla Ciebie. Grubo\u015b\u0107 30DEN. Sk\u0142ad: 88% poliamid, 12% elastan.<\/p>\n<p>&nbsp;<\/p>\n","protected":false},"excerpt":{"rendered":"<p>Ekskluzywne, samono\u015bne po\u0144czochy zdobione stylowym ornamentem. Uda wyko\u0144czone finezyjn\u0105 koronk\u0105 wysokiej jako\u015bci. Je\u015bli my\u015blisz o wykwintnym dodatku do swojej stylizacji &#8211; oto co\u015b dla Ciebie. Grubo\u015b\u0107 30DEN. Sk\u0142ad: 88% poliamid, 12% elastan. &nbsp;<\/p>\n","protected":false},"featured_media":15255,"comment_status":"open","ping_status":"closed","template":"","meta":[],"product_brand":[],"product_cat":[24,628,39],"product_tag":[708,52,1213,1011,951,1125,1214,1074,1165,301],"class_list":{"0":"post-14620","1":"product","2":"type-product","3":"status-publish","4":"has-post-thumbnail","6":"product_cat-produkty","7":"product_cat-rajstopy-podkategoria-do-bielizny","8":"product_cat-s","9":"product_tag-2-s","10":"product_tag-czarne","11":"product_tag-fiore-ponczochy-francine-30-den","12":"product_tag-grubosc-30-den","13":"product_tag-ponczochy-samonosne","14":"product_tag-ponczochy-wzorzyste","15":"product_tag-stylowy-ornament","16":"product_tag-transparentne","17":"product_tag-wykonczone-finezyjna-koronka","18":"product_tag-wysoka-jakosc","20":"first","21":"instock","22":"taxable","23":"shipping-taxable","24":"purchasable","25":"product-type-simple"},"_links":{"self":[{"href":"https:\/\/butikhome.pl\/index.php\/wp-json\/wp\/v2\/product\/14620","targetHints":{"allow":["GET"]}}],"collection":[{"href":"https:\/\/butikhome.pl\/index.php\/wp-json\/wp\/v2\/product"}],"about":[{"href":"https:\/\/butikhome.pl\/index.php\/wp-json\/wp\/v2\/types\/product"}],"replies":[{"embeddable":true,"href":"https:\/\/butikhome.pl\/index.php\/wp-json\/wp\/v2\/comments?post=14620"}],"wp:featuredmedia":[{"embeddable":true,"href":"https:\/\/butikhome.pl\/index.php\/wp-json\/wp\/v2\/media\/15255"}],"wp:attachment":[{"href":"https:\/\/butikhome.pl\/index.php\/wp-json\/wp\/v2\/media?parent=14620"}],"wp:term":[{"taxonomy":"product_brand","embeddable":true,"href":"https:\/\/butikhome.pl\/index.php\/wp-json\/wp\/v2\/product_brand?post=14620"},{"taxonomy":"product_cat","embeddable":true,"href":"https:\/\/butikhome.pl\/index.php\/wp-json\/wp\/v2\/product_cat?post=14620"},{"taxonomy":"product_tag","embeddable":true,"href":"https:\/\/butikhome.pl\/index.php\/wp-json\/wp\/v2\/product_tag?post=14620"}],"curies":[{"name":"wp","href":"https:\/\/api.w.org\/{rel}","templated":true}]}}