{"id":14623,"date":"2023-03-29T19:20:45","date_gmt":"2023-03-29T17:20:45","guid":{"rendered":"https:\/\/butikhome.pl\/index.php\/produkt\/ponczochy-hypnose-20-den\/"},"modified":"2023-05-25T10:25:16","modified_gmt":"2023-05-25T08:25:16","slug":"ponczochy-hypnose-20-den","status":"publish","type":"product","link":"https:\/\/butikhome.pl\/index.php\/produkt\/ponczochy-hypnose-20-den\/","title":{"rendered":"Po\u0144czochy Hypnose 20 den"},"content":{"rendered":"<p>Czarne po\u0144czochy do paska, z b\u0142yszcz\u0105cymi akcentami na udach. Model bardzo zmys\u0142owy i elegancki. Jeden z najciekawszych z nowej kolekcji marki Fiore. Sprawia, \u017ce nogi wygl\u0105daj\u0105 \u015bwietnie. Grubo\u015b\u0107 20 den. Sk\u0142ad: 87% poliamid, 12% elastan, 1% prz\u0119dza metalizowana.<\/p>\n","protected":false},"excerpt":{"rendered":"<p>Czarne po\u0144czochy do paska, z b\u0142yszcz\u0105cymi akcentami na udach. Model bardzo zmys\u0142owy i elegancki. Jeden z najciekawszych z nowej kolekcji marki Fiore. Sprawia, \u017ce nogi wygl\u0105daj\u0105 \u015bwietnie. Grubo\u015b\u0107 20 den. Sk\u0142ad: 87% poliamid, 12% elastan, 1% prz\u0119dza metalizowana.<\/p>\n","protected":false},"featured_media":15253,"comment_status":"open","ping_status":"closed","template":"","meta":[],"product_brand":[],"product_cat":[24,628,41,40,39],"product_tag":[708,709,710,1208,1207,52,1210,348,1206,700,725,1209,1074,1175,1211,1212],"class_list":{"0":"post-14623","1":"product","2":"type-product","3":"status-publish","4":"has-post-thumbnail","6":"product_cat-produkty","7":"product_cat-rajstopy-podkategoria-do-bielizny","8":"product_cat-l","9":"product_cat-m","10":"product_cat-s","11":"product_tag-2-s","12":"product_tag-3-m","13":"product_tag-4-l","14":"product_tag-bardzo-zmyslowe","15":"product_tag-blyszczace-akcenty-na-udach","16":"product_tag-czarne","17":"product_tag-delikatne-prazki-na-udach","18":"product_tag-eleganckie","19":"product_tag-fiore-ponczochy-hypnose-20-den","20":"product_tag-grubosc-20-den","21":"product_tag-matowe","22":"product_tag-przetykanym-zlota-nicia","23":"product_tag-transparentne","24":"product_tag-z-niewidoczna-struktura-wzmocnienia-czesci-palcowej","25":"product_tag-ze-zlotym-lurexowym-wzorem","26":"product_tag-zwiekszona-jakosc-i-trwalosc","28":"first","29":"instock","30":"taxable","31":"shipping-taxable","32":"purchasable","33":"product-type-simple"},"_links":{"self":[{"href":"https:\/\/butikhome.pl\/index.php\/wp-json\/wp\/v2\/product\/14623","targetHints":{"allow":["GET"]}}],"collection":[{"href":"https:\/\/butikhome.pl\/index.php\/wp-json\/wp\/v2\/product"}],"about":[{"href":"https:\/\/butikhome.pl\/index.php\/wp-json\/wp\/v2\/types\/product"}],"replies":[{"embeddable":true,"href":"https:\/\/butikhome.pl\/index.php\/wp-json\/wp\/v2\/comments?post=14623"}],"wp:featuredmedia":[{"embeddable":true,"href":"https:\/\/butikhome.pl\/index.php\/wp-json\/wp\/v2\/media\/15253"}],"wp:attachment":[{"href":"https:\/\/butikhome.pl\/index.php\/wp-json\/wp\/v2\/media?parent=14623"}],"wp:term":[{"taxonomy":"product_brand","embeddable":true,"href":"https:\/\/butikhome.pl\/index.php\/wp-json\/wp\/v2\/product_brand?post=14623"},{"taxonomy":"product_cat","embeddable":true,"href":"https:\/\/butikhome.pl\/index.php\/wp-json\/wp\/v2\/product_cat?post=14623"},{"taxonomy":"product_tag","embeddable":true,"href":"https:\/\/butikhome.pl\/index.php\/wp-json\/wp\/v2\/product_tag?post=14623"}],"curies":[{"name":"wp","href":"https:\/\/api.w.org\/{rel}","templated":true}]}}