{"id":14625,"date":"2023-03-29T19:20:48","date_gmt":"2023-03-29T17:20:48","guid":{"rendered":"https:\/\/butikhome.pl\/index.php\/produkt\/ponczochy-incontra-20-den\/"},"modified":"2023-05-25T10:24:40","modified_gmt":"2023-05-25T08:24:40","slug":"ponczochy-incontra-20-den","status":"publish","type":"product","link":"https:\/\/butikhome.pl\/index.php\/produkt\/ponczochy-incontra-20-den\/","title":{"rendered":"Po\u0144czochy Incontra 20 Den"},"content":{"rendered":"<p>Ekskluzywne, a zarazem fantazyjne po\u0144czochy do paska z figlarnymi czerwonymi kokardkami na wzmocnieniu g\u00f3rnej cz\u0119\u015bci. Pi\u0119kny, delikatny wz\u00f3r, kt\u00f3ry kusi i czaruje. Niewidoczna cz\u0119\u015b\u0107 palcowa. Dzi\u0119ki zastosowaniu techniki oplotu zwi\u0119kszona trwa\u0142o\u015b\u0107 i jako\u015b\u0107 produktu.<\/p>\n<p>Sk\u0142ad: 82% poliamid, 14% elastan, 4% polipropylen<\/p>\n","protected":false},"excerpt":{"rendered":"<p>Ekskluzywne, a zarazem fantazyjne po\u0144czochy do paska z figlarnymi czerwonymi kokardkami na wzmocnieniu g\u00f3rnej cz\u0119\u015bci. Pi\u0119kny, delikatny wz\u00f3r, kt\u00f3ry kusi i czaruje. Niewidoczna cz\u0119\u015b\u0107 palcowa. Dzi\u0119ki zastosowaniu techniki oplotu zwi\u0119kszona trwa\u0142o\u015b\u0107 i jako\u015b\u0107 produktu. Sk\u0142ad: 82% poliamid, 14% elastan, 4% polipropylen<\/p>\n","protected":false},"featured_media":15251,"comment_status":"open","ping_status":"closed","template":"","meta":[],"product_brand":[],"product_cat":[24,628,41,40,39],"product_tag":[708,709,710,52,1203,1097,1202,1201,700,569,725,1204,1124,1074,1171,1205],"class_list":{"0":"post-14625","1":"product","2":"type-product","3":"status-publish","4":"has-post-thumbnail","6":"product_cat-produkty","7":"product_cat-rajstopy-podkategoria-do-bielizny","8":"product_cat-l","9":"product_cat-m","10":"product_cat-s","11":"product_tag-2-s","12":"product_tag-3-m","13":"product_tag-4-l","14":"product_tag-czarne","15":"product_tag-czerwone-kokardki","16":"product_tag-ekskluzywne","17":"product_tag-fantazyjne-ponczochy","18":"product_tag-fiore-ponczochy-incontra-20-den","19":"product_tag-grubosc-20-den","20":"product_tag-kuszace","21":"product_tag-matowe","22":"product_tag-piekny-i-delikatny-wzor","23":"product_tag-ponczochy-do-paska","24":"product_tag-transparentne","25":"product_tag-wzmocnienie-palcow-niewidoczne","26":"product_tag-zwiekszona-trwalosc-i-jakosc","28":"first","29":"instock","30":"taxable","31":"shipping-taxable","32":"purchasable","33":"product-type-simple"},"_links":{"self":[{"href":"https:\/\/butikhome.pl\/index.php\/wp-json\/wp\/v2\/product\/14625","targetHints":{"allow":["GET"]}}],"collection":[{"href":"https:\/\/butikhome.pl\/index.php\/wp-json\/wp\/v2\/product"}],"about":[{"href":"https:\/\/butikhome.pl\/index.php\/wp-json\/wp\/v2\/types\/product"}],"replies":[{"embeddable":true,"href":"https:\/\/butikhome.pl\/index.php\/wp-json\/wp\/v2\/comments?post=14625"}],"wp:featuredmedia":[{"embeddable":true,"href":"https:\/\/butikhome.pl\/index.php\/wp-json\/wp\/v2\/media\/15251"}],"wp:attachment":[{"href":"https:\/\/butikhome.pl\/index.php\/wp-json\/wp\/v2\/media?parent=14625"}],"wp:term":[{"taxonomy":"product_brand","embeddable":true,"href":"https:\/\/butikhome.pl\/index.php\/wp-json\/wp\/v2\/product_brand?post=14625"},{"taxonomy":"product_cat","embeddable":true,"href":"https:\/\/butikhome.pl\/index.php\/wp-json\/wp\/v2\/product_cat?post=14625"},{"taxonomy":"product_tag","embeddable":true,"href":"https:\/\/butikhome.pl\/index.php\/wp-json\/wp\/v2\/product_tag?post=14625"}],"curies":[{"name":"wp","href":"https:\/\/api.w.org\/{rel}","templated":true}]}}