{"id":14628,"date":"2023-03-29T19:20:57","date_gmt":"2023-03-29T17:20:57","guid":{"rendered":"https:\/\/butikhome.pl\/index.php\/produkt\/ponczochy-jordana\/"},"modified":"2023-05-25T10:23:29","modified_gmt":"2023-05-25T08:23:29","slug":"ponczochy-jordana","status":"publish","type":"product","link":"https:\/\/butikhome.pl\/index.php\/produkt\/ponczochy-jordana\/","title":{"rendered":"Po\u0144czochy Jordana"},"content":{"rendered":"<p>G\u0142adkie po\u0144czochy do paska ze zmys\u0142owym zdobieniem na udach. O grubo\u015bci 20DEN. Daj\u0105 delikatne krycie. Wygl\u0105daj\u0105 bardzo ekskluzywnie. Sk\u0142ad: 87% poliamid, 13% elastan.<\/p>\n","protected":false},"excerpt":{"rendered":"<p>G\u0142adkie po\u0144czochy do paska ze zmys\u0142owym zdobieniem na udach. O grubo\u015bci 20DEN. Daj\u0105 delikatne krycie. Wygl\u0105daj\u0105 bardzo ekskluzywnie. Sk\u0142ad: 87% poliamid, 13% elastan.<\/p>\n","protected":false},"featured_media":15250,"comment_status":"open","ping_status":"closed","template":"","meta":[],"product_brand":[],"product_cat":[24,628,40],"product_tag":[709,1199,1197,51,700,725,209,1124,1074,1175,1198,1200],"class_list":{"0":"post-14628","1":"product","2":"type-product","3":"status-publish","4":"has-post-thumbnail","6":"product_cat-produkty","7":"product_cat-rajstopy-podkategoria-do-bielizny","8":"product_cat-m","9":"product_tag-3-m","10":"product_tag-delikatne-krycie","11":"product_tag-fiore-ponczochy-jordana-20-den","12":"product_tag-gladkie","13":"product_tag-grubosc-20-den","14":"product_tag-matowe","15":"product_tag-najwyzsza-jakosc","16":"product_tag-ponczochy-do-paska","17":"product_tag-transparentne","18":"product_tag-z-niewidoczna-struktura-wzmocnienia-czesci-palcowej","19":"product_tag-zmyslowe-zdobienia-na-udach","20":"product_tag-zmyslowy-wzor","22":"first","23":"instock","24":"taxable","25":"shipping-taxable","26":"purchasable","27":"product-type-simple"},"_links":{"self":[{"href":"https:\/\/butikhome.pl\/index.php\/wp-json\/wp\/v2\/product\/14628","targetHints":{"allow":["GET"]}}],"collection":[{"href":"https:\/\/butikhome.pl\/index.php\/wp-json\/wp\/v2\/product"}],"about":[{"href":"https:\/\/butikhome.pl\/index.php\/wp-json\/wp\/v2\/types\/product"}],"replies":[{"embeddable":true,"href":"https:\/\/butikhome.pl\/index.php\/wp-json\/wp\/v2\/comments?post=14628"}],"wp:featuredmedia":[{"embeddable":true,"href":"https:\/\/butikhome.pl\/index.php\/wp-json\/wp\/v2\/media\/15250"}],"wp:attachment":[{"href":"https:\/\/butikhome.pl\/index.php\/wp-json\/wp\/v2\/media?parent=14628"}],"wp:term":[{"taxonomy":"product_brand","embeddable":true,"href":"https:\/\/butikhome.pl\/index.php\/wp-json\/wp\/v2\/product_brand?post=14628"},{"taxonomy":"product_cat","embeddable":true,"href":"https:\/\/butikhome.pl\/index.php\/wp-json\/wp\/v2\/product_cat?post=14628"},{"taxonomy":"product_tag","embeddable":true,"href":"https:\/\/butikhome.pl\/index.php\/wp-json\/wp\/v2\/product_tag?post=14628"}],"curies":[{"name":"wp","href":"https:\/\/api.w.org\/{rel}","templated":true}]}}