{"id":14630,"date":"2023-03-29T19:21:00","date_gmt":"2023-03-29T17:21:00","guid":{"rendered":"https:\/\/butikhome.pl\/index.php\/produkt\/ponczochy-jovitta\/"},"modified":"2023-05-25T10:22:37","modified_gmt":"2023-05-25T08:22:37","slug":"ponczochy-jovitta","status":"publish","type":"product","link":"https:\/\/butikhome.pl\/index.php\/produkt\/ponczochy-jovitta\/","title":{"rendered":"Po\u0144czochy Jovitta"},"content":{"rendered":"<p>Delikatne po\u0144czochy do paska. Wykonane z mi\u0119kkiej prz\u0119dzy, matowe, z niewidoczn\u0105 struktur\u0105 wzmocnienia cz\u0119\u015bci palcowej. Na udzie \u0142adne zdobienie. Grubo\u015b\u0107 20DEN. Sk\u0142ad: 86% poliamid, 14% elastan.<\/p>\n<p>&nbsp;<\/p>\n","protected":false},"excerpt":{"rendered":"<p>Delikatne po\u0144czochy do paska. Wykonane z mi\u0119kkiej prz\u0119dzy, matowe, z niewidoczn\u0105 struktur\u0105 wzmocnienia cz\u0119\u015bci palcowej. Na udzie \u0142adne zdobienie. Grubo\u015b\u0107 20DEN. Sk\u0142ad: 86% poliamid, 14% elastan. &nbsp;<\/p>\n","protected":false},"featured_media":15248,"comment_status":"open","ping_status":"closed","template":"","meta":[],"product_brand":[],"product_cat":[24,628,39],"product_tag":[708,289,1192,1193,700,81,725,1194,1124,1196,1074,1175,1195],"class_list":{"0":"post-14630","1":"product","2":"type-product","3":"status-publish","4":"has-post-thumbnail","6":"product_cat-produkty","7":"product_cat-rajstopy-podkategoria-do-bielizny","8":"product_cat-s","9":"product_tag-2-s","10":"product_tag-delikatne","11":"product_tag-fiore-ponczochy-jovitta-20-den","12":"product_tag-gladkie-czarne","13":"product_tag-grubosc-20-den","14":"product_tag-kobiece","15":"product_tag-matowe","16":"product_tag-miekka-przedza","17":"product_tag-ponczochy-do-paska","18":"product_tag-sexi","19":"product_tag-transparentne","20":"product_tag-z-niewidoczna-struktura-wzmocnienia-czesci-palcowej","21":"product_tag-zdobienia-na-udzie","23":"first","24":"instock","25":"taxable","26":"shipping-taxable","27":"purchasable","28":"product-type-simple"},"_links":{"self":[{"href":"https:\/\/butikhome.pl\/index.php\/wp-json\/wp\/v2\/product\/14630","targetHints":{"allow":["GET"]}}],"collection":[{"href":"https:\/\/butikhome.pl\/index.php\/wp-json\/wp\/v2\/product"}],"about":[{"href":"https:\/\/butikhome.pl\/index.php\/wp-json\/wp\/v2\/types\/product"}],"replies":[{"embeddable":true,"href":"https:\/\/butikhome.pl\/index.php\/wp-json\/wp\/v2\/comments?post=14630"}],"wp:featuredmedia":[{"embeddable":true,"href":"https:\/\/butikhome.pl\/index.php\/wp-json\/wp\/v2\/media\/15248"}],"wp:attachment":[{"href":"https:\/\/butikhome.pl\/index.php\/wp-json\/wp\/v2\/media?parent=14630"}],"wp:term":[{"taxonomy":"product_brand","embeddable":true,"href":"https:\/\/butikhome.pl\/index.php\/wp-json\/wp\/v2\/product_brand?post=14630"},{"taxonomy":"product_cat","embeddable":true,"href":"https:\/\/butikhome.pl\/index.php\/wp-json\/wp\/v2\/product_cat?post=14630"},{"taxonomy":"product_tag","embeddable":true,"href":"https:\/\/butikhome.pl\/index.php\/wp-json\/wp\/v2\/product_tag?post=14630"}],"curies":[{"name":"wp","href":"https:\/\/api.w.org\/{rel}","templated":true}]}}