{"id":14632,"date":"2023-03-29T19:21:03","date_gmt":"2023-03-29T17:21:03","guid":{"rendered":"https:\/\/butikhome.pl\/index.php\/produkt\/ponczochy-justine\/"},"modified":"2023-05-25T10:21:27","modified_gmt":"2023-05-25T08:21:27","slug":"ponczochy-justine","status":"publish","type":"product","link":"https:\/\/butikhome.pl\/index.php\/produkt\/ponczochy-justine\/","title":{"rendered":"Po\u0144czochy Justine"},"content":{"rendered":"<p>G\u0142adkie, klasyczne po\u0144czochy przewidziane do paska. Mi\u0119kkie, elastyczne, wykonane z wysokiej jako\u015bci prz\u0119dzy oplatanej. Grubo\u015b\u0107 20DEN.<\/p>\n<p>&nbsp;<\/p>\n","protected":false},"excerpt":{"rendered":"<p>G\u0142adkie, klasyczne po\u0144czochy przewidziane do paska. Mi\u0119kkie, elastyczne, wykonane z wysokiej jako\u015bci prz\u0119dzy oplatanej. Grubo\u015b\u0107 20DEN. &nbsp;<\/p>\n","protected":false},"featured_media":15246,"comment_status":"open","ping_status":"closed","template":"","meta":[],"product_brand":[],"product_cat":[24,628,41,40],"product_tag":[709,710,1047,52,348,1191,51,700,725,1124,1074,301],"class_list":{"0":"post-14632","1":"product","2":"type-product","3":"status-publish","4":"has-post-thumbnail","6":"product_cat-produkty","7":"product_cat-rajstopy-podkategoria-do-bielizny","8":"product_cat-l","9":"product_cat-m","10":"product_tag-3-m","11":"product_tag-4-l","12":"product_tag-brak-wzmocnien-na-palcach","13":"product_tag-czarne","14":"product_tag-eleganckie","15":"product_tag-fiore-ponczochy-justine-20-den","16":"product_tag-gladkie","17":"product_tag-grubosc-20-den","18":"product_tag-matowe","19":"product_tag-ponczochy-do-paska","20":"product_tag-transparentne","21":"product_tag-wysoka-jakosc","23":"first","24":"instock","25":"taxable","26":"shipping-taxable","27":"purchasable","28":"product-type-simple"},"_links":{"self":[{"href":"https:\/\/butikhome.pl\/index.php\/wp-json\/wp\/v2\/product\/14632","targetHints":{"allow":["GET"]}}],"collection":[{"href":"https:\/\/butikhome.pl\/index.php\/wp-json\/wp\/v2\/product"}],"about":[{"href":"https:\/\/butikhome.pl\/index.php\/wp-json\/wp\/v2\/types\/product"}],"replies":[{"embeddable":true,"href":"https:\/\/butikhome.pl\/index.php\/wp-json\/wp\/v2\/comments?post=14632"}],"wp:featuredmedia":[{"embeddable":true,"href":"https:\/\/butikhome.pl\/index.php\/wp-json\/wp\/v2\/media\/15246"}],"wp:attachment":[{"href":"https:\/\/butikhome.pl\/index.php\/wp-json\/wp\/v2\/media?parent=14632"}],"wp:term":[{"taxonomy":"product_brand","embeddable":true,"href":"https:\/\/butikhome.pl\/index.php\/wp-json\/wp\/v2\/product_brand?post=14632"},{"taxonomy":"product_cat","embeddable":true,"href":"https:\/\/butikhome.pl\/index.php\/wp-json\/wp\/v2\/product_cat?post=14632"},{"taxonomy":"product_tag","embeddable":true,"href":"https:\/\/butikhome.pl\/index.php\/wp-json\/wp\/v2\/product_tag?post=14632"}],"curies":[{"name":"wp","href":"https:\/\/api.w.org\/{rel}","templated":true}]}}