{"id":14634,"date":"2023-03-29T19:21:06","date_gmt":"2023-03-29T17:21:06","guid":{"rendered":"https:\/\/butikhome.pl\/index.php\/produkt\/ponczochy-liza\/"},"modified":"2023-05-25T10:20:36","modified_gmt":"2023-05-25T08:20:36","slug":"ponczochy-liza","status":"publish","type":"product","link":"https:\/\/butikhome.pl\/index.php\/produkt\/ponczochy-liza\/","title":{"rendered":"Po\u0144czochy Liza"},"content":{"rendered":"<p>Seksowne po\u0144czochy, kt\u00f3re dodaj\u0105 mas\u0119 seksapilu! Wykonane z prz\u0119dzy typu kabaretka, ozdobione grub\u0105 koronk\u0105, kt\u00f3ra uniemo\u017cliwia zsuwanie si\u0119. Kwintesencja kobieco\u015bci!<\/p>\n<p>&nbsp;<\/p>\n","protected":false},"excerpt":{"rendered":"<p>Seksowne po\u0144czochy, kt\u00f3re dodaj\u0105 mas\u0119 seksapilu! Wykonane z prz\u0119dzy typu kabaretka, ozdobione grub\u0105 koronk\u0105, kt\u00f3ra uniemo\u017cliwia zsuwanie si\u0119. Kwintesencja kobieco\u015bci! &nbsp;<\/p>\n","protected":false},"featured_media":15244,"comment_status":"open","ping_status":"closed","template":"","meta":[],"product_brand":[],"product_cat":[24,628,41,40,39],"product_tag":[708,709,710,729,1188,966,1189,935,939,1190],"class_list":{"0":"post-14634","1":"product","2":"type-product","3":"status-publish","4":"has-post-thumbnail","6":"product_cat-produkty","7":"product_cat-rajstopy-podkategoria-do-bielizny","8":"product_cat-l","9":"product_cat-m","10":"product_cat-s","11":"product_tag-2-s","12":"product_tag-3-m","13":"product_tag-4-l","14":"product_tag-bez-zaznaczonej-czesci-palcowej","15":"product_tag-fiore-ponczochy-liza","16":"product_tag-kabaretki","17":"product_tag-ozdobione-gruba-koronka","18":"product_tag-ponczochy","19":"product_tag-samonosne","20":"product_tag-zapobieganie-zsuwaniu-sie-ponczoch","22":"first","23":"instock","24":"taxable","25":"shipping-taxable","26":"purchasable","27":"product-type-simple"},"_links":{"self":[{"href":"https:\/\/butikhome.pl\/index.php\/wp-json\/wp\/v2\/product\/14634","targetHints":{"allow":["GET"]}}],"collection":[{"href":"https:\/\/butikhome.pl\/index.php\/wp-json\/wp\/v2\/product"}],"about":[{"href":"https:\/\/butikhome.pl\/index.php\/wp-json\/wp\/v2\/types\/product"}],"replies":[{"embeddable":true,"href":"https:\/\/butikhome.pl\/index.php\/wp-json\/wp\/v2\/comments?post=14634"}],"wp:featuredmedia":[{"embeddable":true,"href":"https:\/\/butikhome.pl\/index.php\/wp-json\/wp\/v2\/media\/15244"}],"wp:attachment":[{"href":"https:\/\/butikhome.pl\/index.php\/wp-json\/wp\/v2\/media?parent=14634"}],"wp:term":[{"taxonomy":"product_brand","embeddable":true,"href":"https:\/\/butikhome.pl\/index.php\/wp-json\/wp\/v2\/product_brand?post=14634"},{"taxonomy":"product_cat","embeddable":true,"href":"https:\/\/butikhome.pl\/index.php\/wp-json\/wp\/v2\/product_cat?post=14634"},{"taxonomy":"product_tag","embeddable":true,"href":"https:\/\/butikhome.pl\/index.php\/wp-json\/wp\/v2\/product_tag?post=14634"}],"curies":[{"name":"wp","href":"https:\/\/api.w.org\/{rel}","templated":true}]}}