{"id":14637,"date":"2023-03-29T19:21:11","date_gmt":"2023-03-29T17:21:11","guid":{"rendered":"https:\/\/butikhome.pl\/index.php\/produkt\/ponczochy-louise\/"},"modified":"2023-05-25T10:19:31","modified_gmt":"2023-05-25T08:19:31","slug":"ponczochy-louise","status":"publish","type":"product","link":"https:\/\/butikhome.pl\/index.php\/produkt\/ponczochy-louise\/","title":{"rendered":"Po\u0144czochy Louise"},"content":{"rendered":"<p>B\u0105d\u017a dzi\u015b sexy! Za\u0142\u00f3\u017c intryguj\u0105ce, czarne po\u0144czochy do paska w \u015bliczne, ma\u0142e, czarne groszki. Propozycja, kt\u00f3ra kusi ju\u017c od pierwszej chwili. Delikatna, sensualna prz\u0119dza, kobiecy wz\u00f3r&#8230; Grubo\u015b\u0107 20 DEN. Sk\u0142ad: 90% poliamid, 10% elastan.<\/p>\n","protected":false},"excerpt":{"rendered":"<p>B\u0105d\u017a dzi\u015b sexy! Za\u0142\u00f3\u017c intryguj\u0105ce, czarne po\u0144czochy do paska w \u015bliczne, ma\u0142e, czarne groszki. Propozycja, kt\u00f3ra kusi ju\u017c od pierwszej chwili. Delikatna, sensualna prz\u0119dza, kobiecy wz\u00f3r&#8230; Grubo\u015b\u0107 20 DEN. Sk\u0142ad: 90% poliamid, 10% elastan.<\/p>\n","protected":false},"featured_media":15243,"comment_status":"open","ping_status":"closed","template":"","meta":[],"product_brand":[],"product_cat":[24,628,41,40,39],"product_tag":[708,709,710,52,1186,1183,700,1184,1187,1185,725,1125,159,1074],"class_list":{"0":"post-14637","1":"product","2":"type-product","3":"status-publish","4":"has-post-thumbnail","6":"product_cat-produkty","7":"product_cat-rajstopy-podkategoria-do-bielizny","8":"product_cat-l","9":"product_cat-m","10":"product_cat-s","11":"product_tag-2-s","12":"product_tag-3-m","13":"product_tag-4-l","14":"product_tag-czarne","15":"product_tag-delikatna-przedza","16":"product_tag-fiore-ponczochy-louise-20-den","17":"product_tag-grubosc-20-den","18":"product_tag-intrygujace","19":"product_tag-kobiecy-wzor","20":"product_tag-male-czarne-groszki","21":"product_tag-matowe","22":"product_tag-ponczochy-wzorzyste","23":"product_tag-sexy","24":"product_tag-transparentne","26":"first","27":"instock","28":"taxable","29":"shipping-taxable","30":"purchasable","31":"product-type-simple"},"_links":{"self":[{"href":"https:\/\/butikhome.pl\/index.php\/wp-json\/wp\/v2\/product\/14637","targetHints":{"allow":["GET"]}}],"collection":[{"href":"https:\/\/butikhome.pl\/index.php\/wp-json\/wp\/v2\/product"}],"about":[{"href":"https:\/\/butikhome.pl\/index.php\/wp-json\/wp\/v2\/types\/product"}],"replies":[{"embeddable":true,"href":"https:\/\/butikhome.pl\/index.php\/wp-json\/wp\/v2\/comments?post=14637"}],"wp:featuredmedia":[{"embeddable":true,"href":"https:\/\/butikhome.pl\/index.php\/wp-json\/wp\/v2\/media\/15243"}],"wp:attachment":[{"href":"https:\/\/butikhome.pl\/index.php\/wp-json\/wp\/v2\/media?parent=14637"}],"wp:term":[{"taxonomy":"product_brand","embeddable":true,"href":"https:\/\/butikhome.pl\/index.php\/wp-json\/wp\/v2\/product_brand?post=14637"},{"taxonomy":"product_cat","embeddable":true,"href":"https:\/\/butikhome.pl\/index.php\/wp-json\/wp\/v2\/product_cat?post=14637"},{"taxonomy":"product_tag","embeddable":true,"href":"https:\/\/butikhome.pl\/index.php\/wp-json\/wp\/v2\/product_tag?post=14637"}],"curies":[{"name":"wp","href":"https:\/\/api.w.org\/{rel}","templated":true}]}}