{"id":14640,"date":"2023-03-29T19:21:20","date_gmt":"2023-03-29T17:21:20","guid":{"rendered":"https:\/\/butikhome.pl\/index.php\/produkt\/ponczochy-love-booster-15-den\/"},"modified":"2023-05-25T10:17:55","modified_gmt":"2023-05-25T08:17:55","slug":"ponczochy-love-booster-15-den","status":"publish","type":"product","link":"https:\/\/butikhome.pl\/index.php\/produkt\/ponczochy-love-booster-15-den\/","title":{"rendered":"Po\u0144czochy Love Booster 15 Den"},"content":{"rendered":"<ul>\n<li>Kobieca stylistyka<\/li>\n<li>Pakowany w pude\u0142ko<\/li>\n<li>Pas w osobnej sprzeda\u017cy<\/li>\n<li>Produkt polski<\/li>\n<li>Przyjemna w dotyku, mi\u0119kka dzianina\/tkanina<\/li>\n<li>Wykonana z elastycznego materia\u0142u<\/li>\n<li>Wysoka jako\u015b\u0107<\/li>\n<li>Elastan: 10%<\/li>\n<li>Poliamid: 82%<\/li>\n<li>Polipropylen: 8%<\/li>\n<\/ul>\n","protected":false},"excerpt":{"rendered":"<p>Kobieca stylistyka Pakowany w pude\u0142ko Pas w osobnej sprzeda\u017cy Produkt polski Przyjemna w dotyku, mi\u0119kka dzianina\/tkanina Wykonana z elastycznego materia\u0142u Wysoka jako\u015b\u0107 Elastan: 10% Poliamid: 82% Polipropylen: 8%<\/p>\n","protected":false},"featured_media":15240,"comment_status":"open","ping_status":"closed","template":"","meta":[],"product_brand":[],"product_cat":[24,628,39],"product_tag":[708,147,729,52,1180,735,725,1124,1125,388,1182,1181,1074,301,148],"class_list":{"0":"post-14640","1":"product","2":"type-product","3":"status-publish","4":"has-post-thumbnail","6":"product_cat-produkty","7":"product_cat-rajstopy-podkategoria-do-bielizny","8":"product_cat-s","9":"product_tag-2-s","10":"product_tag-bardzo-kobiece","11":"product_tag-bez-zaznaczonej-czesci-palcowej","12":"product_tag-czarne","13":"product_tag-fiore-ponczochy-love-booster-15-den","14":"product_tag-grubosc-15-den","15":"product_tag-matowe","16":"product_tag-ponczochy-do-paska","17":"product_tag-ponczochy-wzorzyste","18":"product_tag-produkt-polski","19":"product_tag-przyjemny-material","20":"product_tag-serduszka","21":"product_tag-transparentne","22":"product_tag-wysoka-jakosc","23":"product_tag-zmyslowe","25":"first","26":"instock","27":"taxable","28":"shipping-taxable","29":"purchasable","30":"product-type-simple"},"_links":{"self":[{"href":"https:\/\/butikhome.pl\/index.php\/wp-json\/wp\/v2\/product\/14640","targetHints":{"allow":["GET"]}}],"collection":[{"href":"https:\/\/butikhome.pl\/index.php\/wp-json\/wp\/v2\/product"}],"about":[{"href":"https:\/\/butikhome.pl\/index.php\/wp-json\/wp\/v2\/types\/product"}],"replies":[{"embeddable":true,"href":"https:\/\/butikhome.pl\/index.php\/wp-json\/wp\/v2\/comments?post=14640"}],"wp:featuredmedia":[{"embeddable":true,"href":"https:\/\/butikhome.pl\/index.php\/wp-json\/wp\/v2\/media\/15240"}],"wp:attachment":[{"href":"https:\/\/butikhome.pl\/index.php\/wp-json\/wp\/v2\/media?parent=14640"}],"wp:term":[{"taxonomy":"product_brand","embeddable":true,"href":"https:\/\/butikhome.pl\/index.php\/wp-json\/wp\/v2\/product_brand?post=14640"},{"taxonomy":"product_cat","embeddable":true,"href":"https:\/\/butikhome.pl\/index.php\/wp-json\/wp\/v2\/product_cat?post=14640"},{"taxonomy":"product_tag","embeddable":true,"href":"https:\/\/butikhome.pl\/index.php\/wp-json\/wp\/v2\/product_tag?post=14640"}],"curies":[{"name":"wp","href":"https:\/\/api.w.org\/{rel}","templated":true}]}}