{"id":14642,"date":"2023-03-29T19:21:22","date_gmt":"2023-03-29T17:21:22","guid":{"rendered":"https:\/\/butikhome.pl\/index.php\/produkt\/ponczochy-lovely-20-den\/"},"modified":"2023-05-24T15:28:48","modified_gmt":"2023-05-24T13:28:48","slug":"ponczochy-lovely-20-den","status":"publish","type":"product","link":"https:\/\/butikhome.pl\/index.php\/produkt\/ponczochy-lovely-20-den\/","title":{"rendered":"Po\u0144czochy Lovely 20 den"},"content":{"rendered":"<p>Kusz\u0105ce, czarne po\u0144czoszki zdobione serduszkami i kokieteryjnymi kropkami. Czer\u0144 stanowi \u015bwietne t\u0142o dla czerwonych akcent\u00f3w. G\u00f3ra wyko\u0144czona w g\u0142adki spos\u00f3b, bez koronki. Po\u0144czoszki przeznaczone s\u0105 do paska do po\u0144czoch. Grubo\u015b\u0107 20 den. Sk\u0142ad: 82% poliamid, 14% elastan, 4% polipropylen.<\/p>\n","protected":false},"excerpt":{"rendered":"<p>Kusz\u0105ce, czarne po\u0144czoszki zdobione serduszkami i kokieteryjnymi kropkami. Czer\u0144 stanowi \u015bwietne t\u0142o dla czerwonych akcent\u00f3w. G\u00f3ra wyko\u0144czona w g\u0142adki spos\u00f3b, bez koronki. Po\u0144czoszki przeznaczone s\u0105 do paska do po\u0144czoch. Grubo\u015b\u0107 20 den. Sk\u0142ad: 82% poliamid, 14% elastan, 4% polipropylen.<\/p>\n","protected":false},"featured_media":15238,"comment_status":"open","ping_status":"closed","template":"","meta":[],"product_brand":[],"product_cat":[24,628,41,40,39],"product_tag":[708,709,710,1179,52,1176,1178,700,569,1124,1125,1177],"class_list":{"0":"post-14642","1":"product","2":"type-product","3":"status-publish","4":"has-post-thumbnail","6":"product_cat-produkty","7":"product_cat-rajstopy-podkategoria-do-bielizny","8":"product_cat-l","9":"product_cat-m","10":"product_cat-s","11":"product_tag-2-s","12":"product_tag-3-m","13":"product_tag-4-l","14":"product_tag-bez-koronki","15":"product_tag-czarne","16":"product_tag-fiore-ponczochy-lovely-20-den","17":"product_tag-gora-wykonczona-w-gladki-sposob","18":"product_tag-grubosc-20-den","19":"product_tag-kuszace","20":"product_tag-ponczochy-do-paska","21":"product_tag-ponczochy-wzorzyste","22":"product_tag-serduszka-i-kropeczki","24":"first","25":"instock","26":"taxable","27":"shipping-taxable","28":"purchasable","29":"product-type-simple"},"_links":{"self":[{"href":"https:\/\/butikhome.pl\/index.php\/wp-json\/wp\/v2\/product\/14642","targetHints":{"allow":["GET"]}}],"collection":[{"href":"https:\/\/butikhome.pl\/index.php\/wp-json\/wp\/v2\/product"}],"about":[{"href":"https:\/\/butikhome.pl\/index.php\/wp-json\/wp\/v2\/types\/product"}],"replies":[{"embeddable":true,"href":"https:\/\/butikhome.pl\/index.php\/wp-json\/wp\/v2\/comments?post=14642"}],"wp:featuredmedia":[{"embeddable":true,"href":"https:\/\/butikhome.pl\/index.php\/wp-json\/wp\/v2\/media\/15238"}],"wp:attachment":[{"href":"https:\/\/butikhome.pl\/index.php\/wp-json\/wp\/v2\/media?parent=14642"}],"wp:term":[{"taxonomy":"product_brand","embeddable":true,"href":"https:\/\/butikhome.pl\/index.php\/wp-json\/wp\/v2\/product_brand?post=14642"},{"taxonomy":"product_cat","embeddable":true,"href":"https:\/\/butikhome.pl\/index.php\/wp-json\/wp\/v2\/product_cat?post=14642"},{"taxonomy":"product_tag","embeddable":true,"href":"https:\/\/butikhome.pl\/index.php\/wp-json\/wp\/v2\/product_tag?post=14642"}],"curies":[{"name":"wp","href":"https:\/\/api.w.org\/{rel}","templated":true}]}}