{"id":14645,"date":"2023-03-29T19:21:29","date_gmt":"2023-03-29T17:21:29","guid":{"rendered":"https:\/\/butikhome.pl\/index.php\/produkt\/ponczochy-marlena\/"},"modified":"2023-05-25T10:16:06","modified_gmt":"2023-05-25T08:16:06","slug":"ponczochy-marlena","status":"publish","type":"product","link":"https:\/\/butikhome.pl\/index.php\/produkt\/ponczochy-marlena\/","title":{"rendered":"Po\u0144czochy Marlena"},"content":{"rendered":"<p>Czarne, matowe po\u0144czochy przeznaczone do paska z kokieteryjnym, smuk\u0142ym szwem umieszczonym z ty\u0142u n\u00f3g. Wzmocnienie palc\u00f3w niewidoczne. Sk\u0142ad: 86% poliamid, 14% elastan.<\/p>\n","protected":false},"excerpt":{"rendered":"<p>Czarne, matowe po\u0144czochy przeznaczone do paska z kokieteryjnym, smuk\u0142ym szwem umieszczonym z ty\u0142u n\u00f3g. Wzmocnienie palc\u00f3w niewidoczne. Sk\u0142ad: 86% poliamid, 14% elastan.<\/p>\n","protected":false},"featured_media":15236,"comment_status":"open","ping_status":"closed","template":"","meta":[],"product_brand":[],"product_cat":[24,628,41,40,39],"product_tag":[708,709,710,1160,52,1155,348,1169,700,1170,725,1173,1174,1124,1074,1172,1171,1175],"class_list":{"0":"post-14645","1":"product","2":"type-product","3":"status-publish","4":"has-post-thumbnail","6":"product_cat-produkty","7":"product_cat-rajstopy-podkategoria-do-bielizny","8":"product_cat-l","9":"product_cat-m","10":"product_cat-s","11":"product_tag-2-s","12":"product_tag-3-m","13":"product_tag-4-l","14":"product_tag-cieniutkie","15":"product_tag-czarne","16":"product_tag-do-kazdej-zmyslowej-stylizacji","17":"product_tag-eleganckie","18":"product_tag-fiore-ponczochy-marlena","19":"product_tag-grubosc-20-den","20":"product_tag-kokieteryjny-smukly-szew-z-tylu-nog","21":"product_tag-matowe","22":"product_tag-najwyzszej-jakosci","23":"product_tag-podwojnie-oplatane-dla-zwiekszenia-trwalosci","24":"product_tag-ponczochy-do-paska","25":"product_tag-transparentne","26":"product_tag-wykonane-z-lycry","27":"product_tag-wzmocnienie-palcow-niewidoczne","28":"product_tag-z-niewidoczna-struktura-wzmocnienia-czesci-palcowej","30":"first","31":"instock","32":"taxable","33":"shipping-taxable","34":"purchasable","35":"product-type-simple"},"_links":{"self":[{"href":"https:\/\/butikhome.pl\/index.php\/wp-json\/wp\/v2\/product\/14645","targetHints":{"allow":["GET"]}}],"collection":[{"href":"https:\/\/butikhome.pl\/index.php\/wp-json\/wp\/v2\/product"}],"about":[{"href":"https:\/\/butikhome.pl\/index.php\/wp-json\/wp\/v2\/types\/product"}],"replies":[{"embeddable":true,"href":"https:\/\/butikhome.pl\/index.php\/wp-json\/wp\/v2\/comments?post=14645"}],"wp:featuredmedia":[{"embeddable":true,"href":"https:\/\/butikhome.pl\/index.php\/wp-json\/wp\/v2\/media\/15236"}],"wp:attachment":[{"href":"https:\/\/butikhome.pl\/index.php\/wp-json\/wp\/v2\/media?parent=14645"}],"wp:term":[{"taxonomy":"product_brand","embeddable":true,"href":"https:\/\/butikhome.pl\/index.php\/wp-json\/wp\/v2\/product_brand?post=14645"},{"taxonomy":"product_cat","embeddable":true,"href":"https:\/\/butikhome.pl\/index.php\/wp-json\/wp\/v2\/product_cat?post=14645"},{"taxonomy":"product_tag","embeddable":true,"href":"https:\/\/butikhome.pl\/index.php\/wp-json\/wp\/v2\/product_tag?post=14645"}],"curies":[{"name":"wp","href":"https:\/\/api.w.org\/{rel}","templated":true}]}}