{"id":14648,"date":"2023-03-29T19:21:35","date_gmt":"2023-03-29T17:21:35","guid":{"rendered":"https:\/\/butikhome.pl\/index.php\/produkt\/ponczochy-matrix-30-den\/"},"modified":"2023-05-24T15:28:12","modified_gmt":"2023-05-24T13:28:12","slug":"ponczochy-matrix-30-den","status":"publish","type":"product","link":"https:\/\/butikhome.pl\/index.php\/produkt\/ponczochy-matrix-30-den\/","title":{"rendered":"Po\u0144czochy Matrix 30 Den"},"content":{"rendered":"<ul>\n<li>Kobieca stylistyka<\/li>\n<li>Kr\u00f3j, kt\u00f3ry podkre\u015bla sylwetk\u0119<\/li>\n<li>Pakowany w pude\u0142ko<\/li>\n<li>Pas w osobnej sprzeda\u017cy<\/li>\n<li>Produkt polski<\/li>\n<li>Przyjemna w dotyku, mi\u0119kka dzianina\/tkanina<\/li>\n<li>Wykonana z elastycznego materia\u0142u<\/li>\n<li>Wysoka jako\u015b\u0107<\/li>\n<li>Elastan: 8%<\/li>\n<li>Poliamid: 92%<\/li>\n<\/ul>\n","protected":false},"excerpt":{"rendered":"<p>Kobieca stylistyka Kr\u00f3j, kt\u00f3ry podkre\u015bla sylwetk\u0119 Pakowany w pude\u0142ko Pas w osobnej sprzeda\u017cy Produkt polski Przyjemna w dotyku, mi\u0119kka dzianina\/tkanina Wykonana z elastycznego materia\u0142u Wysoka jako\u015b\u0107 Elastan: 8% Poliamid: 92%<\/p>\n","protected":false},"featured_media":15235,"comment_status":"open","ping_status":"closed","template":"","meta":[],"product_brand":[],"product_cat":[24,628,40,39],"product_tag":[708,709,1168,1167,1011,81,659,1124,1125,388,764,301],"class_list":{"0":"post-14648","1":"product","2":"type-product","3":"status-publish","4":"has-post-thumbnail","6":"product_cat-produkty","7":"product_cat-rajstopy-podkategoria-do-bielizny","8":"product_cat-m","9":"product_cat-s","10":"product_tag-2-s","11":"product_tag-3-m","12":"product_tag-elastyczny-material","13":"product_tag-fiore-ponczochy-matrix-30-den","14":"product_tag-grubosc-30-den","15":"product_tag-kobiece","16":"product_tag-kroj-podkreslajacy-sylwetke","17":"product_tag-ponczochy-do-paska","18":"product_tag-ponczochy-wzorzyste","19":"product_tag-produkt-polski","20":"product_tag-przyjemne-w-dotyku","21":"product_tag-wysoka-jakosc","23":"first","24":"instock","25":"taxable","26":"shipping-taxable","27":"purchasable","28":"product-type-simple"},"_links":{"self":[{"href":"https:\/\/butikhome.pl\/index.php\/wp-json\/wp\/v2\/product\/14648","targetHints":{"allow":["GET"]}}],"collection":[{"href":"https:\/\/butikhome.pl\/index.php\/wp-json\/wp\/v2\/product"}],"about":[{"href":"https:\/\/butikhome.pl\/index.php\/wp-json\/wp\/v2\/types\/product"}],"replies":[{"embeddable":true,"href":"https:\/\/butikhome.pl\/index.php\/wp-json\/wp\/v2\/comments?post=14648"}],"wp:featuredmedia":[{"embeddable":true,"href":"https:\/\/butikhome.pl\/index.php\/wp-json\/wp\/v2\/media\/15235"}],"wp:attachment":[{"href":"https:\/\/butikhome.pl\/index.php\/wp-json\/wp\/v2\/media?parent=14648"}],"wp:term":[{"taxonomy":"product_brand","embeddable":true,"href":"https:\/\/butikhome.pl\/index.php\/wp-json\/wp\/v2\/product_brand?post=14648"},{"taxonomy":"product_cat","embeddable":true,"href":"https:\/\/butikhome.pl\/index.php\/wp-json\/wp\/v2\/product_cat?post=14648"},{"taxonomy":"product_tag","embeddable":true,"href":"https:\/\/butikhome.pl\/index.php\/wp-json\/wp\/v2\/product_tag?post=14648"}],"curies":[{"name":"wp","href":"https:\/\/api.w.org\/{rel}","templated":true}]}}