{"id":14650,"date":"2023-03-29T19:21:39","date_gmt":"2023-03-29T17:21:39","guid":{"rendered":"https:\/\/butikhome.pl\/index.php\/produkt\/ponczochy-milena\/"},"modified":"2023-05-24T15:22:22","modified_gmt":"2023-05-24T13:22:22","slug":"ponczochy-milena","status":"publish","type":"product","link":"https:\/\/butikhome.pl\/index.php\/produkt\/ponczochy-milena\/","title":{"rendered":"Po\u0144czochy Milena"},"content":{"rendered":"<p>Czarne, pe\u0142ne wdzi\u0119ku po\u0144czochy samono\u015bne. Wykonane z g\u0142adkiej, mi\u0119kkiej prz\u0119dzy, kt\u00f3ra \u0142adnie podkre\u015bla lini\u0119 n\u00f3g. Wyko\u0144czone finezyjnym wzorem, dodaj\u0105 uroku. 100% komfort noszenia. Grubo\u015b\u0107 20 DEN. Sk\u0142ad: 86% poliamid, 14% elastan.<\/p>\n","protected":false},"excerpt":{"rendered":"<p>Czarne, pe\u0142ne wdzi\u0119ku po\u0144czochy samono\u015bne. Wykonane z g\u0142adkiej, mi\u0119kkiej prz\u0119dzy, kt\u00f3ra \u0142adnie podkre\u015bla lini\u0119 n\u00f3g. Wyko\u0144czone finezyjnym wzorem, dodaj\u0105 uroku. 100% komfort noszenia. Grubo\u015b\u0107 20 DEN. Sk\u0142ad: 86% poliamid, 14% elastan.<\/p>\n","protected":false},"featured_media":15233,"comment_status":"open","ping_status":"closed","template":"","meta":[],"product_brand":[],"product_cat":[24,628,41,40,39],"product_tag":[708,709,710,52,1163,700,1166,920,1074,1165,1164],"class_list":{"0":"post-14650","1":"product","2":"type-product","3":"status-publish","4":"has-post-thumbnail","6":"product_cat-produkty","7":"product_cat-rajstopy-podkategoria-do-bielizny","8":"product_cat-l","9":"product_cat-m","10":"product_cat-s","11":"product_tag-2-s","12":"product_tag-3-m","13":"product_tag-4-l","14":"product_tag-czarne","15":"product_tag-fiore-ponczochy-milena","16":"product_tag-grubosc-20-den","17":"product_tag-komfortowe-do-noszenia","18":"product_tag-podkreslaja-linie-nog","19":"product_tag-transparentne","20":"product_tag-wykonczone-finezyjna-koronka","21":"product_tag-z-gladkiej-miekkiej-przedzy","23":"first","24":"instock","25":"taxable","26":"shipping-taxable","27":"purchasable","28":"product-type-simple"},"_links":{"self":[{"href":"https:\/\/butikhome.pl\/index.php\/wp-json\/wp\/v2\/product\/14650","targetHints":{"allow":["GET"]}}],"collection":[{"href":"https:\/\/butikhome.pl\/index.php\/wp-json\/wp\/v2\/product"}],"about":[{"href":"https:\/\/butikhome.pl\/index.php\/wp-json\/wp\/v2\/types\/product"}],"replies":[{"embeddable":true,"href":"https:\/\/butikhome.pl\/index.php\/wp-json\/wp\/v2\/comments?post=14650"}],"wp:featuredmedia":[{"embeddable":true,"href":"https:\/\/butikhome.pl\/index.php\/wp-json\/wp\/v2\/media\/15233"}],"wp:attachment":[{"href":"https:\/\/butikhome.pl\/index.php\/wp-json\/wp\/v2\/media?parent=14650"}],"wp:term":[{"taxonomy":"product_brand","embeddable":true,"href":"https:\/\/butikhome.pl\/index.php\/wp-json\/wp\/v2\/product_brand?post=14650"},{"taxonomy":"product_cat","embeddable":true,"href":"https:\/\/butikhome.pl\/index.php\/wp-json\/wp\/v2\/product_cat?post=14650"},{"taxonomy":"product_tag","embeddable":true,"href":"https:\/\/butikhome.pl\/index.php\/wp-json\/wp\/v2\/product_tag?post=14650"}],"curies":[{"name":"wp","href":"https:\/\/api.w.org\/{rel}","templated":true}]}}