{"id":14675,"date":"2023-03-29T19:23:12","date_gmt":"2023-03-29T17:23:12","guid":{"rendered":"https:\/\/butikhome.pl\/index.php\/produkt\/ponczochy-nocturne-20-den\/"},"modified":"2023-05-24T15:19:52","modified_gmt":"2023-05-24T13:19:52","slug":"ponczochy-nocturne-20-den","status":"publish","type":"product","link":"https:\/\/butikhome.pl\/index.php\/produkt\/ponczochy-nocturne-20-den\/","title":{"rendered":"Po\u0144czochy Nocturne 20 Den"},"content":{"rendered":"<p>Wyj\u0105tkowo seksowne po\u0142\u0105czenie czerni z fantazyjnym czerwonym wyko\u0144czeniem. G\u0142adkie, cieniutkie\u00a0 po\u0144czochy samono\u015bne z podw\u00f3jnym paskiem silikonu dla wygody noszenia. Niewidoczna cz\u0119\u015b\u0107 palcowa. Oryginalny koronkowy wz\u00f3r doda seksapilu i sprawi, \u017ce poczujesz si\u0119 pon\u0119tnie i kobieco. To idealne dope\u0142nienie wieczoru z ukochanym. Dzi\u0119ki zastosowaniu techniki oplotu zwi\u0119kszona trwa\u0142o\u015b\u0107 i jako\u015b\u0107 wyrobu.<\/p>\n<p>Sk\u0142ad: 86% poliamid, 14% elastan<\/p>\n","protected":false},"excerpt":{"rendered":"<p>Wyj\u0105tkowo seksowne po\u0142\u0105czenie czerni z fantazyjnym czerwonym wyko\u0144czeniem. G\u0142adkie, cieniutkie\u00a0 po\u0144czochy samono\u015bne z podw\u00f3jnym paskiem silikonu dla wygody noszenia. Niewidoczna cz\u0119\u015b\u0107 palcowa. Oryginalny koronkowy wz\u00f3r doda seksapilu i sprawi, \u017ce poczujesz si\u0119 pon\u0119tnie i kobieco. To idealne dope\u0142nienie wieczoru z ukochanym. Dzi\u0119ki zastosowaniu techniki oplotu zwi\u0119kszona trwa\u0142o\u015b\u0107 i jako\u015b\u0107 wyrobu. Sk\u0142ad: 86% poliamid, 14% elastan<\/p>\n","protected":false},"featured_media":15232,"comment_status":"open","ping_status":"closed","template":"","meta":[],"product_brand":[],"product_cat":[24,628,41,40,39],"product_tag":[708,709,710,1131,1160,1158,51,700,495,1161,951,1159,1162],"class_list":{"0":"post-14675","1":"product","2":"type-product","3":"status-publish","4":"has-post-thumbnail","6":"product_cat-produkty","7":"product_cat-rajstopy-podkategoria-do-bielizny","8":"product_cat-l","9":"product_cat-m","10":"product_cat-s","11":"product_tag-2-s","12":"product_tag-3-m","13":"product_tag-4-l","14":"product_tag-bez-wzmocnien-na-palcach","15":"product_tag-cieniutkie","16":"product_tag-fiore-ponczochy-nocturne-20-den","17":"product_tag-gladkie","18":"product_tag-grubosc-20-den","19":"product_tag-koronkowe-wykonczenie","20":"product_tag-podwojny-pasek-silikonu-dla-wygody","21":"product_tag-ponczochy-samonosne","22":"product_tag-seksowne-polaczenie-czerni-z-czerwonym-wykonczeniem","23":"product_tag-zwiekszona","25":"first","26":"instock","27":"taxable","28":"shipping-taxable","29":"purchasable","30":"product-type-simple"},"_links":{"self":[{"href":"https:\/\/butikhome.pl\/index.php\/wp-json\/wp\/v2\/product\/14675","targetHints":{"allow":["GET"]}}],"collection":[{"href":"https:\/\/butikhome.pl\/index.php\/wp-json\/wp\/v2\/product"}],"about":[{"href":"https:\/\/butikhome.pl\/index.php\/wp-json\/wp\/v2\/types\/product"}],"replies":[{"embeddable":true,"href":"https:\/\/butikhome.pl\/index.php\/wp-json\/wp\/v2\/comments?post=14675"}],"wp:featuredmedia":[{"embeddable":true,"href":"https:\/\/butikhome.pl\/index.php\/wp-json\/wp\/v2\/media\/15232"}],"wp:attachment":[{"href":"https:\/\/butikhome.pl\/index.php\/wp-json\/wp\/v2\/media?parent=14675"}],"wp:term":[{"taxonomy":"product_brand","embeddable":true,"href":"https:\/\/butikhome.pl\/index.php\/wp-json\/wp\/v2\/product_brand?post=14675"},{"taxonomy":"product_cat","embeddable":true,"href":"https:\/\/butikhome.pl\/index.php\/wp-json\/wp\/v2\/product_cat?post=14675"},{"taxonomy":"product_tag","embeddable":true,"href":"https:\/\/butikhome.pl\/index.php\/wp-json\/wp\/v2\/product_tag?post=14675"}],"curies":[{"name":"wp","href":"https:\/\/api.w.org\/{rel}","templated":true}]}}