{"id":14678,"date":"2023-03-29T19:23:18","date_gmt":"2023-03-29T17:23:18","guid":{"rendered":"https:\/\/butikhome.pl\/index.php\/produkt\/ponczochy-piccante-20-den\/"},"modified":"2023-05-24T15:19:17","modified_gmt":"2023-05-24T13:19:17","slug":"ponczochy-piccante-20-den","status":"publish","type":"product","link":"https:\/\/butikhome.pl\/index.php\/produkt\/ponczochy-piccante-20-den\/","title":{"rendered":"Po\u0144czochy Piccante 20 den"},"content":{"rendered":"<p>Czarne, transparentne po\u0144czochy do paska, prawdziwy must have ka\u017cdej zmys\u0142owej stylizacji. Udo zdobione kusz\u0105cym, czerwonym kwiatem. Nowa kolekcja od Fiore. Grubo\u015b\u0107 20 den. Sk\u0142ad: 82% poliamid, 14% elastan, 4% polipropylen.<\/p>\n","protected":false},"excerpt":{"rendered":"<p>Czarne, transparentne po\u0144czochy do paska, prawdziwy must have ka\u017cdej zmys\u0142owej stylizacji. Udo zdobione kusz\u0105cym, czerwonym kwiatem. Nowa kolekcja od Fiore. Grubo\u015b\u0107 20 den. Sk\u0142ad: 82% poliamid, 14% elastan, 4% polipropylen.<\/p>\n","protected":false},"featured_media":15230,"comment_status":"open","ping_status":"closed","template":"","meta":[],"product_brand":[],"product_cat":[24,628,41,40,39],"product_tag":[708,709,710,729,52,1155,1154,700,1124,1157,1074,1156],"class_list":{"0":"post-14678","1":"product","2":"type-product","3":"status-publish","4":"has-post-thumbnail","6":"product_cat-produkty","7":"product_cat-rajstopy-podkategoria-do-bielizny","8":"product_cat-l","9":"product_cat-m","10":"product_cat-s","11":"product_tag-2-s","12":"product_tag-3-m","13":"product_tag-4-l","14":"product_tag-bez-zaznaczonej-czesci-palcowej","15":"product_tag-czarne","16":"product_tag-do-kazdej-zmyslowej-stylizacji","17":"product_tag-fiore-ponczochy-piccante-20-den","18":"product_tag-grubosc-20-den","19":"product_tag-ponczochy-do-paska","20":"product_tag-technologia-oplotu-ktora-zwieksza-jakosc-i-trwalosc-wyrobu","21":"product_tag-transparentne","22":"product_tag-udo-zdobione-kuszacym-czerwonym-kwiatem","24":"first","25":"instock","26":"taxable","27":"shipping-taxable","28":"purchasable","29":"product-type-simple"},"_links":{"self":[{"href":"https:\/\/butikhome.pl\/index.php\/wp-json\/wp\/v2\/product\/14678","targetHints":{"allow":["GET"]}}],"collection":[{"href":"https:\/\/butikhome.pl\/index.php\/wp-json\/wp\/v2\/product"}],"about":[{"href":"https:\/\/butikhome.pl\/index.php\/wp-json\/wp\/v2\/types\/product"}],"replies":[{"embeddable":true,"href":"https:\/\/butikhome.pl\/index.php\/wp-json\/wp\/v2\/comments?post=14678"}],"wp:featuredmedia":[{"embeddable":true,"href":"https:\/\/butikhome.pl\/index.php\/wp-json\/wp\/v2\/media\/15230"}],"wp:attachment":[{"href":"https:\/\/butikhome.pl\/index.php\/wp-json\/wp\/v2\/media?parent=14678"}],"wp:term":[{"taxonomy":"product_brand","embeddable":true,"href":"https:\/\/butikhome.pl\/index.php\/wp-json\/wp\/v2\/product_brand?post=14678"},{"taxonomy":"product_cat","embeddable":true,"href":"https:\/\/butikhome.pl\/index.php\/wp-json\/wp\/v2\/product_cat?post=14678"},{"taxonomy":"product_tag","embeddable":true,"href":"https:\/\/butikhome.pl\/index.php\/wp-json\/wp\/v2\/product_tag?post=14678"}],"curies":[{"name":"wp","href":"https:\/\/api.w.org\/{rel}","templated":true}]}}