{"id":14681,"date":"2023-03-29T19:23:23","date_gmt":"2023-03-29T17:23:23","guid":{"rendered":"https:\/\/butikhome.pl\/index.php\/produkt\/ponczochy-romance-20-den\/"},"modified":"2023-05-24T15:18:38","modified_gmt":"2023-05-24T13:18:38","slug":"ponczochy-romance-20-den","status":"publish","type":"product","link":"https:\/\/butikhome.pl\/index.php\/produkt\/ponczochy-romance-20-den\/","title":{"rendered":"Po\u0144czochy Romance 20 DEN"},"content":{"rendered":"<p>Po\u0144czochy do paska w dw\u00f3ch kolorach do wyboru: czarnym i bia\u0142ym. Z delikatnym wyko\u0144czeniem na udach idealnie przylegaj\u0105 do cia\u0142a. Charakteryzuj\u0105 si\u0119 trwalsz\u0105 struktur\u0105 i wzmocnion\u0105 cz\u0119\u015bci\u0105 palcow\u0105. Matowe wyko\u0144czenie daje elegancki i zmys\u0142owy efekt. Grubo\u015b\u0107 20 DEN. Sk\u0142ad: 86% poliamid, 14% elastan.<\/p>\n<p>&nbsp;<\/p>\n","protected":false},"excerpt":{"rendered":"<p>Po\u0144czochy do paska w dw\u00f3ch kolorach do wyboru: czarnym i bia\u0142ym. Z delikatnym wyko\u0144czeniem na udach idealnie przylegaj\u0105 do cia\u0142a. Charakteryzuj\u0105 si\u0119 trwalsz\u0105 struktur\u0105 i wzmocnion\u0105 cz\u0119\u015bci\u0105 palcow\u0105. Matowe wyko\u0144czenie daje elegancki i zmys\u0142owy efekt. Grubo\u015b\u0107 20 DEN. Sk\u0142ad: 86% poliamid, 14% elastan. &nbsp;<\/p>\n","protected":false},"featured_media":15226,"comment_status":"open","ping_status":"closed","template":"","meta":[],"product_brand":[],"product_cat":[24,628,40,39],"product_tag":[708,709,408,52,1148,1149,1153,1147,700,1150,1152,1124,1074,1151,974],"class_list":{"0":"post-14681","1":"product","2":"type-product","3":"status-publish","4":"has-post-thumbnail","6":"product_cat-produkty","7":"product_cat-rajstopy-podkategoria-do-bielizny","8":"product_cat-m","9":"product_cat-s","10":"product_tag-2-s","11":"product_tag-3-m","12":"product_tag-biale","13":"product_tag-czarne","14":"product_tag-czarne-lub-biale","15":"product_tag-delikatne-wykonczenie-na-udach","16":"product_tag-elegancki-i-zmyslowy-efekt","17":"product_tag-fiore-ponczochy-romance-20-den","18":"product_tag-grubosc-20-den","19":"product_tag-idealnie-przylegaja-do-ciala","20":"product_tag-matowe-wykonczenie","21":"product_tag-ponczochy-do-paska","22":"product_tag-transparentne","23":"product_tag-trwala-struktura","24":"product_tag-wzmocniona-czesc-palcowa","26":"first","27":"instock","28":"taxable","29":"shipping-taxable","30":"purchasable","31":"product-type-simple"},"_links":{"self":[{"href":"https:\/\/butikhome.pl\/index.php\/wp-json\/wp\/v2\/product\/14681","targetHints":{"allow":["GET"]}}],"collection":[{"href":"https:\/\/butikhome.pl\/index.php\/wp-json\/wp\/v2\/product"}],"about":[{"href":"https:\/\/butikhome.pl\/index.php\/wp-json\/wp\/v2\/types\/product"}],"replies":[{"embeddable":true,"href":"https:\/\/butikhome.pl\/index.php\/wp-json\/wp\/v2\/comments?post=14681"}],"wp:featuredmedia":[{"embeddable":true,"href":"https:\/\/butikhome.pl\/index.php\/wp-json\/wp\/v2\/media\/15226"}],"wp:attachment":[{"href":"https:\/\/butikhome.pl\/index.php\/wp-json\/wp\/v2\/media?parent=14681"}],"wp:term":[{"taxonomy":"product_brand","embeddable":true,"href":"https:\/\/butikhome.pl\/index.php\/wp-json\/wp\/v2\/product_brand?post=14681"},{"taxonomy":"product_cat","embeddable":true,"href":"https:\/\/butikhome.pl\/index.php\/wp-json\/wp\/v2\/product_cat?post=14681"},{"taxonomy":"product_tag","embeddable":true,"href":"https:\/\/butikhome.pl\/index.php\/wp-json\/wp\/v2\/product_tag?post=14681"}],"curies":[{"name":"wp","href":"https:\/\/api.w.org\/{rel}","templated":true}]}}