{"id":14689,"date":"2023-03-29T19:23:37","date_gmt":"2023-03-29T17:23:37","guid":{"rendered":"https:\/\/butikhome.pl\/index.php\/produkt\/ponczochy-sensual-marion-20-den\/"},"modified":"2023-05-24T15:13:55","modified_gmt":"2023-05-24T13:13:55","slug":"ponczochy-sensual-marion-20-den","status":"publish","type":"product","link":"https:\/\/butikhome.pl\/index.php\/produkt\/ponczochy-sensual-marion-20-den\/","title":{"rendered":"Po\u0144czochy Sensual Marion 20 den"},"content":{"rendered":"<p>Czarne, delikatne po\u0144czoszki do paska o wyj\u0105tkowym uroku. Kobiece i zmys\u0142owe. Grubo\u015b\u0107 20 den. Sk\u0142ad: 86% poliamid, 14% elastan.<\/p>\n","protected":false},"excerpt":{"rendered":"<p>Czarne, delikatne po\u0144czoszki do paska o wyj\u0105tkowym uroku. Kobiece i zmys\u0142owe. Grubo\u015b\u0107 20 den. Sk\u0142ad: 86% poliamid, 14% elastan.<\/p>\n","protected":false},"featured_media":15217,"comment_status":"open","ping_status":"closed","template":"","meta":[],"product_brand":[],"product_cat":[24,628,40],"product_tag":[709,52,289,1123,700,81,725,1124,1125,1127,1074,1126,148],"class_list":{"0":"post-14689","1":"product","2":"type-product","3":"status-publish","4":"has-post-thumbnail","6":"product_cat-produkty","7":"product_cat-rajstopy-podkategoria-do-bielizny","8":"product_cat-m","9":"product_tag-3-m","10":"product_tag-czarne","11":"product_tag-delikatne","12":"product_tag-fiore-ponczochy-sensual-marion-20-den","13":"product_tag-grubosc-20-den","14":"product_tag-kobiece","15":"product_tag-matowe","16":"product_tag-ponczochy-do-paska","17":"product_tag-ponczochy-wzorzyste","18":"product_tag-ponczochy-z-niewidoczna-struktura-wzmocnienia-czesci-palcowej","19":"product_tag-transparentne","20":"product_tag-wykonane-z-najwyzszej-jakosci-przedz-podwojnie-oplatanych","21":"product_tag-zmyslowe","23":"first","24":"instock","25":"taxable","26":"shipping-taxable","27":"purchasable","28":"product-type-simple"},"_links":{"self":[{"href":"https:\/\/butikhome.pl\/index.php\/wp-json\/wp\/v2\/product\/14689","targetHints":{"allow":["GET"]}}],"collection":[{"href":"https:\/\/butikhome.pl\/index.php\/wp-json\/wp\/v2\/product"}],"about":[{"href":"https:\/\/butikhome.pl\/index.php\/wp-json\/wp\/v2\/types\/product"}],"replies":[{"embeddable":true,"href":"https:\/\/butikhome.pl\/index.php\/wp-json\/wp\/v2\/comments?post=14689"}],"wp:featuredmedia":[{"embeddable":true,"href":"https:\/\/butikhome.pl\/index.php\/wp-json\/wp\/v2\/media\/15217"}],"wp:attachment":[{"href":"https:\/\/butikhome.pl\/index.php\/wp-json\/wp\/v2\/media?parent=14689"}],"wp:term":[{"taxonomy":"product_brand","embeddable":true,"href":"https:\/\/butikhome.pl\/index.php\/wp-json\/wp\/v2\/product_brand?post=14689"},{"taxonomy":"product_cat","embeddable":true,"href":"https:\/\/butikhome.pl\/index.php\/wp-json\/wp\/v2\/product_cat?post=14689"},{"taxonomy":"product_tag","embeddable":true,"href":"https:\/\/butikhome.pl\/index.php\/wp-json\/wp\/v2\/product_tag?post=14689"}],"curies":[{"name":"wp","href":"https:\/\/api.w.org\/{rel}","templated":true}]}}