{"id":14693,"date":"2023-03-29T19:23:43","date_gmt":"2023-03-29T17:23:43","guid":{"rendered":"https:\/\/butikhome.pl\/index.php\/produkt\/ponczochy-storia-the-one\/"},"modified":"2023-05-24T15:09:14","modified_gmt":"2023-05-24T13:09:14","slug":"ponczochy-storia-the-one","status":"publish","type":"product","link":"https:\/\/butikhome.pl\/index.php\/produkt\/ponczochy-storia-the-one\/","title":{"rendered":"Po\u0144czochy Storia The One"},"content":{"rendered":"<p>Ekskluzywne po\u0144czochy samono\u015bne wyko\u0144czone szerok\u0105, niesamowicie efektown\u0105 koronk\u0105 w kolorze jasnego r\u00f3\u017cu, z subteln\u0105, b\u0142\u0119kitn\u0105 wstawk\u0105. Matowe, wysokiej jako\u015bci, idealne na specjaln\u0105 okazj\u0119. Grubo\u015b\u0107 20 DEN. Sk\u0142ad: 83% poliamid, 14% elastan, 3% polipropylen.<\/p>\n<p>&nbsp;<\/p>\n","protected":false},"excerpt":{"rendered":"<p>Ekskluzywne po\u0144czochy samono\u015bne wyko\u0144czone szerok\u0105, niesamowicie efektown\u0105 koronk\u0105 w kolorze jasnego r\u00f3\u017cu, z subteln\u0105, b\u0142\u0119kitn\u0105 wstawk\u0105. Matowe, wysokiej jako\u015bci, idealne na specjaln\u0105 okazj\u0119. Grubo\u015b\u0107 20 DEN. Sk\u0142ad: 83% poliamid, 14% elastan, 3% polipropylen. &nbsp;<\/p>\n","protected":false},"featured_media":15212,"comment_status":"open","ping_status":"closed","template":"","meta":[],"product_brand":[],"product_cat":[24,628,39],"product_tag":[708,1102,700,725,951,1104,1103,1105],"class_list":{"0":"post-14693","1":"product","2":"type-product","3":"status-publish","4":"has-post-thumbnail","6":"product_cat-produkty","7":"product_cat-rajstopy-podkategoria-do-bielizny","8":"product_cat-s","9":"product_tag-2-s","10":"product_tag-fiore-ponczochy-storia-the-one","11":"product_tag-grubosc-20-den","12":"product_tag-matowe","13":"product_tag-ponczochy-samonosne","14":"product_tag-w-kolorze-jasnego-rozu-z-blekitna-wstawka","15":"product_tag-wykonczone-efektowna-koronka","16":"product_tag-wysoka-jakosc-idealne-na-specjalna-okazje","18":"first","19":"instock","20":"taxable","21":"shipping-taxable","22":"purchasable","23":"product-type-simple"},"_links":{"self":[{"href":"https:\/\/butikhome.pl\/index.php\/wp-json\/wp\/v2\/product\/14693","targetHints":{"allow":["GET"]}}],"collection":[{"href":"https:\/\/butikhome.pl\/index.php\/wp-json\/wp\/v2\/product"}],"about":[{"href":"https:\/\/butikhome.pl\/index.php\/wp-json\/wp\/v2\/types\/product"}],"replies":[{"embeddable":true,"href":"https:\/\/butikhome.pl\/index.php\/wp-json\/wp\/v2\/comments?post=14693"}],"wp:featuredmedia":[{"embeddable":true,"href":"https:\/\/butikhome.pl\/index.php\/wp-json\/wp\/v2\/media\/15212"}],"wp:attachment":[{"href":"https:\/\/butikhome.pl\/index.php\/wp-json\/wp\/v2\/media?parent=14693"}],"wp:term":[{"taxonomy":"product_brand","embeddable":true,"href":"https:\/\/butikhome.pl\/index.php\/wp-json\/wp\/v2\/product_brand?post=14693"},{"taxonomy":"product_cat","embeddable":true,"href":"https:\/\/butikhome.pl\/index.php\/wp-json\/wp\/v2\/product_cat?post=14693"},{"taxonomy":"product_tag","embeddable":true,"href":"https:\/\/butikhome.pl\/index.php\/wp-json\/wp\/v2\/product_tag?post=14693"}],"curies":[{"name":"wp","href":"https:\/\/api.w.org\/{rel}","templated":true}]}}