{"id":14694,"date":"2023-03-29T19:23:43","date_gmt":"2023-03-29T17:23:43","guid":{"rendered":"https:\/\/butikhome.pl\/index.php\/produkt\/ponczochy-tempesta-20-den\/"},"modified":"2023-05-24T15:09:52","modified_gmt":"2023-05-24T13:09:52","slug":"ponczochy-tempesta-20-den","status":"publish","type":"product","link":"https:\/\/butikhome.pl\/index.php\/produkt\/ponczochy-tempesta-20-den\/","title":{"rendered":"Po\u0144czochy Tempesta 20 Den"},"content":{"rendered":"<p>Doskona\u0142y pomys\u0142 na subtelne dope\u0142nienie romantycznego wieczoru we dwoje. Ekskluzywne, g\u0142adkie po\u0144czochy do paska z delikatnym, zmys\u0142owym wzorem na wzmocnieniu g\u00f3rnej cz\u0119\u015bci. Matowe, z niewidoczn\u0105 struktur\u0105, wzmocnienia cz\u0119\u015bci palcowej. Delikatny wz\u00f3r kropek z ty\u0142u n\u00f3g optycznie je wyd\u0142u\u017ca i nadaje niepowtarzalnego, drapie\u017cnego charakteru. Atutem jest elastyczna, g\u0142adka w dotyku prz\u0119dza oraz niewidoczne wzmocnienie palc\u00f3w. Musisz je mie\u0107!<\/p>\n<p>Sk\u0142ad: 86% poliamid, 14% elastan<\/p>\n","protected":false},"excerpt":{"rendered":"<p>Doskona\u0142y pomys\u0142 na subtelne dope\u0142nienie romantycznego wieczoru we dwoje. Ekskluzywne, g\u0142adkie po\u0144czochy do paska z delikatnym, zmys\u0142owym wzorem na wzmocnieniu g\u00f3rnej cz\u0119\u015bci. Matowe, z niewidoczn\u0105 struktur\u0105, wzmocnienia cz\u0119\u015bci palcowej. Delikatny wz\u00f3r kropek z ty\u0142u n\u00f3g optycznie je wyd\u0142u\u017ca i nadaje niepowtarzalnego, drapie\u017cnego charakteru. Atutem jest elastyczna, g\u0142adka w dotyku prz\u0119dza oraz niewidoczne wzmocnienie palc\u00f3w. Musisz &hellip; <\/p>\n","protected":false},"featured_media":15216,"comment_status":"open","ping_status":"closed","template":"","meta":[],"product_brand":[],"product_cat":[24,628,39],"product_tag":[708,1120,1097,370,1116,1122,1117,1121,1119,1118],"class_list":{"0":"post-14694","1":"product","2":"type-product","3":"status-publish","4":"has-post-thumbnail","6":"product_cat-produkty","7":"product_cat-rajstopy-podkategoria-do-bielizny","8":"product_cat-s","9":"product_tag-2-s","10":"product_tag-delikatny-wzor-kropek-z-tylu-nog-optycznie-je-wydluza","11":"product_tag-ekskluzywne","12":"product_tag-elastyczne","13":"product_tag-fiore-ponczochy-tempesta-20-den","14":"product_tag-gladka-w-dotyku-przedza","15":"product_tag-gladkie-ponczochy-do-paska","16":"product_tag-niepowtarzalny-i-drapiezny-charakter","17":"product_tag-wzmocnienia-czesci-palcowej","18":"product_tag-zmyslowym-wzorem-na-wzmocnieniu-gornej-czesci","20":"first","21":"instock","22":"taxable","23":"shipping-taxable","24":"purchasable","25":"product-type-simple"},"_links":{"self":[{"href":"https:\/\/butikhome.pl\/index.php\/wp-json\/wp\/v2\/product\/14694","targetHints":{"allow":["GET"]}}],"collection":[{"href":"https:\/\/butikhome.pl\/index.php\/wp-json\/wp\/v2\/product"}],"about":[{"href":"https:\/\/butikhome.pl\/index.php\/wp-json\/wp\/v2\/types\/product"}],"replies":[{"embeddable":true,"href":"https:\/\/butikhome.pl\/index.php\/wp-json\/wp\/v2\/comments?post=14694"}],"wp:featuredmedia":[{"embeddable":true,"href":"https:\/\/butikhome.pl\/index.php\/wp-json\/wp\/v2\/media\/15216"}],"wp:attachment":[{"href":"https:\/\/butikhome.pl\/index.php\/wp-json\/wp\/v2\/media?parent=14694"}],"wp:term":[{"taxonomy":"product_brand","embeddable":true,"href":"https:\/\/butikhome.pl\/index.php\/wp-json\/wp\/v2\/product_brand?post=14694"},{"taxonomy":"product_cat","embeddable":true,"href":"https:\/\/butikhome.pl\/index.php\/wp-json\/wp\/v2\/product_cat?post=14694"},{"taxonomy":"product_tag","embeddable":true,"href":"https:\/\/butikhome.pl\/index.php\/wp-json\/wp\/v2\/product_tag?post=14694"}],"curies":[{"name":"wp","href":"https:\/\/api.w.org\/{rel}","templated":true}]}}