{"id":14697,"date":"2023-03-29T19:23:48","date_gmt":"2023-03-29T17:23:48","guid":{"rendered":"https:\/\/butikhome.pl\/index.php\/produkt\/ponczochy-vesper-20-den\/"},"modified":"2023-05-24T15:05:45","modified_gmt":"2023-05-24T13:05:45","slug":"ponczochy-vesper-20-den","status":"publish","type":"product","link":"https:\/\/butikhome.pl\/index.php\/produkt\/ponczochy-vesper-20-den\/","title":{"rendered":"Po\u0144czochy Vesper 20 den"},"content":{"rendered":"<p>Stylowe, ekskluzywne, bogato zdobione na udach po\u0144czochy Vesper, marki Fiore. Z ty\u0142u n\u00f3g &#8211; sexy pr\u0105\u017cek. Pi\u0119kne, matowe wyko\u0144czenie. Grubo\u015b\u0107 20 den. Sk\u0142ad: 86% poliamid, 14% elastan.<\/p>\n<p>&nbsp;<\/p>\n","protected":false},"excerpt":{"rendered":"<p>Stylowe, ekskluzywne, bogato zdobione na udach po\u0144czochy Vesper, marki Fiore. Z ty\u0142u n\u00f3g &#8211; sexy pr\u0105\u017cek. Pi\u0119kne, matowe wyko\u0144czenie. Grubo\u015b\u0107 20 den. Sk\u0142ad: 86% poliamid, 14% elastan. &nbsp;<\/p>\n","protected":false},"featured_media":15210,"comment_status":"open","ping_status":"closed","template":"","meta":[],"product_brand":[],"product_cat":[24,628,40],"product_tag":[709,1098,1097,1096,1101,1100,935,713,1099],"class_list":{"0":"post-14697","1":"product","2":"type-product","3":"status-publish","4":"has-post-thumbnail","6":"product_cat-produkty","7":"product_cat-rajstopy-podkategoria-do-bielizny","8":"product_cat-m","9":"product_tag-3-m","10":"product_tag-bogato-zdobione-na-udach","11":"product_tag-ekskluzywne","12":"product_tag-fiore-ponczchy-vesper-20-den","13":"product_tag-matowe-z-niewidoczna-struktura-wzmocnienia-czesci-palcowej","14":"product_tag-piekne-matowe-wykonczenie","15":"product_tag-ponczochy","16":"product_tag-stylowe","17":"product_tag-z-tylu-sexi-prazek","19":"first","20":"instock","21":"taxable","22":"shipping-taxable","23":"purchasable","24":"product-type-simple"},"_links":{"self":[{"href":"https:\/\/butikhome.pl\/index.php\/wp-json\/wp\/v2\/product\/14697","targetHints":{"allow":["GET"]}}],"collection":[{"href":"https:\/\/butikhome.pl\/index.php\/wp-json\/wp\/v2\/product"}],"about":[{"href":"https:\/\/butikhome.pl\/index.php\/wp-json\/wp\/v2\/types\/product"}],"replies":[{"embeddable":true,"href":"https:\/\/butikhome.pl\/index.php\/wp-json\/wp\/v2\/comments?post=14697"}],"wp:featuredmedia":[{"embeddable":true,"href":"https:\/\/butikhome.pl\/index.php\/wp-json\/wp\/v2\/media\/15210"}],"wp:attachment":[{"href":"https:\/\/butikhome.pl\/index.php\/wp-json\/wp\/v2\/media?parent=14697"}],"wp:term":[{"taxonomy":"product_brand","embeddable":true,"href":"https:\/\/butikhome.pl\/index.php\/wp-json\/wp\/v2\/product_brand?post=14697"},{"taxonomy":"product_cat","embeddable":true,"href":"https:\/\/butikhome.pl\/index.php\/wp-json\/wp\/v2\/product_cat?post=14697"},{"taxonomy":"product_tag","embeddable":true,"href":"https:\/\/butikhome.pl\/index.php\/wp-json\/wp\/v2\/product_tag?post=14697"}],"curies":[{"name":"wp","href":"https:\/\/api.w.org\/{rel}","templated":true}]}}