{"id":14699,"date":"2023-03-29T19:23:51","date_gmt":"2023-03-29T17:23:51","guid":{"rendered":"https:\/\/butikhome.pl\/index.php\/produkt\/ponczochy-z-paskiem-amour-20-den\/"},"modified":"2023-05-24T15:04:51","modified_gmt":"2023-05-24T13:04:51","slug":"ponczochy-z-paskiem-amour-20-den","status":"publish","type":"product","link":"https:\/\/butikhome.pl\/index.php\/produkt\/ponczochy-z-paskiem-amour-20-den\/","title":{"rendered":"Po\u0144czochy z paskiem Amour 20 DEN"},"content":{"rendered":"<p>Zmys\u0142owy dodatek do stylizacji &#8211; g\u0142adkie po\u0144czochy po\u0142\u0105czone z paskiem. \u015awietna alternatywa dla tradycyjnych pas\u00f3w do po\u0144czoch, bardzo praktyczne i wygodne. Grubo\u015b\u0107 20 DEN.<\/p>\n","protected":false},"excerpt":{"rendered":"<p>Zmys\u0142owy dodatek do stylizacji &#8211; g\u0142adkie po\u0144czochy po\u0142\u0105czone z paskiem. \u015awietna alternatywa dla tradycyjnych pas\u00f3w do po\u0144czoch, bardzo praktyczne i wygodne. Grubo\u015b\u0107 20 DEN.<\/p>\n","protected":false},"featured_media":15209,"comment_status":"open","ping_status":"closed","template":"","meta":[],"product_brand":[],"product_cat":[24,628,41],"product_tag":[710,1094,1047,52,1092,51,1093,700,1095,272,120],"class_list":{"0":"post-14699","1":"product","2":"type-product","3":"status-publish","4":"has-post-thumbnail","6":"product_cat-produkty","7":"product_cat-rajstopy-podkategoria-do-bielizny","8":"product_cat-l","9":"product_tag-4-l","10":"product_tag-bardzo-praktyczne","11":"product_tag-brak-wzmocnien-na-palcach","12":"product_tag-czarne","13":"product_tag-fiore-ponczochy-z-paskiem-amour-20-den","14":"product_tag-gladkie","15":"product_tag-gladkie-ponczochy-z-paskiem","16":"product_tag-grubosc-20-den","17":"product_tag-ozdobione-delikatna-koronka","18":"product_tag-seksowne","19":"product_tag-wygodne","21":"first","22":"instock","23":"taxable","24":"shipping-taxable","25":"purchasable","26":"product-type-simple"},"_links":{"self":[{"href":"https:\/\/butikhome.pl\/index.php\/wp-json\/wp\/v2\/product\/14699","targetHints":{"allow":["GET"]}}],"collection":[{"href":"https:\/\/butikhome.pl\/index.php\/wp-json\/wp\/v2\/product"}],"about":[{"href":"https:\/\/butikhome.pl\/index.php\/wp-json\/wp\/v2\/types\/product"}],"replies":[{"embeddable":true,"href":"https:\/\/butikhome.pl\/index.php\/wp-json\/wp\/v2\/comments?post=14699"}],"wp:featuredmedia":[{"embeddable":true,"href":"https:\/\/butikhome.pl\/index.php\/wp-json\/wp\/v2\/media\/15209"}],"wp:attachment":[{"href":"https:\/\/butikhome.pl\/index.php\/wp-json\/wp\/v2\/media?parent=14699"}],"wp:term":[{"taxonomy":"product_brand","embeddable":true,"href":"https:\/\/butikhome.pl\/index.php\/wp-json\/wp\/v2\/product_brand?post=14699"},{"taxonomy":"product_cat","embeddable":true,"href":"https:\/\/butikhome.pl\/index.php\/wp-json\/wp\/v2\/product_cat?post=14699"},{"taxonomy":"product_tag","embeddable":true,"href":"https:\/\/butikhome.pl\/index.php\/wp-json\/wp\/v2\/product_tag?post=14699"}],"curies":[{"name":"wp","href":"https:\/\/api.w.org\/{rel}","templated":true}]}}