{"id":14700,"date":"2023-03-29T19:23:51","date_gmt":"2023-03-29T17:23:51","guid":{"rendered":"https:\/\/butikhome.pl\/index.php\/produkt\/rajstopy-amour-rouge\/"},"modified":"2023-05-24T15:04:01","modified_gmt":"2023-05-24T13:04:01","slug":"rajstopy-amour-rouge","status":"publish","type":"product","link":"https:\/\/butikhome.pl\/index.php\/produkt\/rajstopy-amour-rouge\/","title":{"rendered":"Rajstopy Amour Rouge"},"content":{"rendered":"<p>Seksowne, eleganckie i niesamowicie kobiece &#8211; te rajstopy s\u0105 warte grzechu. Imituj\u0105 po\u0144czochy z paskiem, dzi\u0119ki czemu s\u0105 szczeg\u00f3lnie zmys\u0142owe i bardzo wygodne. Pi\u0119kny, kusz\u0105cy styl &#8211; czarny kolor, delikatne zdobienia na udach, czerwone akcenty&#8230; Jest moc! Grubo\u015b\u0107 20 DEN. Sk\u0142ad: 89% poliamid, 10% elastan, 1% polipropylen.<\/p>\n<p>&nbsp;<\/p>\n","protected":false},"excerpt":{"rendered":"<p>Seksowne, eleganckie i niesamowicie kobiece &#8211; te rajstopy s\u0105 warte grzechu. Imituj\u0105 po\u0144czochy z paskiem, dzi\u0119ki czemu s\u0105 szczeg\u00f3lnie zmys\u0142owe i bardzo wygodne. Pi\u0119kny, kusz\u0105cy styl &#8211; czarny kolor, delikatne zdobienia na udach, czerwone akcenty&#8230; Jest moc! Grubo\u015b\u0107 20 DEN. Sk\u0142ad: 89% poliamid, 10% elastan, 1% polipropylen. &nbsp;<\/p>\n","protected":false},"featured_media":15207,"comment_status":"open","ping_status":"closed","template":"","meta":[],"product_brand":[],"product_cat":[24,628,41,40,39],"product_tag":[708,709,710,1089,1091,1090,348,1084,700,1088,81,569,1087,1006,1014,272,1085,1086,301],"class_list":{"0":"post-14700","1":"product","2":"type-product","3":"status-publish","4":"has-post-thumbnail","6":"product_cat-produkty","7":"product_cat-rajstopy-podkategoria-do-bielizny","8":"product_cat-l","9":"product_cat-m","10":"product_cat-s","11":"product_tag-2-s","12":"product_tag-3-m","13":"product_tag-4-l","14":"product_tag-czarny","15":"product_tag-czerwone-akcenty","16":"product_tag-delikatne-zdobienia-na-udach","17":"product_tag-eleganckie","18":"product_tag-fiore-amour-rouge","19":"product_tag-grubosc-20-den","20":"product_tag-imitujace-ponczochy-z-paskiem","21":"product_tag-kobiece","22":"product_tag-kuszace","23":"product_tag-niewidocznie-wzmocniona-czesc-palcowa","24":"product_tag-plaski-szew","25":"product_tag-rajstopy-damskie-wzorzyste","26":"product_tag-seksowne","27":"product_tag-wykonane-w-technologii-wysokogatunkowego-oplotu-3d-dla-zwiekszonej-trwalosci-i-sprezystosci","28":"product_tag-wykonane-w-tej-technologii-zapewniaja-odczucie-komfortu-dla-skory-i-maksymalnego-przylegania-do-nogi","29":"product_tag-wysoka-jakosc","31":"first","32":"instock","33":"taxable","34":"shipping-taxable","35":"purchasable","36":"product-type-simple"},"_links":{"self":[{"href":"https:\/\/butikhome.pl\/index.php\/wp-json\/wp\/v2\/product\/14700","targetHints":{"allow":["GET"]}}],"collection":[{"href":"https:\/\/butikhome.pl\/index.php\/wp-json\/wp\/v2\/product"}],"about":[{"href":"https:\/\/butikhome.pl\/index.php\/wp-json\/wp\/v2\/types\/product"}],"replies":[{"embeddable":true,"href":"https:\/\/butikhome.pl\/index.php\/wp-json\/wp\/v2\/comments?post=14700"}],"wp:featuredmedia":[{"embeddable":true,"href":"https:\/\/butikhome.pl\/index.php\/wp-json\/wp\/v2\/media\/15207"}],"wp:attachment":[{"href":"https:\/\/butikhome.pl\/index.php\/wp-json\/wp\/v2\/media?parent=14700"}],"wp:term":[{"taxonomy":"product_brand","embeddable":true,"href":"https:\/\/butikhome.pl\/index.php\/wp-json\/wp\/v2\/product_brand?post=14700"},{"taxonomy":"product_cat","embeddable":true,"href":"https:\/\/butikhome.pl\/index.php\/wp-json\/wp\/v2\/product_cat?post=14700"},{"taxonomy":"product_tag","embeddable":true,"href":"https:\/\/butikhome.pl\/index.php\/wp-json\/wp\/v2\/product_tag?post=14700"}],"curies":[{"name":"wp","href":"https:\/\/api.w.org\/{rel}","templated":true}]}}