{"id":14703,"date":"2023-03-29T19:23:58","date_gmt":"2023-03-29T17:23:58","guid":{"rendered":"https:\/\/butikhome.pl\/index.php\/produkt\/rajstopy-ariel-30-den-black\/"},"modified":"2023-05-24T15:01:03","modified_gmt":"2023-05-24T13:01:03","slug":"rajstopy-ariel-30-den-black","status":"publish","type":"product","link":"https:\/\/butikhome.pl\/index.php\/produkt\/rajstopy-ariel-30-den-black\/","title":{"rendered":"Rajstopy Ariel 30 Den Black"},"content":{"rendered":"<ul>\n<li>Bez zaznaczenia widocznej lini majtek<\/li>\n<li>Bezszwowa konstrukcja<\/li>\n<li>Jednolity kolor<\/li>\n<li>Nie odznacza si\u0119 pod ubraniem<\/li>\n<li>Pakowany w woreczek<\/li>\n<li>Produkt polski<\/li>\n<li>Przyjemna w dotyku, mi\u0119kka dzianina\/tkanina<\/li>\n<li>Rajstopy wzorzyste<\/li>\n<li>Subtelny wz\u00f3r<\/li>\n<li>Wysoka jako\u015b\u0107<\/li>\n<li>Elastan: 12%<\/li>\n<li>Poliamid: 88%<\/li>\n<\/ul>\n","protected":false},"excerpt":{"rendered":"<p>Bez zaznaczenia widocznej lini majtek Bezszwowa konstrukcja Jednolity kolor Nie odznacza si\u0119 pod ubraniem Pakowany w woreczek Produkt polski Przyjemna w dotyku, mi\u0119kka dzianina\/tkanina Rajstopy wzorzyste Subtelny wz\u00f3r Wysoka jako\u015b\u0107 Elastan: 12% Poliamid: 88%<\/p>\n","protected":false},"featured_media":15205,"comment_status":"open","ping_status":"closed","template":"","meta":[],"product_brand":[],"product_cat":[24,628,41,40,39],"product_tag":[708,709,710,1081,1079,1083,1011,1082,222,1078,764,1014,1028,1074,301],"class_list":{"0":"post-14703","1":"product","2":"type-product","3":"status-publish","4":"has-post-thumbnail","6":"product_cat-produkty","7":"product_cat-rajstopy-podkategoria-do-bielizny","8":"product_cat-l","9":"product_cat-m","10":"product_cat-s","11":"product_tag-2-s","12":"product_tag-3-m","13":"product_tag-4-l","14":"product_tag-bez-widocznej-lini-majtek","15":"product_tag-bezszwowe-laczenia","16":"product_tag-fiore-ariel-30-den-black","17":"product_tag-grubosc-30-den","18":"product_tag-jednolity-kolor","19":"product_tag-nie-odznaczaja-sie-pod-ubraniem","20":"product_tag-polski-produkt","21":"product_tag-przyjemne-w-dotyku","22":"product_tag-rajstopy-damskie-wzorzyste","23":"product_tag-subtelny-wzor","24":"product_tag-transparentne","25":"product_tag-wysoka-jakosc","27":"first","28":"instock","29":"taxable","30":"shipping-taxable","31":"purchasable","32":"product-type-simple"},"_links":{"self":[{"href":"https:\/\/butikhome.pl\/index.php\/wp-json\/wp\/v2\/product\/14703","targetHints":{"allow":["GET"]}}],"collection":[{"href":"https:\/\/butikhome.pl\/index.php\/wp-json\/wp\/v2\/product"}],"about":[{"href":"https:\/\/butikhome.pl\/index.php\/wp-json\/wp\/v2\/types\/product"}],"replies":[{"embeddable":true,"href":"https:\/\/butikhome.pl\/index.php\/wp-json\/wp\/v2\/comments?post=14703"}],"wp:featuredmedia":[{"embeddable":true,"href":"https:\/\/butikhome.pl\/index.php\/wp-json\/wp\/v2\/media\/15205"}],"wp:attachment":[{"href":"https:\/\/butikhome.pl\/index.php\/wp-json\/wp\/v2\/media?parent=14703"}],"wp:term":[{"taxonomy":"product_brand","embeddable":true,"href":"https:\/\/butikhome.pl\/index.php\/wp-json\/wp\/v2\/product_brand?post=14703"},{"taxonomy":"product_cat","embeddable":true,"href":"https:\/\/butikhome.pl\/index.php\/wp-json\/wp\/v2\/product_cat?post=14703"},{"taxonomy":"product_tag","embeddable":true,"href":"https:\/\/butikhome.pl\/index.php\/wp-json\/wp\/v2\/product_tag?post=14703"}],"curies":[{"name":"wp","href":"https:\/\/api.w.org\/{rel}","templated":true}]}}