{"id":14706,"date":"2023-03-29T19:24:06","date_gmt":"2023-03-29T17:24:06","guid":{"rendered":"https:\/\/butikhome.pl\/index.php\/produkt\/rajstopy-ariel-30-den-ecru\/"},"modified":"2023-05-24T15:02:29","modified_gmt":"2023-05-24T13:02:29","slug":"rajstopy-ariel-30-den-ecru","status":"publish","type":"product","link":"https:\/\/butikhome.pl\/index.php\/produkt\/rajstopy-ariel-30-den-ecru\/","title":{"rendered":"Rajstopy Ariel 30 Den Ecru"},"content":{"rendered":"<ul>\n<li>Bez zaznaczenia widocznej lini majtek<\/li>\n<li>Bezszwowa konstrukcja<\/li>\n<li>Jednolity kolor<\/li>\n<li>Nie odznacza si\u0119 pod ubraniem<\/li>\n<li>Pakowany w woreczek<\/li>\n<li>Produkt polski<\/li>\n<li>Przyjemna w dotyku, mi\u0119kka dzianina\/tkanina<\/li>\n<li>Rajstopy wzorzyste<\/li>\n<li>Subtelny wz\u00f3r<\/li>\n<li>Technologia bezszwowych \u0142\u0105cze\u0144<\/li>\n<li>Wysoka jako\u015b\u0107<\/li>\n<li>Elastan: 12%<\/li>\n<li>Poliamid: 88%<\/li>\n<\/ul>\n","protected":false},"excerpt":{"rendered":"<p>Bez zaznaczenia widocznej lini majtek Bezszwowa konstrukcja Jednolity kolor Nie odznacza si\u0119 pod ubraniem Pakowany w woreczek Produkt polski Przyjemna w dotyku, mi\u0119kka dzianina\/tkanina Rajstopy wzorzyste Subtelny wz\u00f3r Technologia bezszwowych \u0142\u0105cze\u0144 Wysoka jako\u015b\u0107 Elastan: 12% Poliamid: 88%<\/p>\n","protected":false},"featured_media":15203,"comment_status":"open","ping_status":"closed","template":"","meta":[],"product_brand":[],"product_cat":[24,628,41],"product_tag":[710,1079,1080,1076,663,222,1077,1078,764,1014,1028,301],"class_list":{"0":"post-14706","1":"product","2":"type-product","3":"status-publish","4":"has-post-thumbnail","6":"product_cat-produkty","7":"product_cat-rajstopy-podkategoria-do-bielizny","8":"product_cat-l","9":"product_tag-4-l","10":"product_tag-bezszwowe-laczenia","11":"product_tag-ecru","12":"product_tag-fiore-ariel-30-den-ecru","13":"product_tag-miekka-dzianina","14":"product_tag-nie-odznaczaja-sie-pod-ubraniem","15":"product_tag-niewidoczna-linia-majtek","16":"product_tag-polski-produkt","17":"product_tag-przyjemne-w-dotyku","18":"product_tag-rajstopy-damskie-wzorzyste","19":"product_tag-subtelny-wzor","20":"product_tag-wysoka-jakosc","22":"first","23":"instock","24":"taxable","25":"shipping-taxable","26":"purchasable","27":"product-type-simple"},"_links":{"self":[{"href":"https:\/\/butikhome.pl\/index.php\/wp-json\/wp\/v2\/product\/14706","targetHints":{"allow":["GET"]}}],"collection":[{"href":"https:\/\/butikhome.pl\/index.php\/wp-json\/wp\/v2\/product"}],"about":[{"href":"https:\/\/butikhome.pl\/index.php\/wp-json\/wp\/v2\/types\/product"}],"replies":[{"embeddable":true,"href":"https:\/\/butikhome.pl\/index.php\/wp-json\/wp\/v2\/comments?post=14706"}],"wp:featuredmedia":[{"embeddable":true,"href":"https:\/\/butikhome.pl\/index.php\/wp-json\/wp\/v2\/media\/15203"}],"wp:attachment":[{"href":"https:\/\/butikhome.pl\/index.php\/wp-json\/wp\/v2\/media?parent=14706"}],"wp:term":[{"taxonomy":"product_brand","embeddable":true,"href":"https:\/\/butikhome.pl\/index.php\/wp-json\/wp\/v2\/product_brand?post=14706"},{"taxonomy":"product_cat","embeddable":true,"href":"https:\/\/butikhome.pl\/index.php\/wp-json\/wp\/v2\/product_cat?post=14706"},{"taxonomy":"product_tag","embeddable":true,"href":"https:\/\/butikhome.pl\/index.php\/wp-json\/wp\/v2\/product_tag?post=14706"}],"curies":[{"name":"wp","href":"https:\/\/api.w.org\/{rel}","templated":true}]}}