{"id":14718,"date":"2023-03-29T19:24:34","date_gmt":"2023-03-29T17:24:34","guid":{"rendered":"https:\/\/butikhome.pl\/index.php\/produkt\/rajstopy-body-care-bikini-fit-40\/"},"modified":"2023-05-24T14:54:54","modified_gmt":"2023-05-24T12:54:54","slug":"rajstopy-body-care-bikini-fit-40","status":"publish","type":"product","link":"https:\/\/butikhome.pl\/index.php\/produkt\/rajstopy-body-care-bikini-fit-40\/","title":{"rendered":"Rajstopy Body Care Bikini Fit 40"},"content":{"rendered":"<p>Nowo\u015b\u0107! Rajstopy tkane w innowacyjny spos\u00f3b (technologia Silver Fresh), ze zwi\u0119kszon\u0105 ochron\u0105 przed rozwojem bakterii oraz nieprzyjemnych zapach\u00f3w. Wszystko po to, aby\u015b czu\u0142a si\u0119 \u015bwie\u017co przez ca\u0142y d\u0142ugi dzie\u0144. Idealne rozwi\u0105zanie, je\u015bli \u017cyjesz w ci\u0105g\u0142ym ruchu. Tu dodatkowo z efektem modelowania i wyszczuplenia linii brzucha. Wy\u017cej wyci\u0119ta cz\u0119\u015b\u0107 majteczkowa to kolejna zaleta. Grubo\u015b\u0107 40DEN. Sk\u0142ad: 79% poliamid, 19% elastan, 2% bawe\u0142na.<\/p>\n<p>&nbsp;<\/p>\n","protected":false},"excerpt":{"rendered":"<p>Nowo\u015b\u0107! Rajstopy tkane w innowacyjny spos\u00f3b (technologia Silver Fresh), ze zwi\u0119kszon\u0105 ochron\u0105 przed rozwojem bakterii oraz nieprzyjemnych zapach\u00f3w. Wszystko po to, aby\u015b czu\u0142a si\u0119 \u015bwie\u017co przez ca\u0142y d\u0142ugi dzie\u0144. Idealne rozwi\u0105zanie, je\u015bli \u017cyjesz w ci\u0105g\u0142ym ruchu. Tu dodatkowo z efektem modelowania i wyszczuplenia linii brzucha. Wy\u017cej wyci\u0119ta cz\u0119\u015b\u0107 majteczkowa to kolejna zaleta. Grubo\u015b\u0107 40DEN. Sk\u0142ad: &hellip; <\/p>\n","protected":false},"featured_media":15198,"comment_status":"open","ping_status":"closed","template":"","meta":[],"product_brand":[],"product_cat":[24,628,40],"product_tag":[709,1065,1036,1058,1034,1064,1063,1035],"class_list":{"0":"post-14718","1":"product","2":"type-product","3":"status-publish","4":"has-post-thumbnail","6":"product_cat-produkty","7":"product_cat-rajstopy-podkategoria-do-bielizny","8":"product_cat-m","9":"product_tag-3-m","10":"product_tag-grubosc-40den","11":"product_tag-idealne-dla-aktywnych","12":"product_tag-rajstopy-damskie-modelujace","13":"product_tag-technologia-silver-fresh","14":"product_tag-wyzej-wycieta-czesc-majteczkowa","15":"product_tag-z-efektem-modelowania-i-wyszczuplenia-linii-brzucha","16":"product_tag-zwiekszona-ochrona-przed-rozwojem-bakterii-oraz-nieprzyjemnych-zapachow","18":"first","19":"instock","20":"taxable","21":"shipping-taxable","22":"purchasable","23":"product-type-simple"},"_links":{"self":[{"href":"https:\/\/butikhome.pl\/index.php\/wp-json\/wp\/v2\/product\/14718","targetHints":{"allow":["GET"]}}],"collection":[{"href":"https:\/\/butikhome.pl\/index.php\/wp-json\/wp\/v2\/product"}],"about":[{"href":"https:\/\/butikhome.pl\/index.php\/wp-json\/wp\/v2\/types\/product"}],"replies":[{"embeddable":true,"href":"https:\/\/butikhome.pl\/index.php\/wp-json\/wp\/v2\/comments?post=14718"}],"wp:featuredmedia":[{"embeddable":true,"href":"https:\/\/butikhome.pl\/index.php\/wp-json\/wp\/v2\/media\/15198"}],"wp:attachment":[{"href":"https:\/\/butikhome.pl\/index.php\/wp-json\/wp\/v2\/media?parent=14718"}],"wp:term":[{"taxonomy":"product_brand","embeddable":true,"href":"https:\/\/butikhome.pl\/index.php\/wp-json\/wp\/v2\/product_brand?post=14718"},{"taxonomy":"product_cat","embeddable":true,"href":"https:\/\/butikhome.pl\/index.php\/wp-json\/wp\/v2\/product_cat?post=14718"},{"taxonomy":"product_tag","embeddable":true,"href":"https:\/\/butikhome.pl\/index.php\/wp-json\/wp\/v2\/product_tag?post=14718"}],"curies":[{"name":"wp","href":"https:\/\/api.w.org\/{rel}","templated":true}]}}