{"id":14721,"date":"2023-03-29T19:24:42","date_gmt":"2023-03-29T17:24:42","guid":{"rendered":"https:\/\/butikhome.pl\/index.php\/produkt\/rajstopy-body-care-comfort-20\/"},"modified":"2023-05-05T11:15:43","modified_gmt":"2023-05-05T09:15:43","slug":"rajstopy-body-care-comfort-20","status":"publish","type":"product","link":"https:\/\/butikhome.pl\/index.php\/produkt\/rajstopy-body-care-comfort-20\/","title":{"rendered":"Rajstopy Body Care Comfort 20"},"content":{"rendered":"<p>Nowo\u015b\u0107! Rajstopy tkane w innowacyjny spos\u00f3b (technologia Silver Fresh), ze zwi\u0119kszon\u0105 ochron\u0105 przed rozwojem bakterii oraz nieprzyjemnych zapach\u00f3w. Wszystko po to, aby\u015b czu\u0142a si\u0119 \u015bwie\u017co przez ca\u0142y d\u0142ugi dzie\u0144. Idealne rozwi\u0105zanie, je\u015bli \u017cyjesz w ci\u0105g\u0142ym ruchu. Idealne na co dzie\u0144.Tu dodatkowo z efektem wspomagania kr\u0105\u017cenia krwi i zapobiegania opuchliznom. Rajstopy wykonane s\u0105 z w\u0142\u00f3kien Lycra Energize, o lekkim, stopniowym ucisku 5-7,9 mmHG na ca\u0142ej d\u0142ugo\u015bci. Skuteczno\u015b\u0107 potwierdzona &#8211; rajstopy otrzyma\u0142y certyfikat Lycra Leg Care. Grubo\u015b\u0107 20DEN. Sk\u0142ad: 79% poliamid, 19% elastan, 2% bawe\u0142na.<\/p>\n<p>&nbsp;<\/p>\n","protected":false},"excerpt":{"rendered":"<p>Nowo\u015b\u0107! Rajstopy tkane w innowacyjny spos\u00f3b (technologia Silver Fresh), ze zwi\u0119kszon\u0105 ochron\u0105 przed rozwojem bakterii oraz nieprzyjemnych zapach\u00f3w. Wszystko po to, aby\u015b czu\u0142a si\u0119 \u015bwie\u017co przez ca\u0142y d\u0142ugi dzie\u0144. Idealne rozwi\u0105zanie, je\u015bli \u017cyjesz w ci\u0105g\u0142ym ruchu. Idealne na co dzie\u0144.Tu dodatkowo z efektem wspomagania kr\u0105\u017cenia krwi i zapobiegania opuchliznom. Rajstopy wykonane s\u0105 z w\u0142\u00f3kien Lycra &hellip; <\/p>\n","protected":false},"featured_media":15197,"comment_status":"open","ping_status":"closed","template":"","meta":[],"product_brand":[],"product_cat":[24,628,41,40,39],"product_tag":[708,709,710,1056,52,1069,1062,1036,521,1061,1058,1034,1060,1059,1035],"class_list":{"0":"post-14721","1":"product","2":"type-product","3":"status-publish","4":"has-post-thumbnail","6":"product_cat-produkty","7":"product_cat-rajstopy-podkategoria-do-bielizny","8":"product_cat-l","9":"product_cat-m","10":"product_cat-s","11":"product_tag-2-s","12":"product_tag-3-m","13":"product_tag-4-l","14":"product_tag-certyfikat-lycra-leg-care","15":"product_tag-czarne","16":"product_tag-fiore-body-care-comfort-20","17":"product_tag-grubosc-20den","18":"product_tag-idealne-dla-aktywnych","19":"product_tag-na-codzien","20":"product_tag-o-lekkim-stopniowym-ucisku-5-8-mmhg-na-calej-dlugosci","21":"product_tag-rajstopy-damskie-modelujace","22":"product_tag-technologia-silver-fresh","23":"product_tag-wykonane-sa-z-wlokien-lycra-energize","24":"product_tag-z-efektem-wspomagania-krazenia-krwi-i-zapobiegania-opuchliznom","25":"product_tag-zwiekszona-ochrona-przed-rozwojem-bakterii-oraz-nieprzyjemnych-zapachow","27":"first","28":"instock","29":"sale","30":"taxable","31":"shipping-taxable","32":"purchasable","33":"product-type-simple"},"_links":{"self":[{"href":"https:\/\/butikhome.pl\/index.php\/wp-json\/wp\/v2\/product\/14721","targetHints":{"allow":["GET"]}}],"collection":[{"href":"https:\/\/butikhome.pl\/index.php\/wp-json\/wp\/v2\/product"}],"about":[{"href":"https:\/\/butikhome.pl\/index.php\/wp-json\/wp\/v2\/types\/product"}],"replies":[{"embeddable":true,"href":"https:\/\/butikhome.pl\/index.php\/wp-json\/wp\/v2\/comments?post=14721"}],"wp:featuredmedia":[{"embeddable":true,"href":"https:\/\/butikhome.pl\/index.php\/wp-json\/wp\/v2\/media\/15197"}],"wp:attachment":[{"href":"https:\/\/butikhome.pl\/index.php\/wp-json\/wp\/v2\/media?parent=14721"}],"wp:term":[{"taxonomy":"product_brand","embeddable":true,"href":"https:\/\/butikhome.pl\/index.php\/wp-json\/wp\/v2\/product_brand?post=14721"},{"taxonomy":"product_cat","embeddable":true,"href":"https:\/\/butikhome.pl\/index.php\/wp-json\/wp\/v2\/product_cat?post=14721"},{"taxonomy":"product_tag","embeddable":true,"href":"https:\/\/butikhome.pl\/index.php\/wp-json\/wp\/v2\/product_tag?post=14721"}],"curies":[{"name":"wp","href":"https:\/\/api.w.org\/{rel}","templated":true}]}}