{"id":14750,"date":"2023-03-29T19:26:03","date_gmt":"2023-03-29T17:26:03","guid":{"rendered":"https:\/\/butikhome.pl\/index.php\/produkt\/rajstopy-body-care-high-point-20-den\/"},"modified":"2023-05-04T14:23:18","modified_gmt":"2023-05-04T12:23:18","slug":"rajstopy-body-care-high-point-20-den","status":"publish","type":"product","link":"https:\/\/butikhome.pl\/index.php\/produkt\/rajstopy-body-care-high-point-20-den\/","title":{"rendered":"Rajstopy Body Care High Point 20 DEN"},"content":{"rendered":"<p>Rajstopy, kt\u00f3rych nie powinno zabrakn\u0105\u0107 w Twojej szufladzie. Wzorzyste, w ponadczasowe groszki &#8211; tym razem drobniutkie, niemal niewidoczne, czarne, o grubo\u015bci komfortowych 20 DEN z ma\u0142ym, jednym sekretem. Jakim? Dzi\u0119ki specjalnie zaprojektowanej g\u00f3rze rajstopy wp\u0142ywaj\u0105 na popraw\u0119 wygl\u0105du brzucha, a zawarty w prz\u0119dzy ekstrakt z kofeiny pomaga walczy\u0107 z cellulitem. Cz\u0119\u015b\u0107 majteczkowa wysoko wyci\u0119ta dla zapewnienia maksimum komfortu. Sk\u0142ad: 79% poliamid, 21% elastan.<\/p>\n","protected":false},"excerpt":{"rendered":"<p>Rajstopy, kt\u00f3rych nie powinno zabrakn\u0105\u0107 w Twojej szufladzie. Wzorzyste, w ponadczasowe groszki &#8211; tym razem drobniutkie, niemal niewidoczne, czarne, o grubo\u015bci komfortowych 20 DEN z ma\u0142ym, jednym sekretem. Jakim? Dzi\u0119ki specjalnie zaprojektowanej g\u00f3rze rajstopy wp\u0142ywaj\u0105 na popraw\u0119 wygl\u0105du brzucha, a zawarty w prz\u0119dzy ekstrakt z kofeiny pomaga walczy\u0107 z cellulitem. Cz\u0119\u015b\u0107 majteczkowa wysoko wyci\u0119ta dla &hellip; <\/p>\n","protected":false},"featured_media":15193,"comment_status":"open","ping_status":"closed","template":"","meta":[],"product_brand":[],"product_cat":[24,628,41,40,39],"product_tag":[708,709,710,1052,1050,1049,700,402,1014,1051,1046],"class_list":{"0":"post-14750","1":"product","2":"type-product","3":"status-publish","4":"has-post-thumbnail","6":"product_cat-produkty","7":"product_cat-rajstopy-podkategoria-do-bielizny","8":"product_cat-l","9":"product_cat-m","10":"product_cat-s","11":"product_tag-2-s","12":"product_tag-3-m","13":"product_tag-4-l","14":"product_tag-czesc-majteczkowa-wysoko-wycieta","15":"product_tag-drobniutkie-groszki","16":"product_tag-fiore-body-care-high-point-20-den","17":"product_tag-grubosc-20-den","18":"product_tag-komfortowe","19":"product_tag-rajstopy-damskie-wzorzyste","20":"product_tag-wyszczuplaja-brzuszek","21":"product_tag-zawarty-w-przedzy-ekstrakt-z-kofeiny-pomaga-walczyc-z-cellulitem","23":"first","24":"instock","25":"taxable","26":"shipping-taxable","27":"purchasable","28":"product-type-simple"},"_links":{"self":[{"href":"https:\/\/butikhome.pl\/index.php\/wp-json\/wp\/v2\/product\/14750","targetHints":{"allow":["GET"]}}],"collection":[{"href":"https:\/\/butikhome.pl\/index.php\/wp-json\/wp\/v2\/product"}],"about":[{"href":"https:\/\/butikhome.pl\/index.php\/wp-json\/wp\/v2\/types\/product"}],"replies":[{"embeddable":true,"href":"https:\/\/butikhome.pl\/index.php\/wp-json\/wp\/v2\/comments?post=14750"}],"wp:featuredmedia":[{"embeddable":true,"href":"https:\/\/butikhome.pl\/index.php\/wp-json\/wp\/v2\/media\/15193"}],"wp:attachment":[{"href":"https:\/\/butikhome.pl\/index.php\/wp-json\/wp\/v2\/media?parent=14750"}],"wp:term":[{"taxonomy":"product_brand","embeddable":true,"href":"https:\/\/butikhome.pl\/index.php\/wp-json\/wp\/v2\/product_brand?post=14750"},{"taxonomy":"product_cat","embeddable":true,"href":"https:\/\/butikhome.pl\/index.php\/wp-json\/wp\/v2\/product_cat?post=14750"},{"taxonomy":"product_tag","embeddable":true,"href":"https:\/\/butikhome.pl\/index.php\/wp-json\/wp\/v2\/product_tag?post=14750"}],"curies":[{"name":"wp","href":"https:\/\/api.w.org\/{rel}","templated":true}]}}