{"id":14753,"date":"2023-03-29T19:26:09","date_gmt":"2023-03-29T17:26:09","guid":{"rendered":"https:\/\/butikhome.pl\/index.php\/produkt\/rajstopy-body-care-spotlight-20-den\/"},"modified":"2023-05-24T14:51:52","modified_gmt":"2023-05-24T12:51:52","slug":"rajstopy-body-care-spotlight-20-den","status":"publish","type":"product","link":"https:\/\/butikhome.pl\/index.php\/produkt\/rajstopy-body-care-spotlight-20-den\/","title":{"rendered":"Rajstopy Body Care Spotlight 20 DEN"},"content":{"rendered":"<p>Rajstopy, kt\u00f3rych nie powinno zabrakn\u0105\u0107 w Twojej szufladzie. Wzorzyste, w ponadczasowe groszki, czarne, o grubo\u015bci komfortowych 20 DEN z ma\u0142ym, jednym sekretem. Jakim? Dzi\u0119ki specjalnie zaprojektowanej g\u00f3rze wyszczuplaj\u0105 rejon brzucha i talii, a zawarty w prz\u0119dzy ekstrakt z kofeiny pomaga walczy\u0107 z cellulitem. Sk\u0142ad: 79% poliamid, 21% elastan.<\/p>\n","protected":false},"excerpt":{"rendered":"<p>Rajstopy, kt\u00f3rych nie powinno zabrakn\u0105\u0107 w Twojej szufladzie. Wzorzyste, w ponadczasowe groszki, czarne, o grubo\u015bci komfortowych 20 DEN z ma\u0142ym, jednym sekretem. Jakim? Dzi\u0119ki specjalnie zaprojektowanej g\u00f3rze wyszczuplaj\u0105 rejon brzucha i talii, a zawarty w prz\u0119dzy ekstrakt z kofeiny pomaga walczy\u0107 z cellulitem. Sk\u0142ad: 79% poliamid, 21% elastan.<\/p>\n","protected":false},"featured_media":15191,"comment_status":"open","ping_status":"closed","template":"","meta":[],"product_brand":[],"product_cat":[24,628,41,40,39],"product_tag":[708,709,710,1047,52,1043,1044,700,1014,1048,1045,1046],"class_list":{"0":"post-14753","1":"product","2":"type-product","3":"status-publish","4":"has-post-thumbnail","6":"product_cat-produkty","7":"product_cat-rajstopy-podkategoria-do-bielizny","8":"product_cat-l","9":"product_cat-m","10":"product_cat-s","11":"product_tag-2-s","12":"product_tag-3-m","13":"product_tag-4-l","14":"product_tag-brak-wzmocnien-na-palcach","15":"product_tag-czarne","16":"product_tag-fiore-body-care-spotlight-20-den","17":"product_tag-groszki","18":"product_tag-grubosc-20-den","19":"product_tag-rajstopy-damskie-wzorzyste","20":"product_tag-wysoko-wyciete-majtki-typu-bikini-z-korygujaca-linia-brzucha","21":"product_tag-wyszczuplaja-rejon-brzucha-i-talii","22":"product_tag-zawarty-w-przedzy-ekstrakt-z-kofeiny-pomaga-walczyc-z-cellulitem","24":"first","25":"instock","26":"taxable","27":"shipping-taxable","28":"purchasable","29":"product-type-simple"},"_links":{"self":[{"href":"https:\/\/butikhome.pl\/index.php\/wp-json\/wp\/v2\/product\/14753","targetHints":{"allow":["GET"]}}],"collection":[{"href":"https:\/\/butikhome.pl\/index.php\/wp-json\/wp\/v2\/product"}],"about":[{"href":"https:\/\/butikhome.pl\/index.php\/wp-json\/wp\/v2\/types\/product"}],"replies":[{"embeddable":true,"href":"https:\/\/butikhome.pl\/index.php\/wp-json\/wp\/v2\/comments?post=14753"}],"wp:featuredmedia":[{"embeddable":true,"href":"https:\/\/butikhome.pl\/index.php\/wp-json\/wp\/v2\/media\/15191"}],"wp:attachment":[{"href":"https:\/\/butikhome.pl\/index.php\/wp-json\/wp\/v2\/media?parent=14753"}],"wp:term":[{"taxonomy":"product_brand","embeddable":true,"href":"https:\/\/butikhome.pl\/index.php\/wp-json\/wp\/v2\/product_brand?post=14753"},{"taxonomy":"product_cat","embeddable":true,"href":"https:\/\/butikhome.pl\/index.php\/wp-json\/wp\/v2\/product_cat?post=14753"},{"taxonomy":"product_tag","embeddable":true,"href":"https:\/\/butikhome.pl\/index.php\/wp-json\/wp\/v2\/product_tag?post=14753"}],"curies":[{"name":"wp","href":"https:\/\/api.w.org\/{rel}","templated":true}]}}