{"id":14756,"date":"2023-03-29T19:26:16","date_gmt":"2023-03-29T17:26:16","guid":{"rendered":"https:\/\/butikhome.pl\/index.php\/produkt\/rajstopy-body-care-total-slim-20\/"},"modified":"2023-05-24T14:36:32","modified_gmt":"2023-05-24T12:36:32","slug":"rajstopy-body-care-total-slim-20","status":"publish","type":"product","link":"https:\/\/butikhome.pl\/index.php\/produkt\/rajstopy-body-care-total-slim-20\/","title":{"rendered":"Rajstopy Body Care Total Slim 20"},"content":{"rendered":"<p>Nowo\u015b\u0107! Rajstopy tkane w innowacyjny spos\u00f3b (technologia Silver Fresh), ze zwi\u0119kszon\u0105 ochron\u0105 przed rozwojem bakterii oraz nieprzyjemnych zapach\u00f3w. Wszystko po to, aby\u015b czu\u0142a si\u0119 \u015bwie\u017co przez ca\u0142y d\u0142ugi dzie\u0144. Idealne rozwi\u0105zanie, je\u015bli \u017cyjesz w ci\u0105g\u0142ym ruchu. B\u0119d\u0105 doskona\u0142e, je\u015bli planujesz wi\u0119ksze wyj\u015bcie, \u015bwietnie sprawdz\u0105 si\u0119 w biurze. Tu dodatkowo z efektem modelowania po\u015bladk\u00f3w, bioder i ud oraz lekkim wyszczupleniem brzuszka. Mo\u017cna je pokocha\u0107! Grubo\u015b\u0107 20DEN. Sk\u0142ad: 79% poliamid, 19% elastan, 2% bawe\u0142na.<\/p>\n<p>&nbsp;<\/p>\n","protected":false},"excerpt":{"rendered":"<p>Nowo\u015b\u0107! Rajstopy tkane w innowacyjny spos\u00f3b (technologia Silver Fresh), ze zwi\u0119kszon\u0105 ochron\u0105 przed rozwojem bakterii oraz nieprzyjemnych zapach\u00f3w. Wszystko po to, aby\u015b czu\u0142a si\u0119 \u015bwie\u017co przez ca\u0142y d\u0142ugi dzie\u0144. Idealne rozwi\u0105zanie, je\u015bli \u017cyjesz w ci\u0105g\u0142ym ruchu. B\u0119d\u0105 doskona\u0142e, je\u015bli planujesz wi\u0119ksze wyj\u015bcie, \u015bwietnie sprawdz\u0105 si\u0119 w biurze. Tu dodatkowo z efektem modelowania po\u015bladk\u00f3w, bioder i &hellip; <\/p>\n","protected":false},"featured_media":15187,"comment_status":"open","ping_status":"closed","template":"","meta":[],"product_brand":[],"product_cat":[24,628,39],"product_tag":[708,1033,700,1036,1037,769,1038,1034,1035],"class_list":{"0":"post-14756","1":"product","2":"type-product","3":"status-publish","4":"has-post-thumbnail","6":"product_cat-produkty","7":"product_cat-rajstopy-podkategoria-do-bielizny","8":"product_cat-s","9":"product_tag-2-s","10":"product_tag-fiore-body-care-total-slim-20","11":"product_tag-grubosc-20-den","12":"product_tag-idealne-dla-aktywnych","13":"product_tag-idealne-na-wieksze-wyjscie","14":"product_tag-rajstopy-damskie","15":"product_tag-rajstopy-damskie-modelujace-posladki-uda-biodra","16":"product_tag-technologia-silver-fresh","17":"product_tag-zwiekszona-ochrona-przed-rozwojem-bakterii-oraz-nieprzyjemnych-zapachow","19":"first","20":"instock","21":"taxable","22":"shipping-taxable","23":"purchasable","24":"product-type-simple"},"_links":{"self":[{"href":"https:\/\/butikhome.pl\/index.php\/wp-json\/wp\/v2\/product\/14756","targetHints":{"allow":["GET"]}}],"collection":[{"href":"https:\/\/butikhome.pl\/index.php\/wp-json\/wp\/v2\/product"}],"about":[{"href":"https:\/\/butikhome.pl\/index.php\/wp-json\/wp\/v2\/types\/product"}],"replies":[{"embeddable":true,"href":"https:\/\/butikhome.pl\/index.php\/wp-json\/wp\/v2\/comments?post=14756"}],"wp:featuredmedia":[{"embeddable":true,"href":"https:\/\/butikhome.pl\/index.php\/wp-json\/wp\/v2\/media\/15187"}],"wp:attachment":[{"href":"https:\/\/butikhome.pl\/index.php\/wp-json\/wp\/v2\/media?parent=14756"}],"wp:term":[{"taxonomy":"product_brand","embeddable":true,"href":"https:\/\/butikhome.pl\/index.php\/wp-json\/wp\/v2\/product_brand?post=14756"},{"taxonomy":"product_cat","embeddable":true,"href":"https:\/\/butikhome.pl\/index.php\/wp-json\/wp\/v2\/product_cat?post=14756"},{"taxonomy":"product_tag","embeddable":true,"href":"https:\/\/butikhome.pl\/index.php\/wp-json\/wp\/v2\/product_tag?post=14756"}],"curies":[{"name":"wp","href":"https:\/\/api.w.org\/{rel}","templated":true}]}}