{"id":14757,"date":"2023-03-29T19:26:16","date_gmt":"2023-03-29T17:26:16","guid":{"rendered":"https:\/\/butikhome.pl\/index.php\/produkt\/rajstopy-bubbles-20-den\/"},"modified":"2023-05-24T14:37:30","modified_gmt":"2023-05-24T12:37:30","slug":"rajstopy-bubbles-20-den","status":"publish","type":"product","link":"https:\/\/butikhome.pl\/index.php\/produkt\/rajstopy-bubbles-20-den\/","title":{"rendered":"Rajstopy Bubbles 20 Den"},"content":{"rendered":"<ul>\n<li>Nie odznacza si\u0119 pod ubraniem<\/li>\n<li>Produkt polski<\/li>\n<li>Rajstopy wzorzyste<\/li>\n<li>Subtelny wz\u00f3r<\/li>\n<li>Wysoka jako\u015b\u0107<\/li>\n<li>Elastan: 10%<\/li>\n<li>Lurex: 3%<\/li>\n<li>Poliamid: 87%<\/li>\n<\/ul>\n<h2>Fantastyczne rajstopy damskie czarne, w r\u00f3\u017cnej wielko\u015bci, z\u0142ote groszki Fiore Bubbles 20 Den. Wzory stworzone s\u0105 metaliczn\u0105 nici\u0105.\u00a0Cz\u0119\u015b\u0107 majteczkowa typy t-band. Wystrza\u0142owa impreza wymaga odpowiednich dodatk\u00f3w!<\/h2>\n","protected":false},"excerpt":{"rendered":"<p>Nie odznacza si\u0119 pod ubraniem Produkt polski Rajstopy wzorzyste Subtelny wz\u00f3r Wysoka jako\u015b\u0107 Elastan: 10% Lurex: 3% Poliamid: 87% Fantastyczne rajstopy damskie czarne, w r\u00f3\u017cnej wielko\u015bci, z\u0142ote groszki Fiore Bubbles 20 Den. Wzory stworzone s\u0105 metaliczn\u0105 nici\u0105.\u00a0Cz\u0119\u015b\u0107 majteczkowa typy t-band. Wystrza\u0142owa impreza wymaga odpowiednich dodatk\u00f3w!<\/p>\n","protected":false},"featured_media":15190,"comment_status":"open","ping_status":"closed","template":"","meta":[],"product_brand":[],"product_cat":[24,628,41,40,39],"product_tag":[708,709,710,52,808,1039,700,1042,1041,222,388,1014,1040,301],"class_list":{"0":"post-14757","1":"product","2":"type-product","3":"status-publish","4":"has-post-thumbnail","6":"product_cat-produkty","7":"product_cat-rajstopy-podkategoria-do-bielizny","8":"product_cat-l","9":"product_cat-m","10":"product_cat-s","11":"product_tag-2-s","12":"product_tag-3-m","13":"product_tag-4-l","14":"product_tag-czarne","15":"product_tag-czesc-majteczkowa-typu-t-band","16":"product_tag-fiore-bubbles-20-den","17":"product_tag-grubosc-20-den","18":"product_tag-idealne-na-imprezy","19":"product_tag-metaliczna-nic","20":"product_tag-nie-odznaczaja-sie-pod-ubraniem","21":"product_tag-produkt-polski","22":"product_tag-rajstopy-damskie-wzorzyste","23":"product_tag-roznej-wielkosci-zlote-groszki","24":"product_tag-wysoka-jakosc","26":"first","27":"instock","28":"taxable","29":"shipping-taxable","30":"purchasable","31":"product-type-simple"},"_links":{"self":[{"href":"https:\/\/butikhome.pl\/index.php\/wp-json\/wp\/v2\/product\/14757","targetHints":{"allow":["GET"]}}],"collection":[{"href":"https:\/\/butikhome.pl\/index.php\/wp-json\/wp\/v2\/product"}],"about":[{"href":"https:\/\/butikhome.pl\/index.php\/wp-json\/wp\/v2\/types\/product"}],"replies":[{"embeddable":true,"href":"https:\/\/butikhome.pl\/index.php\/wp-json\/wp\/v2\/comments?post=14757"}],"wp:featuredmedia":[{"embeddable":true,"href":"https:\/\/butikhome.pl\/index.php\/wp-json\/wp\/v2\/media\/15190"}],"wp:attachment":[{"href":"https:\/\/butikhome.pl\/index.php\/wp-json\/wp\/v2\/media?parent=14757"}],"wp:term":[{"taxonomy":"product_brand","embeddable":true,"href":"https:\/\/butikhome.pl\/index.php\/wp-json\/wp\/v2\/product_brand?post=14757"},{"taxonomy":"product_cat","embeddable":true,"href":"https:\/\/butikhome.pl\/index.php\/wp-json\/wp\/v2\/product_cat?post=14757"},{"taxonomy":"product_tag","embeddable":true,"href":"https:\/\/butikhome.pl\/index.php\/wp-json\/wp\/v2\/product_tag?post=14757"}],"curies":[{"name":"wp","href":"https:\/\/api.w.org\/{rel}","templated":true}]}}