{"id":14759,"date":"2023-03-29T19:26:20","date_gmt":"2023-03-29T17:26:20","guid":{"rendered":"https:\/\/butikhome.pl\/index.php\/produkt\/rajstopy-chevron-chic-60-den\/"},"modified":"2023-05-24T13:47:50","modified_gmt":"2023-05-24T11:47:50","slug":"rajstopy-chevron-chic-60-den","status":"publish","type":"product","link":"https:\/\/butikhome.pl\/index.php\/produkt\/rajstopy-chevron-chic-60-den\/","title":{"rendered":"Rajstopy Chevron Chic 60 Den"},"content":{"rendered":"<ul>\n<li>Nie odznacza si\u0119 pod ubraniem<\/li>\n<li>Produkt polski<\/li>\n<li>Rajstopy wzorzyste<\/li>\n<li>\u015aci\u0105gacze na palcach<\/li>\n<li>Wysoka jako\u015b\u0107<\/li>\n<li>Elastan: 12%<\/li>\n<li>Poliamid: 53%<\/li>\n<li>Poliester: 35%<\/li>\n<\/ul>\n<h2>Fiore Chevron Chic 60 DEN rajstopy damskie z modnym, melan\u017cowym wzorem w eleganck\u0105 jode\u0142k\u0119. Ciep\u0142e, komfortowe rajstopki w kt\u00f3rych b\u0119dziesz wygl\u0105da\u0142a niezwykle elegancko i w dobrym stylu. To wz\u00f3r kt\u00f3ry od lat cieszy si\u0119 nieustannym powodzeniem w\u015br\u00f3d Klientek i jest zawsze na czasie. Motyw jode\u0142ki jest na ca\u0142ej powierzchni rajstop w\u0142\u0105cznie z po\u015bladkami, a cz\u0119\u015b\u0107 palcowa jest dodatkowo wzmacniana.<\/h2>\n","protected":false},"excerpt":{"rendered":"<p>Nie odznacza si\u0119 pod ubraniem Produkt polski Rajstopy wzorzyste \u015aci\u0105gacze na palcach Wysoka jako\u015b\u0107 Elastan: 12% Poliamid: 53% Poliester: 35% Fiore Chevron Chic 60 DEN rajstopy damskie z modnym, melan\u017cowym wzorem w eleganck\u0105 jode\u0142k\u0119. Ciep\u0142e, komfortowe rajstopki w kt\u00f3rych b\u0119dziesz wygl\u0105da\u0142a niezwykle elegancko i w dobrym stylu. To wz\u00f3r kt\u00f3ry od lat cieszy si\u0119 nieustannym &hellip; <\/p>\n","protected":false},"featured_media":15184,"comment_status":"open","ping_status":"closed","template":"","meta":[],"product_brand":[],"product_cat":[24,628,41,40,39],"product_tag":[708,709,710,1032,1030,348,1029,765,402,1031,1014,974],"class_list":{"0":"post-14759","1":"product","2":"type-product","3":"status-publish","4":"has-post-thumbnail","6":"product_cat-produkty","7":"product_cat-rajstopy-podkategoria-do-bielizny","8":"product_cat-l","9":"product_cat-m","10":"product_cat-s","11":"product_tag-2-s","12":"product_tag-3-m","13":"product_tag-4-l","14":"product_tag-ciepple","15":"product_tag-elegancka-jodelka","16":"product_tag-eleganckie","17":"product_tag-fiore-chevron-chic-60","18":"product_tag-grubosc-60-den","19":"product_tag-komfortowe","20":"product_tag-melanzowy-wzor","21":"product_tag-rajstopy-damskie-wzorzyste","22":"product_tag-wzmocniona-czesc-palcowa","24":"first","25":"instock","26":"taxable","27":"shipping-taxable","28":"purchasable","29":"product-type-simple"},"_links":{"self":[{"href":"https:\/\/butikhome.pl\/index.php\/wp-json\/wp\/v2\/product\/14759","targetHints":{"allow":["GET"]}}],"collection":[{"href":"https:\/\/butikhome.pl\/index.php\/wp-json\/wp\/v2\/product"}],"about":[{"href":"https:\/\/butikhome.pl\/index.php\/wp-json\/wp\/v2\/types\/product"}],"replies":[{"embeddable":true,"href":"https:\/\/butikhome.pl\/index.php\/wp-json\/wp\/v2\/comments?post=14759"}],"wp:featuredmedia":[{"embeddable":true,"href":"https:\/\/butikhome.pl\/index.php\/wp-json\/wp\/v2\/media\/15184"}],"wp:attachment":[{"href":"https:\/\/butikhome.pl\/index.php\/wp-json\/wp\/v2\/media?parent=14759"}],"wp:term":[{"taxonomy":"product_brand","embeddable":true,"href":"https:\/\/butikhome.pl\/index.php\/wp-json\/wp\/v2\/product_brand?post=14759"},{"taxonomy":"product_cat","embeddable":true,"href":"https:\/\/butikhome.pl\/index.php\/wp-json\/wp\/v2\/product_cat?post=14759"},{"taxonomy":"product_tag","embeddable":true,"href":"https:\/\/butikhome.pl\/index.php\/wp-json\/wp\/v2\/product_tag?post=14759"}],"curies":[{"name":"wp","href":"https:\/\/api.w.org\/{rel}","templated":true}]}}