{"id":14762,"date":"2023-03-29T19:26:27","date_gmt":"2023-03-29T17:26:27","guid":{"rendered":"https:\/\/butikhome.pl\/index.php\/produkt\/rajstopy-classic-ada-15den\/"},"modified":"2023-05-24T13:42:25","modified_gmt":"2023-05-24T11:42:25","slug":"rajstopy-classic-ada-15den","status":"publish","type":"product","link":"https:\/\/butikhome.pl\/index.php\/produkt\/rajstopy-classic-ada-15den\/","title":{"rendered":"Rajstopy Classic Ada 15DEN"},"content":{"rendered":"<p>Ponadczasowe, g\u0142adkie, lekko matowe rajstopy, z najnowszej kolekcji przewidzianej na sezon wiosna-lato 2016. P\u0142askie szwy, brak zaznaczonych palc\u00f3w i cz\u0119\u015bci majteczkowej nadaj\u0105 im uniwersalnego charakteru. Grubo\u015b\u0107 15DEN. Sk\u0142ad: 87% poliamid, 13% elastan.<\/p>\n<p>&nbsp;<\/p>\n","protected":false},"excerpt":{"rendered":"<p>Ponadczasowe, g\u0142adkie, lekko matowe rajstopy, z najnowszej kolekcji przewidzianej na sezon wiosna-lato 2016. P\u0142askie szwy, brak zaznaczonych palc\u00f3w i cz\u0119\u015bci majteczkowej nadaj\u0105 im uniwersalnego charakteru. Grubo\u015b\u0107 15DEN. Sk\u0142ad: 87% poliamid, 13% elastan. &nbsp;<\/p>\n","protected":false},"featured_media":15180,"comment_status":"open","ping_status":"closed","template":"","meta":[],"product_brand":[],"product_cat":[24,628,39],"product_tag":[708,767,729,1025,51,735,1024,154,769,970],"class_list":{"0":"post-14762","1":"product","2":"type-product","3":"status-publish","4":"has-post-thumbnail","6":"product_cat-produkty","7":"product_cat-rajstopy-podkategoria-do-bielizny","8":"product_cat-s","9":"product_tag-2-s","10":"product_tag-bez-zaznaczonej-czesci-majteczkowej","11":"product_tag-bez-zaznaczonej-czesci-palcowej","12":"product_tag-fiore-classic-ada","13":"product_tag-gladkie","14":"product_tag-grubosc-15-den","15":"product_tag-lekko-matowe","16":"product_tag-plaskie-szwy","17":"product_tag-rajstopy-damskie","18":"product_tag-uniwersalne","20":"first","21":"instock","22":"taxable","23":"shipping-taxable","24":"purchasable","25":"product-type-simple"},"_links":{"self":[{"href":"https:\/\/butikhome.pl\/index.php\/wp-json\/wp\/v2\/product\/14762","targetHints":{"allow":["GET"]}}],"collection":[{"href":"https:\/\/butikhome.pl\/index.php\/wp-json\/wp\/v2\/product"}],"about":[{"href":"https:\/\/butikhome.pl\/index.php\/wp-json\/wp\/v2\/types\/product"}],"replies":[{"embeddable":true,"href":"https:\/\/butikhome.pl\/index.php\/wp-json\/wp\/v2\/comments?post=14762"}],"wp:featuredmedia":[{"embeddable":true,"href":"https:\/\/butikhome.pl\/index.php\/wp-json\/wp\/v2\/media\/15180"}],"wp:attachment":[{"href":"https:\/\/butikhome.pl\/index.php\/wp-json\/wp\/v2\/media?parent=14762"}],"wp:term":[{"taxonomy":"product_brand","embeddable":true,"href":"https:\/\/butikhome.pl\/index.php\/wp-json\/wp\/v2\/product_brand?post=14762"},{"taxonomy":"product_cat","embeddable":true,"href":"https:\/\/butikhome.pl\/index.php\/wp-json\/wp\/v2\/product_cat?post=14762"},{"taxonomy":"product_tag","embeddable":true,"href":"https:\/\/butikhome.pl\/index.php\/wp-json\/wp\/v2\/product_tag?post=14762"}],"curies":[{"name":"wp","href":"https:\/\/api.w.org\/{rel}","templated":true}]}}