{"id":14777,"date":"2023-03-29T19:27:14","date_gmt":"2023-03-29T17:27:14","guid":{"rendered":"https:\/\/butikhome.pl\/index.php\/produkt\/rajstopy-classic-taima-8den\/"},"modified":"2023-05-24T13:40:33","modified_gmt":"2023-05-24T11:40:33","slug":"rajstopy-classic-taima-8den","status":"publish","type":"product","link":"https:\/\/butikhome.pl\/index.php\/produkt\/rajstopy-classic-taima-8den\/","title":{"rendered":"Rajstopy Classic Taima 8DEN"},"content":{"rendered":"<p>Cienkie, g\u0142adkie rajstopy, kt\u00f3re idealnie dopasuj\u0105 si\u0119 do cia\u0142a. Mi\u0119kkie, elastyczne, z najnowszej kolekcji wiosna &#8211; lato 2016. Grubo\u015b\u0107 8DEN. Sk\u0142ad: 89% poliamid, 11% elastan.<\/p>\n<p>&nbsp;<\/p>\n","protected":false},"excerpt":{"rendered":"<p>Cienkie, g\u0142adkie rajstopy, kt\u00f3re idealnie dopasuj\u0105 si\u0119 do cia\u0142a. Mi\u0119kkie, elastyczne, z najnowszej kolekcji wiosna &#8211; lato 2016. Grubo\u015b\u0107 8DEN. Sk\u0142ad: 89% poliamid, 11% elastan. &nbsp;<\/p>\n","protected":false},"featured_media":15178,"comment_status":"open","ping_status":"closed","template":"","meta":[],"product_brand":[],"product_cat":[24,628,41],"product_tag":[767,1020,1023,1022,792,1021,1019,769],"class_list":{"0":"post-14777","1":"product","2":"type-product","3":"status-publish","4":"has-post-thumbnail","6":"product_cat-produkty","7":"product_cat-rajstopy-podkategoria-do-bielizny","8":"product_cat-l","9":"product_tag-bez-zaznaczonej-czesci-majteczkowej","10":"product_tag-cienkie-i-delikatne","11":"product_tag-classic-taima","12":"product_tag-dopasowuja-sie-do-odcienia-skory","13":"product_tag-grubosc-8-den","14":"product_tag-idealne-na-cieple-dni","15":"product_tag-niewidoczne-wzmocnienie-piety-i-palcow","16":"product_tag-rajstopy-damskie","18":"first","19":"instock","20":"taxable","21":"shipping-taxable","22":"purchasable","23":"product-type-simple"},"_links":{"self":[{"href":"https:\/\/butikhome.pl\/index.php\/wp-json\/wp\/v2\/product\/14777","targetHints":{"allow":["GET"]}}],"collection":[{"href":"https:\/\/butikhome.pl\/index.php\/wp-json\/wp\/v2\/product"}],"about":[{"href":"https:\/\/butikhome.pl\/index.php\/wp-json\/wp\/v2\/types\/product"}],"replies":[{"embeddable":true,"href":"https:\/\/butikhome.pl\/index.php\/wp-json\/wp\/v2\/comments?post=14777"}],"wp:featuredmedia":[{"embeddable":true,"href":"https:\/\/butikhome.pl\/index.php\/wp-json\/wp\/v2\/media\/15178"}],"wp:attachment":[{"href":"https:\/\/butikhome.pl\/index.php\/wp-json\/wp\/v2\/media?parent=14777"}],"wp:term":[{"taxonomy":"product_brand","embeddable":true,"href":"https:\/\/butikhome.pl\/index.php\/wp-json\/wp\/v2\/product_brand?post=14777"},{"taxonomy":"product_cat","embeddable":true,"href":"https:\/\/butikhome.pl\/index.php\/wp-json\/wp\/v2\/product_cat?post=14777"},{"taxonomy":"product_tag","embeddable":true,"href":"https:\/\/butikhome.pl\/index.php\/wp-json\/wp\/v2\/product_tag?post=14777"}],"curies":[{"name":"wp","href":"https:\/\/api.w.org\/{rel}","templated":true}]}}