{"id":14785,"date":"2023-03-29T19:27:38","date_gmt":"2023-03-29T17:27:38","guid":{"rendered":"https:\/\/butikhome.pl\/index.php\/produkt\/rajstopy-confetti-20-den\/"},"modified":"2023-05-24T13:38:50","modified_gmt":"2023-05-24T11:38:50","slug":"rajstopy-confetti-20-den","status":"publish","type":"product","link":"https:\/\/butikhome.pl\/index.php\/produkt\/rajstopy-confetti-20-den\/","title":{"rendered":"Rajstopy Confetti 20 Den"},"content":{"rendered":"<ul>\n<li>Nie odznacza si\u0119 pod ubraniem<\/li>\n<li>Produkt polski<\/li>\n<li>Rajstopy wzorzyste<\/li>\n<li>Subtelny wz\u00f3r<\/li>\n<li>Wysoka jako\u015b\u0107<\/li>\n<li>Elastan: 10%<\/li>\n<li>Lurex: 3%<\/li>\n<li>Poliamid: 87%<\/li>\n<\/ul>\n<div class=\"product-tab-content tab-content animate open\" data-id=\"opis\">\n<div id=\"opis\" class=\"product-tab-pane tab-pane\">\n<div class=\"product-description cms-content\">\n<ul>\n<li>Deszcz wiruj\u0105cego, z\u0142otego konfetti przywodzi na my\u015bl euforyczne chwile.<\/li>\n<li>W naszych rajstopach zawsze mo\u017cesz czu\u0107 si\u0119 wyj\u0105tkowo, obsypana komplementami i w krzy\u017cowym ogniu spojrze\u0144, niczym gwiazda w \u015bwietle reflektor\u00f3w.<\/li>\n<li>Pora zab\u0142ysn\u0105\u0107 i dobrze si\u0119 bawi\u0107!<\/li>\n<\/ul>\n<\/div>\n<\/div>\n<\/div>\n","protected":false},"excerpt":{"rendered":"<p>Nie odznacza si\u0119 pod ubraniem Produkt polski Rajstopy wzorzyste Subtelny wz\u00f3r Wysoka jako\u015b\u0107 Elastan: 10% Lurex: 3% Poliamid: 87% Deszcz wiruj\u0105cego, z\u0142otego konfetti przywodzi na my\u015bl euforyczne chwile. W naszych rajstopach zawsze mo\u017cesz czu\u0107 si\u0119 wyj\u0105tkowo, obsypana komplementami i w krzy\u017cowym ogniu spojrze\u0144, niczym gwiazda w \u015bwietle reflektor\u00f3w. Pora zab\u0142ysn\u0105\u0107 i dobrze si\u0119 bawi\u0107!<\/p>\n","protected":false},"featured_media":15182,"comment_status":"open","ping_status":"closed","template":"","meta":[],"product_brand":[],"product_cat":[24,628,39],"product_tag":[708,1027,700,222,388,1014,1028,1026],"class_list":{"0":"post-14785","1":"product","2":"type-product","3":"status-publish","4":"has-post-thumbnail","6":"product_cat-produkty","7":"product_cat-rajstopy-podkategoria-do-bielizny","8":"product_cat-s","9":"product_tag-2-s","10":"product_tag-fiore-confetti-20-den","11":"product_tag-grubosc-20-den","12":"product_tag-nie-odznaczaja-sie-pod-ubraniem","13":"product_tag-produkt-polski","14":"product_tag-rajstopy-damskie-wzorzyste","15":"product_tag-subtelny-wzor","16":"product_tag-zlote-konfetti","18":"first","19":"instock","20":"taxable","21":"shipping-taxable","22":"purchasable","23":"product-type-simple"},"_links":{"self":[{"href":"https:\/\/butikhome.pl\/index.php\/wp-json\/wp\/v2\/product\/14785","targetHints":{"allow":["GET"]}}],"collection":[{"href":"https:\/\/butikhome.pl\/index.php\/wp-json\/wp\/v2\/product"}],"about":[{"href":"https:\/\/butikhome.pl\/index.php\/wp-json\/wp\/v2\/types\/product"}],"replies":[{"embeddable":true,"href":"https:\/\/butikhome.pl\/index.php\/wp-json\/wp\/v2\/comments?post=14785"}],"wp:featuredmedia":[{"embeddable":true,"href":"https:\/\/butikhome.pl\/index.php\/wp-json\/wp\/v2\/media\/15182"}],"wp:attachment":[{"href":"https:\/\/butikhome.pl\/index.php\/wp-json\/wp\/v2\/media?parent=14785"}],"wp:term":[{"taxonomy":"product_brand","embeddable":true,"href":"https:\/\/butikhome.pl\/index.php\/wp-json\/wp\/v2\/product_brand?post=14785"},{"taxonomy":"product_cat","embeddable":true,"href":"https:\/\/butikhome.pl\/index.php\/wp-json\/wp\/v2\/product_cat?post=14785"},{"taxonomy":"product_tag","embeddable":true,"href":"https:\/\/butikhome.pl\/index.php\/wp-json\/wp\/v2\/product_tag?post=14785"}],"curies":[{"name":"wp","href":"https:\/\/api.w.org\/{rel}","templated":true}]}}