{"id":14786,"date":"2023-03-29T19:27:38","date_gmt":"2023-03-29T17:27:38","guid":{"rendered":"https:\/\/butikhome.pl\/index.php\/produkt\/rajstopy-cozy-40-den\/"},"modified":"2023-05-24T13:39:59","modified_gmt":"2023-05-24T11:39:59","slug":"rajstopy-cozy-40-den","status":"publish","type":"product","link":"https:\/\/butikhome.pl\/index.php\/produkt\/rajstopy-cozy-40-den\/","title":{"rendered":"Rajstopy Cozy 40 Den"},"content":{"rendered":"<ul>\n<li>Produkt polski<\/li>\n<li>Subtelny wz\u00f3r<\/li>\n<li>\u015aci\u0105gacze na palcach<\/li>\n<li>Wysoka jako\u015b\u0107<\/li>\n<li>Elastan: 10%<\/li>\n<li>Poliamid: 75%<\/li>\n<li>Poliester: 15%<\/li>\n<\/ul>\n<h2>Fiore Cozy 40 DEN to eleganckie rajstopy damskie, czarne imituj\u0105ce zakolan\u00f3wki. Tr\u00f3jwymiarowy wz\u00f3r idealnie wygl\u0105da na nogach i optycznie je wysmukla i wyd\u0142u\u017ca. Cz\u0119\u015b\u0107 majteczkowa typu t-band pozwala na noszenie kr\u00f3tszych sp\u00f3dniczek eksponuj\u0105cych uda, a nawet po\u015bladki. Grubo\u015b\u0107 rajstop 40 den. Wysoka jako\u015b\u0107 produktu.<\/h2>\n","protected":false},"excerpt":{"rendered":"<p>Produkt polski Subtelny wz\u00f3r \u015aci\u0105gacze na palcach Wysoka jako\u015b\u0107 Elastan: 10% Poliamid: 75% Poliester: 15% Fiore Cozy 40 DEN to eleganckie rajstopy damskie, czarne imituj\u0105ce zakolan\u00f3wki. Tr\u00f3jwymiarowy wz\u00f3r idealnie wygl\u0105da na nogach i optycznie je wysmukla i wyd\u0142u\u017ca. Cz\u0119\u015b\u0107 majteczkowa typu t-band pozwala na noszenie kr\u00f3tszych sp\u00f3dniczek eksponuj\u0105cych uda, a nawet po\u015bladki. Grubo\u015b\u0107 rajstop 40 &hellip; <\/p>\n","protected":false},"featured_media":15177,"comment_status":"open","ping_status":"closed","template":"","meta":[],"product_brand":[],"product_cat":[24,628,41,40,39],"product_tag":[708,709,710,808,706,1017,1016,694,388,1014,1015,1018],"class_list":{"0":"post-14786","1":"product","2":"type-product","3":"status-publish","4":"has-post-thumbnail","6":"product_cat-produkty","7":"product_cat-rajstopy-podkategoria-do-bielizny","8":"product_cat-l","9":"product_cat-m","10":"product_cat-s","11":"product_tag-2-s","12":"product_tag-3-m","13":"product_tag-4-l","14":"product_tag-czesc-majteczkowa-typu-t-band","15":"product_tag-grubosc-40-den","16":"product_tag-idealne-do-krotkich-spodenek-i-spodniczek","17":"product_tag-optycznie-wysmuklaja-i-wydluzaja-nogi","18":"product_tag-podkolanowki","19":"product_tag-produkt-polski","20":"product_tag-rajstopy-damskie-wzorzyste","21":"product_tag-trojwymiarowy-wzor","22":"product_tag-wysoka-jakosc-produktu","24":"first","25":"instock","26":"taxable","27":"shipping-taxable","28":"purchasable","29":"product-type-simple"},"_links":{"self":[{"href":"https:\/\/butikhome.pl\/index.php\/wp-json\/wp\/v2\/product\/14786","targetHints":{"allow":["GET"]}}],"collection":[{"href":"https:\/\/butikhome.pl\/index.php\/wp-json\/wp\/v2\/product"}],"about":[{"href":"https:\/\/butikhome.pl\/index.php\/wp-json\/wp\/v2\/types\/product"}],"replies":[{"embeddable":true,"href":"https:\/\/butikhome.pl\/index.php\/wp-json\/wp\/v2\/comments?post=14786"}],"wp:featuredmedia":[{"embeddable":true,"href":"https:\/\/butikhome.pl\/index.php\/wp-json\/wp\/v2\/media\/15177"}],"wp:attachment":[{"href":"https:\/\/butikhome.pl\/index.php\/wp-json\/wp\/v2\/media?parent=14786"}],"wp:term":[{"taxonomy":"product_brand","embeddable":true,"href":"https:\/\/butikhome.pl\/index.php\/wp-json\/wp\/v2\/product_brand?post=14786"},{"taxonomy":"product_cat","embeddable":true,"href":"https:\/\/butikhome.pl\/index.php\/wp-json\/wp\/v2\/product_cat?post=14786"},{"taxonomy":"product_tag","embeddable":true,"href":"https:\/\/butikhome.pl\/index.php\/wp-json\/wp\/v2\/product_tag?post=14786"}],"curies":[{"name":"wp","href":"https:\/\/api.w.org\/{rel}","templated":true}]}}