{"id":14789,"date":"2023-03-29T19:27:45","date_gmt":"2023-03-29T17:27:45","guid":{"rendered":"https:\/\/butikhome.pl\/index.php\/produkt\/rajstopy-dezire\/"},"modified":"2023-05-24T13:38:04","modified_gmt":"2023-05-24T11:38:04","slug":"rajstopy-dezire","status":"publish","type":"product","link":"https:\/\/butikhome.pl\/index.php\/produkt\/rajstopy-dezire\/","title":{"rendered":"Rajstopy Dezire"},"content":{"rendered":"<p>S\u0142odkie, male\u0144kie groszki &#8211; uroczy motyw ubielbiany przez Marilyn Monroe. W nowym sezonie bezapelacyjnie kr\u00f3luje kobieco\u015b\u0107! Wybierz co\u015b dla siebie,\u00a0podkre\u015bl\u00a0swoje atuty!\u00a0Rajstopy Dezire &#8211; grubo\u015b\u0107 30 DEN.<\/p>\n","protected":false},"excerpt":{"rendered":"<p>S\u0142odkie, male\u0144kie groszki &#8211; uroczy motyw ubielbiany przez Marilyn Monroe. W nowym sezonie bezapelacyjnie kr\u00f3luje kobieco\u015b\u0107! Wybierz co\u015b dla siebie,\u00a0podkre\u015bl\u00a0swoje atuty!\u00a0Rajstopy Dezire &#8211; grubo\u015b\u0107 30 DEN.<\/p>\n","protected":false},"featured_media":15176,"comment_status":"open","ping_status":"closed","template":"","meta":[],"product_brand":[],"product_cat":[24,628,39],"product_tag":[708,1007,1011,1008,1010,1013,769,1012,1009],"class_list":{"0":"post-14789","1":"product","2":"type-product","3":"status-publish","4":"has-post-thumbnail","6":"product_cat-produkty","7":"product_cat-rajstopy-podkategoria-do-bielizny","8":"product_cat-s","9":"product_tag-2-s","10":"product_tag-fiore-dezire","11":"product_tag-grubosc-30-den","12":"product_tag-malenkie-groszki","13":"product_tag-mega-kobiece","14":"product_tag-podkreslaja-atuty","15":"product_tag-rajstopy-damskie","16":"product_tag-rajstopy-wzorzyste","17":"product_tag-uwielbiane-przez-marilyn-monroe","19":"first","20":"instock","21":"taxable","22":"shipping-taxable","23":"purchasable","24":"product-type-simple"},"_links":{"self":[{"href":"https:\/\/butikhome.pl\/index.php\/wp-json\/wp\/v2\/product\/14789","targetHints":{"allow":["GET"]}}],"collection":[{"href":"https:\/\/butikhome.pl\/index.php\/wp-json\/wp\/v2\/product"}],"about":[{"href":"https:\/\/butikhome.pl\/index.php\/wp-json\/wp\/v2\/types\/product"}],"replies":[{"embeddable":true,"href":"https:\/\/butikhome.pl\/index.php\/wp-json\/wp\/v2\/comments?post=14789"}],"wp:featuredmedia":[{"embeddable":true,"href":"https:\/\/butikhome.pl\/index.php\/wp-json\/wp\/v2\/media\/15176"}],"wp:attachment":[{"href":"https:\/\/butikhome.pl\/index.php\/wp-json\/wp\/v2\/media?parent=14789"}],"wp:term":[{"taxonomy":"product_brand","embeddable":true,"href":"https:\/\/butikhome.pl\/index.php\/wp-json\/wp\/v2\/product_brand?post=14789"},{"taxonomy":"product_cat","embeddable":true,"href":"https:\/\/butikhome.pl\/index.php\/wp-json\/wp\/v2\/product_cat?post=14789"},{"taxonomy":"product_tag","embeddable":true,"href":"https:\/\/butikhome.pl\/index.php\/wp-json\/wp\/v2\/product_tag?post=14789"}],"curies":[{"name":"wp","href":"https:\/\/api.w.org\/{rel}","templated":true}]}}