{"id":14793,"date":"2023-03-29T19:27:53","date_gmt":"2023-03-29T17:27:53","guid":{"rendered":"https:\/\/butikhome.pl\/index.php\/produkt\/rajstopy-doris\/"},"modified":"2023-05-24T13:36:58","modified_gmt":"2023-05-24T11:36:58","slug":"rajstopy-doris","status":"publish","type":"product","link":"https:\/\/butikhome.pl\/index.php\/produkt\/rajstopy-doris\/","title":{"rendered":"Rajstopy Doris"},"content":{"rendered":"<p>Klasyczne, bardzo cienkie rajstopy, kt\u00f3rych niemal nie dostrze\u017cesz na sobie. Elastyczne i mi\u0119kkie, wspaniale podkre\u015blaj\u0105 wygl\u0105d n\u00f3g, doskonale uzupe\u0142niaj\u0105c si\u0119 z garderob\u0105. Grubo\u015b\u0107 8 DEN.<\/p>\n<p>Rajstopy g\u0142adkie bez zaznaczonej cz\u0119\u015bci majteczkowej 8 DEN Trwalsza struktura. Bawe\u0142niany klin. Niewidocznie wzmocnione. Plaski szew.<\/p>\n","protected":false},"excerpt":{"rendered":"<p>Klasyczne, bardzo cienkie rajstopy, kt\u00f3rych niemal nie dostrze\u017cesz na sobie. Elastyczne i mi\u0119kkie, wspaniale podkre\u015blaj\u0105 wygl\u0105d n\u00f3g, doskonale uzupe\u0142niaj\u0105c si\u0119 z garderob\u0105. Grubo\u015b\u0107 8 DEN. Rajstopy g\u0142adkie bez zaznaczonej cz\u0119\u015bci majteczkowej 8 DEN Trwalsza struktura. Bawe\u0142niany klin. Niewidocznie wzmocnione. Plaski szew.<\/p>\n","protected":false},"featured_media":15175,"comment_status":"open","ping_status":"closed","template":"","meta":[],"product_brand":[],"product_cat":[24,628,41,40,39],"product_tag":[708,709,710,875,767,928,1002,1001,792,274,1005,1006,1003,769,1004],"class_list":{"0":"post-14793","1":"product","2":"type-product","3":"status-publish","4":"has-post-thumbnail","6":"product_cat-produkty","7":"product_cat-rajstopy-podkategoria-do-bielizny","8":"product_cat-l","9":"product_cat-m","10":"product_cat-s","11":"product_tag-2-s","12":"product_tag-3-m","13":"product_tag-4-l","14":"product_tag-bawelniany-klin","15":"product_tag-bez-zaznaczonej-czesci-majteczkowej","16":"product_tag-cienkie-rajstopy","17":"product_tag-elastyczne-i-miekkie","18":"product_tag-fiore-doris","19":"product_tag-grubosc-8-den","20":"product_tag-klasyczne","21":"product_tag-niewidoczne-wzmocnienia","22":"product_tag-plaski-szew","23":"product_tag-podkreslaja-wyglad-nog","24":"product_tag-rajstopy-damskie","25":"product_tag-trwalsza-struktura","27":"first","28":"instock","29":"taxable","30":"shipping-taxable","31":"purchasable","32":"product-type-simple"},"_links":{"self":[{"href":"https:\/\/butikhome.pl\/index.php\/wp-json\/wp\/v2\/product\/14793","targetHints":{"allow":["GET"]}}],"collection":[{"href":"https:\/\/butikhome.pl\/index.php\/wp-json\/wp\/v2\/product"}],"about":[{"href":"https:\/\/butikhome.pl\/index.php\/wp-json\/wp\/v2\/types\/product"}],"replies":[{"embeddable":true,"href":"https:\/\/butikhome.pl\/index.php\/wp-json\/wp\/v2\/comments?post=14793"}],"wp:featuredmedia":[{"embeddable":true,"href":"https:\/\/butikhome.pl\/index.php\/wp-json\/wp\/v2\/media\/15175"}],"wp:attachment":[{"href":"https:\/\/butikhome.pl\/index.php\/wp-json\/wp\/v2\/media?parent=14793"}],"wp:term":[{"taxonomy":"product_brand","embeddable":true,"href":"https:\/\/butikhome.pl\/index.php\/wp-json\/wp\/v2\/product_brand?post=14793"},{"taxonomy":"product_cat","embeddable":true,"href":"https:\/\/butikhome.pl\/index.php\/wp-json\/wp\/v2\/product_cat?post=14793"},{"taxonomy":"product_tag","embeddable":true,"href":"https:\/\/butikhome.pl\/index.php\/wp-json\/wp\/v2\/product_tag?post=14793"}],"curies":[{"name":"wp","href":"https:\/\/api.w.org\/{rel}","templated":true}]}}