{"id":14795,"date":"2023-03-29T19:27:56","date_gmt":"2023-03-29T17:27:56","guid":{"rendered":"https:\/\/butikhome.pl\/index.php\/produkt\/produkt-5101\/"},"modified":"2023-05-12T14:07:55","modified_gmt":"2023-05-12T12:07:55","slug":"produkt-5101","status":"publish","type":"product","link":"https:\/\/butikhome.pl\/index.php\/produkt\/produkt-5101\/","title":{"rendered":"RAJSTOPY FIORE NEO CLASSIC DORIS BLACK 8 DEN"},"content":{"rendered":"<ul>\n<li>Rajstopy gladkie bez zaznaczonej cz\u0119\u015bci majteczkowej 8 DEN Trwalsza struktura. Bawelniany klin. Niewidocznie wzmocnione. Plaski szew.<\/li>\n<\/ul>\n<div class=\"dictionary__param mb-4\" data-producer=\"true\">\n<div class=\"dictionary__name mr-1\"><strong><span class=\"dictionary__name_txt\">Marka: <\/span><\/strong><a class=\"dictionary__value_txt\" style=\"font-family: var(--global-body-font-family);\" title=\"Kliknij, by zobaczy\u0107 wszystkie produkty tej marki\" href=\"https:\/\/e-obuwniczy.pl\/firm-pol-1572004279-Fiore.html\">Fiore<\/a><\/div>\n<\/div>\n<div class=\"dictionary__param mb-4\" data-code=\"true\">\n<div class=\"dictionary__name mr-1\"><strong><span class=\"dictionary__name_txt\">Symbol: <\/span><\/strong><span style=\"font-family: var(--global-body-font-family);\">Neo Classic<\/span><\/div>\n<\/div>\n<div class=\"dictionary__param mb-4\">\n<div class=\"dictionary__name mr-1\"><strong><span class=\"dictionary__name_txt\">Kolor: <\/span><\/strong><span style=\"font-family: var(--global-body-font-family);\">Black (Czarne)<\/span><\/div>\n<\/div>\n<div class=\"dictionary__param mb-4\">\n<div class=\"dictionary__name mr-1\"><span class=\"dictionary__name_txt\"><strong>Grubo\u015b\u0107:<\/strong> (DEN) <\/span><span style=\"font-family: var(--global-body-font-family);\">8<\/span><\/div>\n<\/div>\n<div class=\"dictionary__param mb-4\">\n<div class=\"dictionary__name mr-1\"><strong><span class=\"dictionary__name_txt\">W\u0142a\u015bciwo\u015bci:<\/span><\/strong><\/div>\n<div class=\"dictionary__values\">\n<div class=\"dictionary__value\"><span class=\"dictionary__value_txt\">Niewidoczne wzmocnienie pi\u0119ty i palc\u00f3w<\/span><\/div>\n<div class=\"dictionary__value\"><span class=\"dictionary__value_txt\">P\u0142aski szew<\/span><\/div>\n<div class=\"dictionary__value\"><span class=\"dictionary__value_txt\">Bezmajtkowe<\/span><\/div>\n<\/div>\n<\/div>\n","protected":false},"excerpt":{"rendered":"<p>Rajstopy gladkie bez zaznaczonej cz\u0119\u015bci majteczkowej 8 DEN Trwalsza struktura. Bawelniany klin. Niewidocznie wzmocnione. Plaski szew. Marka: Fiore Symbol: Neo Classic Kolor: Black (Czarne) Grubo\u015b\u0107: (DEN) 8 W\u0142a\u015bciwo\u015bci: Niewidoczne wzmocnienie pi\u0119ty i palc\u00f3w P\u0142aski szew Bezmajtkowe<\/p>\n","protected":false},"featured_media":14851,"comment_status":"open","ping_status":"closed","template":"","meta":[],"product_brand":[],"product_cat":[29,24,628,41],"product_tag":[],"class_list":{"0":"post-14795","1":"product","2":"type-product","3":"status-publish","4":"has-post-thumbnail","6":"product_cat-bielizna","7":"product_cat-produkty","8":"product_cat-rajstopy-podkategoria-do-bielizny","9":"product_cat-l","11":"first","12":"instock","13":"taxable","14":"shipping-taxable","15":"purchasable","16":"product-type-simple"},"_links":{"self":[{"href":"https:\/\/butikhome.pl\/index.php\/wp-json\/wp\/v2\/product\/14795","targetHints":{"allow":["GET"]}}],"collection":[{"href":"https:\/\/butikhome.pl\/index.php\/wp-json\/wp\/v2\/product"}],"about":[{"href":"https:\/\/butikhome.pl\/index.php\/wp-json\/wp\/v2\/types\/product"}],"replies":[{"embeddable":true,"href":"https:\/\/butikhome.pl\/index.php\/wp-json\/wp\/v2\/comments?post=14795"}],"wp:featuredmedia":[{"embeddable":true,"href":"https:\/\/butikhome.pl\/index.php\/wp-json\/wp\/v2\/media\/14851"}],"wp:attachment":[{"href":"https:\/\/butikhome.pl\/index.php\/wp-json\/wp\/v2\/media?parent=14795"}],"wp:term":[{"taxonomy":"product_brand","embeddable":true,"href":"https:\/\/butikhome.pl\/index.php\/wp-json\/wp\/v2\/product_brand?post=14795"},{"taxonomy":"product_cat","embeddable":true,"href":"https:\/\/butikhome.pl\/index.php\/wp-json\/wp\/v2\/product_cat?post=14795"},{"taxonomy":"product_tag","embeddable":true,"href":"https:\/\/butikhome.pl\/index.php\/wp-json\/wp\/v2\/product_tag?post=14795"}],"curies":[{"name":"wp","href":"https:\/\/api.w.org\/{rel}","templated":true}]}}